{"id":31308,"date":"2025-06-12T09:20:28","date_gmt":"2025-06-12T07:20:28","guid":{"rendered":"https:\/\/lunex.lu\/?page_id=31308"},"modified":"2025-06-12T09:23:04","modified_gmt":"2025-06-12T07:23:04","slug":"candidature","status":"publish","type":"page","link":"https:\/\/lunex.lu\/fr\/candidature\/","title":{"rendered":"Candidature en ligne"},"content":{"rendered":"<div class=\"wpb-content-wrapper\"><p>[vc_row][vc_column width=\u00a0\u00bb1\/2&Prime;][vc_empty_space height=\u00a0\u00bb100px\u00a0\u00bb mobile_height=\u00a0\u00bb50px\u00a0\u00bb][vc_single_image image=\u00a0\u00bb31908&Prime; el_class=\u00a0\u00bbmain title\u00a0\u00bb][vc_empty_space height=\u00a0\u00bb5px\u00a0\u00bb mobile_height=\u00a0\u00bb50px\u00a0\u00bb][vc_column_text el_class=\u00a0\u00bbmaintext\u00a0\u00bb]<\/p>\n<div class=\"ewa-rteLine\" style=\"text-align: left;\">\n<p>Nous sommes heureux que vous ayez choisi de vous inscrire \u00e0 LUNEX University of Applied Sciences (\u00c9tablissement d\u2019Enseignement Sup\u00e9rieur Sp\u00e9cialis\u00e9). Vous n&rsquo;\u00eates plus qu&rsquo;\u00e0 quelques minutes de commencer votre cursus chez nous !<\/p>\n<p><a href=\"https:\/\/lunex.lu\/fr\/candidature\/#formulaire\">Remplissez le formulaire ci-dessous<\/a> pour vous inscrire \u00e0 l&rsquo;un de nos programmes d&rsquo;\u00e9tudes. Nous sommes impatients de vous accueillir sur notre campus !<\/p>\n<\/div>\n<p>[\/vc_column_text][dhsv_vc_button title=\u00a0\u00bbVoir les \u00e9tapes de candidature\u00a0\u00bb link=\u00a0\u00bburl:https%3A%2F%2Flunex.lu%2Ffr%2Fcandidature%2F%23processus|title:Processus%20de%20candidature\u00a0\u00bb type=\u00a0\u00bboutline-secondary\u00a0\u00bb alignment=\u00a0\u00bbleft\u00a0\u00bb][\/vc_column][vc_column width=\u00a0\u00bb1\/2&Prime; offset=\u00a0\u00bbvc_hidden-md vc_hidden-sm vc_hidden-xs\u00a0\u00bb][vc_empty_space height=\u00a0\u00bb100px\u00a0\u00bb mobile_height=\u00a0\u00bb50px\u00a0\u00bb][vc_single_image image=\u00a0\u00bb31439&Prime;][\/vc_column][\/vc_row][vc_section][vc_row el_id=\u00a0\u00bbformulaire\u00a0\u00bb][vc_column][vc_empty_space height=\u00a0\u00bb50px\u00a0\u00bb mobile_height=\u00a0\u00bb50px\u00a0\u00bb][dhsv_vc_formular form=\u00a0\u00bbApplicationForm\u00a0\u00bb][vc_empty_space height=\u00a0\u00bb50px\u00a0\u00bb][\/vc_column][\/vc_row][\/vc_section][vc_section][vc_row el_id=\u00a0\u00bbprocessus\u00a0\u00bb][vc_column][vc_column_text]<\/p>\n<h2 style=\"text-align: center;\"><span class=\"text-display text-primary\">\u00c9tapes de Candidature<\/span><\/h2>\n<p>[\/vc_column_text][\/vc_column][\/vc_row][vc_row][vc_column][vc_column_text el_class=\u00a0\u00bbintroduction\u00a0\u00bb]<\/p>\n<p style=\"text-align: center;\"><strong><span class=\"_fadeIn_m1hgl_8\">\u00c0 <\/span><span class=\"_fadeIn_m1hgl_8\">LUNEX, <\/span><span class=\"_fadeIn_m1hgl_8\">votre <\/span><span class=\"_fadeIn_m1hgl_8\">r\u00e9ussite <\/span><span class=\"_fadeIn_m1hgl_8\">nous <\/span><span class=\"_fadeIn_m1hgl_8\">tient <\/span><span class=\"_fadeIn_m1hgl_8\">\u00e0 <\/span><span class=\"_fadeIn_m1hgl_8\">c\u0153ur <\/span><span class=\"_fadeIn_m1hgl_8\">\u00e0 <\/span><span class=\"_fadeIn_m1hgl_8\">chaque <\/span><span class=\"_fadeIn_m1hgl_8\">\u00e9tape.<\/span><\/strong><br data-start=\"141\" data-end=\"144\" \/><span class=\"_fadeIn_m1hgl_8\">Voici <\/span><span class=\"_fadeIn_m1hgl_8\">ce <\/span><span class=\"_fadeIn_m1hgl_8\">\u00e0 <\/span><span class=\"_fadeIn_m1hgl_8\">quoi <\/span><span class=\"_fadeIn_m1hgl_8\">vous <\/span><span class=\"_fadeIn_m1hgl_8\">pouvez <\/span><span class=\"_fadeIn_m1hgl_8\">vous <\/span><span class=\"_fadeIn_m1hgl_8\">attendre <\/span><span class=\"_fadeIn_m1hgl_8\">tout <\/span><span class=\"_fadeIn_m1hgl_8\">au <\/span><span class=\"_fadeIn_m1hgl_8\">long <\/span><span class=\"_fadeIn_m1hgl_8\">de <\/span><span class=\"_fadeIn_m1hgl_8\">votre <\/span><span class=\"_fadeIn_m1hgl_8\">processus <\/span><span class=\"_fadeIn_m1hgl_8\">de <\/span><span class=\"_fadeIn_m1hgl_8\">candidature :<\/span><\/p>\n<p>[\/vc_column_text][vc_empty_space height=\u00a0\u00bb10px\u00a0\u00bb][\/vc_column][\/vc_row][vc_row][vc_column width=\u00a0\u00bb1\/2&Prime;][vc_single_image image=\u00a0\u00bb31896&Prime; el_class=\u00a0\u00bbchapter1&Prime;][vc_column_text el_class=\u00a0\u00bbtextchapter1&Prime;]<span class=\"_fadeIn_m1hgl_8\">Remplissez <\/span><span class=\"_fadeIn_m1hgl_8\">les <\/span><span class=\"_fadeIn_m1hgl_8\">informations <\/span><span class=\"_fadeIn_m1hgl_8\">de <\/span><span class=\"_fadeIn_m1hgl_8\">base <\/span><span class=\"_fadeIn_m1hgl_8\">pour <\/span><span class=\"_fadeIn_m1hgl_8\">commencer <\/span><span class=\"_fadeIn_m1hgl_8\">votre <\/span><span class=\"_fadeIn_m1hgl_8\">candidature.<\/span>[\/vc_column_text][\/vc_column][vc_column width=\u00a0\u00bb1\/2&Prime;][vc_single_image image=\u00a0\u00bb31343&Prime; el_class=\u00a0\u00bbimagechapter1&Prime;][vc_empty_space height=\u00a0\u00bb50px\u00a0\u00bb][\/vc_column][\/vc_row][vc_row][vc_column width=\u00a0\u00bb1\/2&Prime;][vc_single_image image=\u00a0\u00bb31899&Prime; el_class=\u00a0\u00bbchapter2&Prime;][vc_column_text el_class=\u00a0\u00bbtextchapter2&Prime;]<span class=\"_fadeIn_m1hgl_8\">Une <\/span><span class=\"_fadeIn_m1hgl_8\">fois <\/span><span class=\"_fadeIn_m1hgl_8\">le <\/span><span class=\"_fadeIn_m1hgl_8\">formulaire <\/span><span class=\"_fadeIn_m1hgl_8\">soumis, <\/span><span class=\"_fadeIn_m1hgl_8\">vous <\/span><span class=\"_fadeIn_m1hgl_8\">serez <\/span><span class=\"_fadeIn_m1hgl_8\">invit\u00e9(<\/span><span class=\"_fadeIn_m1hgl_8\">e) <\/span><span class=\"_fadeIn_m1hgl_8\">\u00e0 <\/span><span class=\"_fadeIn_m1hgl_8\">t\u00e9l\u00e9charger <\/span><span class=\"_fadeIn_m1hgl_8\">les <\/span><span class=\"_fadeIn_m1hgl_8\">documents <\/span><span class=\"_fadeIn_m1hgl_8\">n\u00e9cessaires <\/span><span class=\"_fadeIn_m1hgl_8\">\u00e0 <\/span><span class=\"_fadeIn_m1hgl_8\">l\u2019admission.<\/span>[\/vc_column_text][\/vc_column][vc_column width=\u00a0\u00bb1\/2&Prime;][vc_single_image image=\u00a0\u00bb31346&Prime; el_class=\u00a0\u00bbimagechapter2&Prime;][vc_empty_space height=\u00a0\u00bb50px\u00a0\u00bb][\/vc_column][\/vc_row][\/vc_section][vc_row][vc_column width=\u00a0\u00bb1\/2&Prime;][vc_single_image image=\u00a0\u00bb31902&Prime; el_class=\u00a0\u00bbchapter3&Prime;][vc_column_text el_class=\u00a0\u00bbtextchapter3&Prime;]<span class=\"_fadeIn_m1hgl_8\">Le <\/span><span class=\"_fadeIn_m1hgl_8\">cas <\/span><span class=\"_fadeIn_m1hgl_8\">\u00e9ch\u00e9ant, <\/span><span class=\"_fadeIn_m1hgl_8\">vous <\/span><span class=\"_fadeIn_m1hgl_8\">serez <\/span><span class=\"_fadeIn_m1hgl_8\">convi\u00e9(<\/span><span class=\"_fadeIn_m1hgl_8\">e) <\/span><span class=\"_fadeIn_m1hgl_8\">\u00e0 l&rsquo;<\/span><span class=\"_fadeIn_m1hgl_8\">une de nos journ\u00e9es d&rsquo;inscription (<\/span><em data-start=\"274\" data-end=\"291\"><span class=\"_fadeIn_m1hgl_8\">Application <\/span><span class=\"_fadeIn_m1hgl_8\">Day)<\/span><\/em><span class=\"_fadeIn_m1hgl_8\">, <\/span><span class=\"_fadeIn_m1hgl_8\">durant <\/span><span class=\"_fadeIn_m1hgl_8\">laquelle <\/span><span class=\"_fadeIn_m1hgl_8\">vous <\/span><span class=\"_fadeIn_m1hgl_8\">passerez <\/span><span class=\"_fadeIn_m1hgl_8\">un <\/span><span class=\"_fadeIn_m1hgl_8\">test <\/span><span class=\"_fadeIn_m1hgl_8\">de <\/span><span class=\"_fadeIn_m1hgl_8\">langue <\/span><span class=\"_fadeIn_m1hgl_8\">et\/<\/span><span class=\"_fadeIn_m1hgl_8\">ou <\/span><span class=\"_fadeIn_m1hgl_8\">de <\/span><span class=\"_fadeIn_m1hgl_8\">sciences.<\/span>[\/vc_column_text][\/vc_column][vc_column width=\u00a0\u00bb1\/2&Prime;][vc_single_image image=\u00a0\u00bb31397&Prime; el_class=\u00a0\u00bbimagechapter3&Prime;][vc_empty_space height=\u00a0\u00bb50px\u00a0\u00bb][\/vc_column][\/vc_row][vc_row][vc_column width=\u00a0\u00bb1\/2&Prime;][vc_single_image image=\u00a0\u00bb31905&Prime; el_class=\u00a0\u00bbchapter4&Prime;][vc_column_text el_class=\u00a0\u00bbtextchapter4&Prime;]<span class=\"_fadeIn_m1hgl_8\">Une <\/span><span class=\"_fadeIn_m1hgl_8\">fois <\/span><span class=\"_fadeIn_m1hgl_8\">votre <\/span><span class=\"_fadeIn_m1hgl_8\">candidature <\/span><span class=\"_fadeIn_m1hgl_8\">approuv\u00e9e, <\/span><span class=\"_fadeIn_m1hgl_8\">vous <\/span><span class=\"_fadeIn_m1hgl_8\">pourrez <\/span><span class=\"_fadeIn_m1hgl_8\">r\u00e9server <\/span><span class=\"_fadeIn_m1hgl_8\">votre <\/span><span class=\"_fadeIn_m1hgl_8\">place <\/span><span class=\"_fadeIn_m1hgl_8\">\u00e0 <\/span><span class=\"_fadeIn_m1hgl_8\">LUNEX <\/span><span class=\"_fadeIn_m1hgl_8\">en <\/span><span class=\"_fadeIn_m1hgl_8\">signant <\/span><span class=\"_fadeIn_m1hgl_8\">votre <\/span><span class=\"_fadeIn_m1hgl_8\">contrat <\/span><span class=\"_fadeIn_m1hgl_8\">d\u2019\u00e9tudes.<\/span>[\/vc_column_text][vc_empty_space height=\u00a0\u00bb20px\u00a0\u00bb][vc_column_text]<\/p>\n<p style=\"font-weight: 400;\"><em>Apr\u00e8s avoir compl\u00e9t\u00e9 le formulaire, notre \u00e9quipe du service des admissions vous contactera pour vous accompagner personnellement dans les prochaines \u00e9tapes. Nous sommes l\u00e0 pour r\u00e9pondre \u00e0 toutes vos questions et vous soutenir tout au long du processus !<\/em><\/p>\n<p style=\"font-weight: 400;\"><em>Vous pouvez nous contacter via :<\/em><br \/>\n<em>E-mail: <a href=\"mailto:study@lunex.lu\">study@lunex.lu<\/a><\/em><br \/>\n<em>T\u00e9l.: <a href=\"tel:+352 288494-40\">+352 288 494-40<\/a><\/em><\/p>\n<p>[\/vc_column_text][dhsv_vc_button title=\u00a0\u00bbSoumettez votre candidature\u00a0\u00bb link=\u00a0\u00bburl:https%3A%2F%2Flunex.lu%2Ffr%2Fcandidature%2F%23formulaire|title:Soumettez%20votre%20candidature\u00a0\u00bb type=\u00a0\u00bbprimary\u00a0\u00bb][\/vc_column][vc_column width=\u00a0\u00bb1\/2&Prime;][vc_single_image image=\u00a0\u00bb31352&Prime; el_class=\u00a0\u00bbimagechapter4&Prime;][vc_empty_space height=\u00a0\u00bb50px\u00a0\u00bb][\/vc_column][\/vc_row][vc_row][vc_column][vc_empty_space height=\u00a0\u00bb100px\u00a0\u00bb][\/vc_column][\/vc_row]<\/p>\n<\/div>","protected":false},"excerpt":{"rendered":"<p>[vc_row][vc_column width=\u00a0\u00bb1\/2&Prime;][vc_empty_space height=\u00a0\u00bb100px\u00a0\u00bb mobile_height=\u00a0\u00bb50px\u00a0\u00bb][vc_single_image image=\u00a0\u00bb31908&Prime; el_class=\u00a0\u00bbmain title\u00a0\u00bb][vc_empty_space height=\u00a0\u00bb5px\u00a0\u00bb mobile_height=\u00a0\u00bb50px\u00a0\u00bb][vc_column_text el_class=\u00a0\u00bbmaintext\u00a0\u00bb] Nous sommes heureux que vous ayez choisi de vous inscrire \u00e0 LUNEX University of Applied Sciences (\u00c9tablissement d\u2019Enseignement Sup\u00e9rieur Sp\u00e9cialis\u00e9). Vous n&rsquo;\u00eates plus qu&rsquo;\u00e0 quelques minutes de commencer votre cursus chez nous ! Remplissez le formulaire ci-dessous pour vous inscrire \u00e0 l&rsquo;un de nos programmes &hellip;<\/p>\n","protected":false},"author":75,"featured_media":0,"parent":0,"menu_order":194,"comment_status":"closed","ping_status":"closed","template":"","meta":{"_acf_changed":false,"footnotes":""},"class_list":["post-31308","page","type-page","status-publish","hentry"],"acf":[],"yoast_head":"<!-- This site is optimized with the Yoast SEO plugin v27.5 - https:\/\/yoast.com\/product\/yoast-seo-wordpress\/ -->\n<title>Candidature en ligne | LUNEX<\/title>\n<meta name=\"description\" content=\"On your marks, get set, go: Apply online for a degree at LUNEX in Luxembourg. \u2705 international \u2705 flexible \u2705 practice-oriented\" \/>\n<meta name=\"robots\" content=\"noindex, nofollow\" \/>\n<meta property=\"og:locale\" content=\"fr_FR\" \/>\n<meta property=\"og:type\" content=\"article\" \/>\n<meta property=\"og:title\" content=\"Candidature en ligne | LUNEX\" \/>\n<meta property=\"og:description\" content=\"On your marks, get set, go: Apply online for a degree at LUNEX in Luxembourg. \u2705 international \u2705 flexible \u2705 practice-oriented\" \/>\n<meta property=\"og:url\" content=\"https:\/\/lunex.lu\/fr\/candidature\/\" \/>\n<meta property=\"og:site_name\" content=\"LUNEX\" \/>\n<meta property=\"article:modified_time\" content=\"2025-06-12T07:23:04+00:00\" \/>\n<meta name=\"twitter:card\" content=\"summary_large_image\" \/>\n<meta name=\"twitter:label1\" content=\"Dur\u00e9e de lecture estim\u00e9e\" \/>\n\t<meta name=\"twitter:data1\" content=\"2 minutes\" \/>\n<script type=\"application\/ld+json\" class=\"yoast-schema-graph\">{\"@context\":\"https:\\\/\\\/schema.org\",\"@graph\":[{\"@type\":\"WebPage\",\"@id\":\"https:\\\/\\\/lunex.lu\\\/fr\\\/candidature\\\/\",\"url\":\"https:\\\/\\\/lunex.lu\\\/fr\\\/candidature\\\/\",\"name\":\"Candidature en ligne | LUNEX\",\"isPartOf\":{\"@id\":\"https:\\\/\\\/lunex.lu\\\/fr\\\/#website\"},\"datePublished\":\"2025-06-12T07:20:28+00:00\",\"dateModified\":\"2025-06-12T07:23:04+00:00\",\"description\":\"On your marks, get set, go: Apply online for a degree at LUNEX in Luxembourg. \u2705 international \u2705 flexible \u2705 practice-oriented\",\"breadcrumb\":{\"@id\":\"https:\\\/\\\/lunex.lu\\\/fr\\\/candidature\\\/#breadcrumb\"},\"inLanguage\":\"fr-FR\",\"potentialAction\":[{\"@type\":\"ReadAction\",\"target\":[\"https:\\\/\\\/lunex.lu\\\/fr\\\/candidature\\\/\"]}]},{\"@type\":\"BreadcrumbList\",\"@id\":\"https:\\\/\\\/lunex.lu\\\/fr\\\/candidature\\\/#breadcrumb\",\"itemListElement\":[{\"@type\":\"ListItem\",\"position\":1,\"name\":\"Home\",\"item\":\"https:\\\/\\\/lunex.lu\\\/fr\\\/\"},{\"@type\":\"ListItem\",\"position\":2,\"name\":\"Candidature en ligne\"}]},{\"@type\":\"WebSite\",\"@id\":\"https:\\\/\\\/lunex.lu\\\/fr\\\/#website\",\"url\":\"https:\\\/\\\/lunex.lu\\\/fr\\\/\",\"name\":\"LUNEX\",\"description\":\"International University of Health, Exercise &amp; Sports\",\"publisher\":{\"@id\":\"https:\\\/\\\/lunex.lu\\\/fr\\\/#organization\"},\"potentialAction\":[{\"@type\":\"SearchAction\",\"target\":{\"@type\":\"EntryPoint\",\"urlTemplate\":\"https:\\\/\\\/lunex.lu\\\/fr\\\/?s={search_term_string}\"},\"query-input\":{\"@type\":\"PropertyValueSpecification\",\"valueRequired\":true,\"valueName\":\"search_term_string\"}}],\"inLanguage\":\"fr-FR\"},{\"@type\":\"Organization\",\"@id\":\"https:\\\/\\\/lunex.lu\\\/fr\\\/#organization\",\"name\":\"LUNEX University\",\"url\":\"https:\\\/\\\/lunex.lu\\\/fr\\\/\",\"logo\":{\"@type\":\"ImageObject\",\"inLanguage\":\"fr-FR\",\"@id\":\"https:\\\/\\\/lunex.lu\\\/fr\\\/#\\\/schema\\\/logo\\\/image\\\/\",\"url\":\"https:\\\/\\\/lunex.lu\\\/wp-content\\\/uploads\\\/logo-mobile.svg\",\"contentUrl\":\"https:\\\/\\\/lunex.lu\\\/wp-content\\\/uploads\\\/logo-mobile.svg\",\"width\":1,\"height\":1,\"caption\":\"LUNEX University\"},\"image\":{\"@id\":\"https:\\\/\\\/lunex.lu\\\/fr\\\/#\\\/schema\\\/logo\\\/image\\\/\"}}]}<\/script>\n<!-- \/ Yoast SEO plugin. -->","yoast_head_json":{"title":"Candidature en ligne | LUNEX","description":"On your marks, get set, go: Apply online for a degree at LUNEX in Luxembourg. \u2705 international \u2705 flexible \u2705 practice-oriented","robots":{"index":"noindex","follow":"nofollow"},"og_locale":"fr_FR","og_type":"article","og_title":"Candidature en ligne | LUNEX","og_description":"On your marks, get set, go: Apply online for a degree at LUNEX in Luxembourg. \u2705 international \u2705 flexible \u2705 practice-oriented","og_url":"https:\/\/lunex.lu\/fr\/candidature\/","og_site_name":"LUNEX","article_modified_time":"2025-06-12T07:23:04+00:00","twitter_card":"summary_large_image","twitter_misc":{"Dur\u00e9e de lecture estim\u00e9e":"2 minutes"},"schema":{"@context":"https:\/\/schema.org","@graph":[{"@type":"WebPage","@id":"https:\/\/lunex.lu\/fr\/candidature\/","url":"https:\/\/lunex.lu\/fr\/candidature\/","name":"Candidature en ligne | LUNEX","isPartOf":{"@id":"https:\/\/lunex.lu\/fr\/#website"},"datePublished":"2025-06-12T07:20:28+00:00","dateModified":"2025-06-12T07:23:04+00:00","description":"On your marks, get set, go: Apply online for a degree at LUNEX in Luxembourg. \u2705 international \u2705 flexible \u2705 practice-oriented","breadcrumb":{"@id":"https:\/\/lunex.lu\/fr\/candidature\/#breadcrumb"},"inLanguage":"fr-FR","potentialAction":[{"@type":"ReadAction","target":["https:\/\/lunex.lu\/fr\/candidature\/"]}]},{"@type":"BreadcrumbList","@id":"https:\/\/lunex.lu\/fr\/candidature\/#breadcrumb","itemListElement":[{"@type":"ListItem","position":1,"name":"Home","item":"https:\/\/lunex.lu\/fr\/"},{"@type":"ListItem","position":2,"name":"Candidature en ligne"}]},{"@type":"WebSite","@id":"https:\/\/lunex.lu\/fr\/#website","url":"https:\/\/lunex.lu\/fr\/","name":"LUNEX","description":"International University of Health, Exercise &amp; Sports","publisher":{"@id":"https:\/\/lunex.lu\/fr\/#organization"},"potentialAction":[{"@type":"SearchAction","target":{"@type":"EntryPoint","urlTemplate":"https:\/\/lunex.lu\/fr\/?s={search_term_string}"},"query-input":{"@type":"PropertyValueSpecification","valueRequired":true,"valueName":"search_term_string"}}],"inLanguage":"fr-FR"},{"@type":"Organization","@id":"https:\/\/lunex.lu\/fr\/#organization","name":"LUNEX University","url":"https:\/\/lunex.lu\/fr\/","logo":{"@type":"ImageObject","inLanguage":"fr-FR","@id":"https:\/\/lunex.lu\/fr\/#\/schema\/logo\/image\/","url":"https:\/\/lunex.lu\/wp-content\/uploads\/logo-mobile.svg","contentUrl":"https:\/\/lunex.lu\/wp-content\/uploads\/logo-mobile.svg","width":1,"height":1,"caption":"LUNEX University"},"image":{"@id":"https:\/\/lunex.lu\/fr\/#\/schema\/logo\/image\/"}}]}},"_links":{"self":[{"href":"https:\/\/lunex.lu\/fr\/wp-json\/wp\/v2\/pages\/31308","targetHints":{"allow":["GET"]}}],"collection":[{"href":"https:\/\/lunex.lu\/fr\/wp-json\/wp\/v2\/pages"}],"about":[{"href":"https:\/\/lunex.lu\/fr\/wp-json\/wp\/v2\/types\/page"}],"author":[{"embeddable":true,"href":"https:\/\/lunex.lu\/fr\/wp-json\/wp\/v2\/users\/75"}],"replies":[{"embeddable":true,"href":"https:\/\/lunex.lu\/fr\/wp-json\/wp\/v2\/comments?post=31308"}],"version-history":[{"count":5,"href":"https:\/\/lunex.lu\/fr\/wp-json\/wp\/v2\/pages\/31308\/revisions"}],"predecessor-version":[{"id":31940,"href":"https:\/\/lunex.lu\/fr\/wp-json\/wp\/v2\/pages\/31308\/revisions\/31940"}],"wp:attachment":[{"href":"https:\/\/lunex.lu\/fr\/wp-json\/wp\/v2\/media?parent=31308"}],"curies":[{"name":"wp","href":"https:\/\/api.w.org\/{rel}","templated":true}]}}