{"id":2524,"date":"2020-01-21T15:39:24","date_gmt":"2020-01-21T14:39:24","guid":{"rendered":"https:\/\/lunex.lu\/informationen-fuer-internationale-studierende\/"},"modified":"2024-08-06T10:39:30","modified_gmt":"2024-08-06T08:39:30","slug":"informations-a-lintention-des-etudiants-etrangers","status":"publish","type":"page","link":"https:\/\/lunex.lu\/fr\/aide-contact\/informations-a-lintention-des-etudiants-etrangers\/","title":{"rendered":"Informations \u00e0 l&rsquo;intention des \u00e9tudiants \u00e9trangers"},"content":{"rendered":"<div class=\"wpb-content-wrapper\"><p>[vc_section][vc_row][vc_column][vc_empty_space height=\u00a0\u00bb100px\u00a0\u00bb mobile_height=\u00a0\u00bb50px\u00a0\u00bb][dhsv_vc_intro links=\u00a0\u00bb%5B%7B%22link%22%3A%22url%3Ahttps%253A%252F%252Fwww.lunex.lu%252Ffr%252Fetude-apercu%252Finternationalisation%252F%7Ctitle%3AInternationalisation%7C%7C%22%7D%2C%7B%22link%22%3A%22url%3Ahttps%253A%252F%252Fwww.lunex.lu%252Ffr%252Fcampus%252Fse-loger-et-vivre%252Fque-propose-le-luxembourg%252F%7Ctitle%3AQue%2520propose%2520le%2520Luxembourg%2520%253F%7C%7C%22%7D%2C%7B%22link%22%3A%22url%3Ahttps%253A%252F%252Fwww.lunex.lu%252Ffr%252Fetude-apercu%252Ferasmus%252F%7Ctitle%3AErasmus%252B%7C%7C%22%7D%2C%7B%22link%22%3A%22url%3Ahttps%253A%252F%252Fwww.lunex.lu%252Ffr%252Fcandidature%252F%7Ctitle%3ACandidature%7C%7C%22%7D%5D\u00a0\u00bb image=\u00a0\u00bb29377&Prime;]<\/p>\n<h1><span class=\"text-primary text-display\">Bienvenue au Luxembourg :<\/span><br \/>\nInformations \u00e0 l&rsquo;intention des \u00e9tudiants \u00e9trangers<\/h1>\n<p class=\"big\">Vous pr\u00e9voyez un s\u00e9jour \u00e0 l&rsquo;\u00e9tranger et souhaitez \u00e9tudier \u00e0 LUNEX ? Notre bureau international se tient \u00e0 votre disposition pour vous aider et vous conseiller. Nous pouvons vous conseiller concernant le d\u00e9p\u00f4t de votre candidature et vous indiquer comment r\u00e9gler facilement les d\u00e9marches et formalit\u00e9s n\u00e9cessaires.<\/p>\n<p>[\/dhsv_vc_intro][vc_empty_space height=\u00a0\u00bb100px\u00a0\u00bb mobile_height=\u00a0\u00bb0&Prime;][\/vc_column][\/vc_row][vc_row][vc_column width=\u00a0\u00bb2\/3&Prime;][vc_column_text]<\/p>\n<h2>Visa et permis de s\u00e9jour<\/h2>\n<p>Contrairement aux citoyens de l&rsquo;Union europ\u00e9enne, les citoyens non europ\u00e9ens doivent effectuer une demande de visa ou de permis de s\u00e9jour pour s&rsquo;installer au Luxembourg pendant une p\u00e9riode de plus de trois mois.<\/p>\n<p>Pr\u00e9alablement \u00e0 la demande de visa, vous devez avoir re\u00e7u une r\u00e9ponse favorable \u00e0 votre demande d&rsquo;inscription en tant qu&rsquo;\u00e9tudiant. Apr\u00e8s v\u00e9rification de votre dossier et votre admission officielle, nous vous enverrons un\u00a0\u00ab\u00a0Certificate of Acceptance\u00a0\u00bb (certificat d&rsquo;acceptation) ainsi que votre \u00ab\u00a0Study Agreement\u00a0\u00bb (convention d&rsquo;\u00e9tudes). Vous recevrez \u00e9galement une \u00ab\u00a0Letter of Admission\u00a0\u00bb (lettre d&rsquo;admission). Cette lettre d&rsquo;admission vous permet de demander votre visa d&rsquo;\u00e9tudiant ou votre permis de s\u00e9jour pour le Grand-Duch\u00e9 de Luxembourg aupr\u00e8s de l&rsquo;Ambassade du Luxembourg :<\/p>\n<p>Minist\u00e8re des Affaires \u00e9trang\u00e8res et europ\u00e9ennes<br \/>\nDirection de l&rsquo;Immigration et de l\u2019Asile<br \/>\n26, route d\u2019Arlon<br \/>\nL-1140 Luxembourg<\/p>\n<p>Adresse postale :<br \/>\nB.P. 752<br \/>\nL-2017 Luxembourg<\/p>\n<p>Toutes les informations concernant la proc\u00e9dure de demande de visa \u00e9tudiant (pour les s\u00e9jours de plus de trois mois) sont disponibles sur le\u00a0<a href=\"https:\/\/guichet.public.lu\/fr\/citoyens\/immigration\/plus-3-mois\/ressortissant-tiers\/etudiant\/etudiant-pays-tiers.html\" target=\"_blank\" rel=\"noopener noreferrer\" data-gc-link=\"https:\/\/guichet.public.lu\/en\/citoyens\/immigration\/plus-3-mois\/ressortissant-tiers\/etudiant\/etudiant-pays-tiers.html\">site du minist\u00e8re des Affaires \u00e9trang\u00e8res et de l&rsquo;Immigration<\/a>\u00a0(lien).<\/p>\n<p>&nbsp;<\/p>\n<h3>Documents requis<\/h3>\n<ul>\n<li data-gc-list-depth=\"1\" data-gc-list-style=\"bullet\">Une copie int\u00e9grale du passeport en cours de validit\u00e9<\/li>\n<li data-gc-list-depth=\"1\" data-gc-list-style=\"bullet\">L&rsquo;acte de naissance<\/li>\n<li data-gc-list-depth=\"1\" data-gc-list-style=\"bullet\">Le cas \u00e9ch\u00e9ant, une copie du permis de s\u00e9jour d\u00e9livr\u00e9 par un autre \u00c9tat membre de l&rsquo;UE si le demandeur vit d\u00e9j\u00e0 dans l&rsquo;espace Schengen<\/li>\n<li data-gc-list-depth=\"1\" data-gc-list-style=\"bullet\">Un extrait du casier judiciaire du demandeur ou une d\u00e9claration sous serment (si aucun extrait de casier judiciaire ne peut \u00eatre d\u00e9livr\u00e9) du pays de r\u00e9sidence<\/li>\n<li data-gc-list-depth=\"1\" data-gc-list-style=\"bullet\">Une preuve d&rsquo;admission dans un \u00e9tablissement d&rsquo;enseignement sup\u00e9rieur au Luxembourg (LUNEX en l&rsquo;occurrence)<\/li>\n<li data-gc-list-depth=\"1\" data-gc-list-style=\"bullet\">La pr\u00e9sentation de justificatifs de moyens financiers suffisants pour couvrir les frais du s\u00e9jour et du voyage de retour. Les ressources mensuelles minimales requises s&rsquo;\u00e9l\u00e8vent \u00e0 1 161,60 euros hors frais de scolarit\u00e9. Liste des justificatifs valables :<\/li>\n<\/ul>\n<p style=\"padding-left: 40px;\">1. une attestation originale de bourse ou de pr\u00eat \u00e9tudiant indiquant le montant et la dur\u00e9e ou<\/p>\n<p style=\"padding-left: 40px;\">2. une attestation bancaire et un relev\u00e9 bancaire des six derniers mois prouvant que&#8230;<\/p>\n<p style=\"padding-left: 40px;\">&#8230; vous disposez des ressources n\u00e9cessaires, <strong>ou<\/strong><\/p>\n<p style=\"padding-left: 40px;\">&#8230; vos parents sont solvables et en mesure de payer les frais de votre s\u00e9jour, y compris les frais de scolarit\u00e9 et les frais m\u00e9dicaux pendant au moins un an (douze mois), ainsi que les frais de votre voyage de retour<\/p>\n<p>[\/vc_column_text][vc_empty_space height=\u00a0\u00bb100px\u00a0\u00bb][\/vc_column][vc_column width=\u00a0\u00bb1\/3&Prime;][\/vc_column][\/vc_row][vc_row][vc_column][vc_column_text]<\/p>\n<h2>Foire Aux Questions \u2013 FAQ<\/h2>\n<p>[\/vc_column_text][dhsv_vc_faq_accordion term_id=\u00a0\u00bb154&Prime;][\/vc_column][\/vc_row][\/vc_section][vc_section full_width=\u00a0\u00bbstretch_row_content\u00a0\u00bb][vc_row][vc_column][dhsv_vc_template_element template_id=\u00a0\u00bb1955&Prime;][\/vc_column][\/vc_row][\/vc_section]<\/p>\n<\/div>","protected":false},"excerpt":{"rendered":"<p>[vc_section][vc_row][vc_column][vc_empty_space height=\u00a0\u00bb100px\u00a0\u00bb mobile_height=\u00a0\u00bb50px\u00a0\u00bb][dhsv_vc_intro links=\u00a0\u00bb%5B%7B%22link%22%3A%22url%3Ahttps%253A%252F%252Fwww.lunex.lu%252Ffr%252Fetude-apercu%252Finternationalisation%252F%7Ctitle%3AInternationalisation%7C%7C%22%7D%2C%7B%22link%22%3A%22url%3Ahttps%253A%252F%252Fwww.lunex.lu%252Ffr%252Fcampus%252Fse-loger-et-vivre%252Fque-propose-le-luxembourg%252F%7Ctitle%3AQue%2520propose%2520le%2520Luxembourg%2520%253F%7C%7C%22%7D%2C%7B%22link%22%3A%22url%3Ahttps%253A%252F%252Fwww.lunex.lu%252Ffr%252Fetude-apercu%252Ferasmus%252F%7Ctitle%3AErasmus%252B%7C%7C%22%7D%2C%7B%22link%22%3A%22url%3Ahttps%253A%252F%252Fwww.lunex.lu%252Ffr%252Fcandidature%252F%7Ctitle%3ACandidature%7C%7C%22%7D%5D\u00a0\u00bb image=\u00a0\u00bb29377&Prime;] Bienvenue au Luxembourg : Informations \u00e0 l&rsquo;intention des \u00e9tudiants \u00e9trangers Vous pr\u00e9voyez un s\u00e9jour \u00e0 l&rsquo;\u00e9tranger et souhaitez \u00e9tudier \u00e0 LUNEX ? Notre bureau international se tient \u00e0 votre disposition pour vous aider et vous conseiller. Nous pouvons vous conseiller concernant le d\u00e9p\u00f4t de votre candidature et vous indiquer comment &hellip;<\/p>\n","protected":false},"author":4,"featured_media":0,"parent":2870,"menu_order":154,"comment_status":"closed","ping_status":"closed","template":"","meta":{"_acf_changed":false,"footnotes":""},"class_list":["post-2524","page","type-page","status-publish","hentry"],"acf":[],"yoast_head":"<!-- This site is optimized with the Yoast SEO plugin v27.3 - https:\/\/yoast.com\/product\/yoast-seo-wordpress\/ -->\n<title>Informations \u00e0 l&#039;intention des \u00e9tudiants \u00e9trangers | LUNEX<\/title>\n<meta name=\"description\" content=\"Bienvenue au Luxembourg : informations de LUNEX pour les \u00e9tudiants internationaux. En savoir plus ici ! \u2705 international \u2705 diversifi\u00e9 \u2705 individuel\" \/>\n<meta name=\"robots\" content=\"index, follow, max-snippet:-1, max-image-preview:large, max-video-preview:-1\" \/>\n<link rel=\"canonical\" href=\"https:\/\/lunex.lu\/fr\/aide-contact\/informations-a-lintention-des-etudiants-etrangers\/\" \/>\n<meta property=\"og:locale\" content=\"fr_FR\" \/>\n<meta property=\"og:type\" content=\"article\" \/>\n<meta property=\"og:title\" content=\"Informations \u00e0 l&#039;intention des \u00e9tudiants \u00e9trangers | LUNEX\" \/>\n<meta property=\"og:description\" content=\"Bienvenue au Luxembourg : informations de LUNEX pour les \u00e9tudiants internationaux. En savoir plus ici ! \u2705 international \u2705 diversifi\u00e9 \u2705 individuel\" \/>\n<meta property=\"og:url\" content=\"https:\/\/lunex.lu\/fr\/aide-contact\/informations-a-lintention-des-etudiants-etrangers\/\" \/>\n<meta property=\"og:site_name\" content=\"LUNEX\" \/>\n<meta property=\"article:modified_time\" content=\"2024-08-06T08:39:30+00:00\" \/>\n<meta name=\"twitter:card\" content=\"summary_large_image\" \/>\n<meta name=\"twitter:label1\" content=\"Dur\u00e9e de lecture estim\u00e9e\" \/>\n\t<meta name=\"twitter:data1\" content=\"2 minutes\" \/>\n<script type=\"application\/ld+json\" class=\"yoast-schema-graph\">{\"@context\":\"https:\\\/\\\/schema.org\",\"@graph\":[{\"@type\":\"WebPage\",\"@id\":\"https:\\\/\\\/lunex.lu\\\/fr\\\/aide-contact\\\/informations-a-lintention-des-etudiants-etrangers\\\/\",\"url\":\"https:\\\/\\\/lunex.lu\\\/fr\\\/aide-contact\\\/informations-a-lintention-des-etudiants-etrangers\\\/\",\"name\":\"Informations \u00e0 l'intention des \u00e9tudiants \u00e9trangers | LUNEX\",\"isPartOf\":{\"@id\":\"https:\\\/\\\/lunex.lu\\\/fr\\\/#website\"},\"datePublished\":\"2020-01-21T14:39:24+00:00\",\"dateModified\":\"2024-08-06T08:39:30+00:00\",\"description\":\"Bienvenue au Luxembourg : informations de LUNEX pour les \u00e9tudiants internationaux. En savoir plus ici ! \u2705 international \u2705 diversifi\u00e9 \u2705 individuel\",\"breadcrumb\":{\"@id\":\"https:\\\/\\\/lunex.lu\\\/fr\\\/aide-contact\\\/informations-a-lintention-des-etudiants-etrangers\\\/#breadcrumb\"},\"inLanguage\":\"fr-FR\",\"potentialAction\":[{\"@type\":\"ReadAction\",\"target\":[\"https:\\\/\\\/lunex.lu\\\/fr\\\/aide-contact\\\/informations-a-lintention-des-etudiants-etrangers\\\/\"]}]},{\"@type\":\"BreadcrumbList\",\"@id\":\"https:\\\/\\\/lunex.lu\\\/fr\\\/aide-contact\\\/informations-a-lintention-des-etudiants-etrangers\\\/#breadcrumb\",\"itemListElement\":[{\"@type\":\"ListItem\",\"position\":1,\"name\":\"Home\",\"item\":\"https:\\\/\\\/lunex.lu\\\/fr\\\/\"},{\"@type\":\"ListItem\",\"position\":2,\"name\":\"Aide &#038; contact\",\"item\":\"https:\\\/\\\/lunex.lu\\\/fr\\\/aide-contact\\\/\"},{\"@type\":\"ListItem\",\"position\":3,\"name\":\"Informations \u00e0 l&#8217;intention des \u00e9tudiants \u00e9trangers\"}]},{\"@type\":\"WebSite\",\"@id\":\"https:\\\/\\\/lunex.lu\\\/fr\\\/#website\",\"url\":\"https:\\\/\\\/lunex.lu\\\/fr\\\/\",\"name\":\"LUNEX\",\"description\":\"International University of Health, Exercise &amp; Sports\",\"publisher\":{\"@id\":\"https:\\\/\\\/lunex.lu\\\/fr\\\/#organization\"},\"potentialAction\":[{\"@type\":\"SearchAction\",\"target\":{\"@type\":\"EntryPoint\",\"urlTemplate\":\"https:\\\/\\\/lunex.lu\\\/fr\\\/?s={search_term_string}\"},\"query-input\":{\"@type\":\"PropertyValueSpecification\",\"valueRequired\":true,\"valueName\":\"search_term_string\"}}],\"inLanguage\":\"fr-FR\"},{\"@type\":\"Organization\",\"@id\":\"https:\\\/\\\/lunex.lu\\\/fr\\\/#organization\",\"name\":\"LUNEX University\",\"url\":\"https:\\\/\\\/lunex.lu\\\/fr\\\/\",\"logo\":{\"@type\":\"ImageObject\",\"inLanguage\":\"fr-FR\",\"@id\":\"https:\\\/\\\/lunex.lu\\\/fr\\\/#\\\/schema\\\/logo\\\/image\\\/\",\"url\":\"https:\\\/\\\/lunex.lu\\\/wp-content\\\/uploads\\\/logo-mobile.svg\",\"contentUrl\":\"https:\\\/\\\/lunex.lu\\\/wp-content\\\/uploads\\\/logo-mobile.svg\",\"width\":1,\"height\":1,\"caption\":\"LUNEX University\"},\"image\":{\"@id\":\"https:\\\/\\\/lunex.lu\\\/fr\\\/#\\\/schema\\\/logo\\\/image\\\/\"}}]}<\/script>\n<!-- \/ Yoast SEO plugin. -->","yoast_head_json":{"title":"Informations \u00e0 l'intention des \u00e9tudiants \u00e9trangers | LUNEX","description":"Bienvenue au Luxembourg : informations de LUNEX pour les \u00e9tudiants internationaux. En savoir plus ici ! \u2705 international \u2705 diversifi\u00e9 \u2705 individuel","robots":{"index":"index","follow":"follow","max-snippet":"max-snippet:-1","max-image-preview":"max-image-preview:large","max-video-preview":"max-video-preview:-1"},"canonical":"https:\/\/lunex.lu\/fr\/aide-contact\/informations-a-lintention-des-etudiants-etrangers\/","og_locale":"fr_FR","og_type":"article","og_title":"Informations \u00e0 l'intention des \u00e9tudiants \u00e9trangers | LUNEX","og_description":"Bienvenue au Luxembourg : informations de LUNEX pour les \u00e9tudiants internationaux. En savoir plus ici ! \u2705 international \u2705 diversifi\u00e9 \u2705 individuel","og_url":"https:\/\/lunex.lu\/fr\/aide-contact\/informations-a-lintention-des-etudiants-etrangers\/","og_site_name":"LUNEX","article_modified_time":"2024-08-06T08:39:30+00:00","twitter_card":"summary_large_image","twitter_misc":{"Dur\u00e9e de lecture estim\u00e9e":"2 minutes"},"schema":{"@context":"https:\/\/schema.org","@graph":[{"@type":"WebPage","@id":"https:\/\/lunex.lu\/fr\/aide-contact\/informations-a-lintention-des-etudiants-etrangers\/","url":"https:\/\/lunex.lu\/fr\/aide-contact\/informations-a-lintention-des-etudiants-etrangers\/","name":"Informations \u00e0 l'intention des \u00e9tudiants \u00e9trangers | LUNEX","isPartOf":{"@id":"https:\/\/lunex.lu\/fr\/#website"},"datePublished":"2020-01-21T14:39:24+00:00","dateModified":"2024-08-06T08:39:30+00:00","description":"Bienvenue au Luxembourg : informations de LUNEX pour les \u00e9tudiants internationaux. En savoir plus ici ! \u2705 international \u2705 diversifi\u00e9 \u2705 individuel","breadcrumb":{"@id":"https:\/\/lunex.lu\/fr\/aide-contact\/informations-a-lintention-des-etudiants-etrangers\/#breadcrumb"},"inLanguage":"fr-FR","potentialAction":[{"@type":"ReadAction","target":["https:\/\/lunex.lu\/fr\/aide-contact\/informations-a-lintention-des-etudiants-etrangers\/"]}]},{"@type":"BreadcrumbList","@id":"https:\/\/lunex.lu\/fr\/aide-contact\/informations-a-lintention-des-etudiants-etrangers\/#breadcrumb","itemListElement":[{"@type":"ListItem","position":1,"name":"Home","item":"https:\/\/lunex.lu\/fr\/"},{"@type":"ListItem","position":2,"name":"Aide &#038; contact","item":"https:\/\/lunex.lu\/fr\/aide-contact\/"},{"@type":"ListItem","position":3,"name":"Informations \u00e0 l&#8217;intention des \u00e9tudiants \u00e9trangers"}]},{"@type":"WebSite","@id":"https:\/\/lunex.lu\/fr\/#website","url":"https:\/\/lunex.lu\/fr\/","name":"LUNEX","description":"International University of Health, Exercise &amp; Sports","publisher":{"@id":"https:\/\/lunex.lu\/fr\/#organization"},"potentialAction":[{"@type":"SearchAction","target":{"@type":"EntryPoint","urlTemplate":"https:\/\/lunex.lu\/fr\/?s={search_term_string}"},"query-input":{"@type":"PropertyValueSpecification","valueRequired":true,"valueName":"search_term_string"}}],"inLanguage":"fr-FR"},{"@type":"Organization","@id":"https:\/\/lunex.lu\/fr\/#organization","name":"LUNEX University","url":"https:\/\/lunex.lu\/fr\/","logo":{"@type":"ImageObject","inLanguage":"fr-FR","@id":"https:\/\/lunex.lu\/fr\/#\/schema\/logo\/image\/","url":"https:\/\/lunex.lu\/wp-content\/uploads\/logo-mobile.svg","contentUrl":"https:\/\/lunex.lu\/wp-content\/uploads\/logo-mobile.svg","width":1,"height":1,"caption":"LUNEX University"},"image":{"@id":"https:\/\/lunex.lu\/fr\/#\/schema\/logo\/image\/"}}]}},"_links":{"self":[{"href":"https:\/\/lunex.lu\/fr\/wp-json\/wp\/v2\/pages\/2524","targetHints":{"allow":["GET"]}}],"collection":[{"href":"https:\/\/lunex.lu\/fr\/wp-json\/wp\/v2\/pages"}],"about":[{"href":"https:\/\/lunex.lu\/fr\/wp-json\/wp\/v2\/types\/page"}],"author":[{"embeddable":true,"href":"https:\/\/lunex.lu\/fr\/wp-json\/wp\/v2\/users\/4"}],"replies":[{"embeddable":true,"href":"https:\/\/lunex.lu\/fr\/wp-json\/wp\/v2\/comments?post=2524"}],"version-history":[{"count":5,"href":"https:\/\/lunex.lu\/fr\/wp-json\/wp\/v2\/pages\/2524\/revisions"}],"predecessor-version":[{"id":29441,"href":"https:\/\/lunex.lu\/fr\/wp-json\/wp\/v2\/pages\/2524\/revisions\/29441"}],"up":[{"embeddable":true,"href":"https:\/\/lunex.lu\/fr\/wp-json\/wp\/v2\/pages\/2870"}],"wp:attachment":[{"href":"https:\/\/lunex.lu\/fr\/wp-json\/wp\/v2\/media?parent=2524"}],"curies":[{"name":"wp","href":"https:\/\/api.w.org\/{rel}","templated":true}]}}