{"id":2328,"date":"2020-01-17T13:34:32","date_gmt":"2020-01-17T12:34:32","guid":{"rendered":"https:\/\/lunex.lu\/campus\/lsu\/"},"modified":"2026-01-08T17:07:43","modified_gmt":"2026-01-08T16:07:43","slug":"lsu","status":"publish","type":"page","link":"https:\/\/lunex.lu\/fr\/campus\/lsu\/","title":{"rendered":"LUNEX Students\u2019 Union"},"content":{"rendered":"<div class=\"wpb-content-wrapper\"><p>[vc_section][vc_row][vc_column][vc_empty_space height=\u00a0\u00bb100px\u00a0\u00bb mobile_height=\u00a0\u00bb50px\u00a0\u00bb][dhsv_vc_intro links=\u00a0\u00bb%5B%7B%22link%22%3A%22url%3Ahttps%253A%252F%252Fwww.lunex-students-union.com%252F%7Ctitle%3ASite%2520web%7Ctarget%3A_blank%22%7D%2C%7B%22link%22%3A%22url%3Ahttps%253A%252F%252Fwww.facebook.com%252Flunexstudentsunion%252F%7Ctitle%3APage%2520Facebook%7Ctarget%3A%2520_blank%7C%22%7D%2C%7B%22link%22%3A%22url%3Ahttps%253A%252F%252Fwww.facebook.com%252Flsu.lunex.1%7Ctitle%3AProfil%2520Facebook%7Ctarget%3A%2520_blank%7C%22%7D%2C%7B%22link%22%3A%22url%3Ahttps%253A%252F%252Fwww.instagram.com%252Flunex_students_union%252F%7Ctitle%3AInstagram%7Ctarget%3A%2520_blank%7C%22%7D%5D\u00a0\u00bb image=\u00a0\u00bb34004&Prime;]<\/p>\n<h1><span class=\"text-display text-primary\">Int\u00e9gration &amp; communaut\u00e9\u00a0<\/span><br \/>\nLe LSU &#8211; LUNEX Students\u2018 Union<\/h1>\n<p>35 \u00e9tudiants issus des diff\u00e9rentes fili\u00e8res s&rsquo;engagent chaque ann\u00e9e dans le \u00ab\u00a0LUNEX Students\u2018 Union\u00a0\u00bb (aussi appel\u00e9 LSU), l&rsquo;union des \u00e9tudiants de LUNEX. Le LSU organise des \u00e9v\u00e8nements \u00e9tudiants et fait le lien entre les \u00e9tudiants et l&rsquo;administration de l&rsquo;universit\u00e9. R\u00e9unions d&rsquo;\u00e9quipe r\u00e9guli\u00e8res, organisation de soir\u00e9es \u00e0 th\u00e8mes, de f\u00eates, de manifestations culturelles et sportives, tout cela fait partie des activit\u00e9s du LSU. Ainsi, le LUNEX Students\u2018 Union contribue largement \u00e0 ce que les nouveaux \u00e9tudiants s&rsquo;int\u00e8grent rapidement et se lient avec d&rsquo;autres camarades.[\/dhsv_vc_intro][vc_empty_space height=\u00a0\u00bb100px\u00a0\u00bb mobile_height=\u00a0\u00bb0&Prime;][\/vc_column][\/vc_row][\/vc_section][vc_section][vc_row][vc_column width=\u00a0\u00bb2\/3&Prime;][vc_column_text]<\/p>\n<h2>Une oreille toujours attentive<\/h2>\n<p>Le LSU repr\u00e9sente les int\u00e9r\u00eats des \u00e9tudiants aupr\u00e8s de LUNEX. Elle est leur interlocuteur privil\u00e9gi\u00e9 en cas de questions sur la vie \u00e9tudiante, elle les soutient et intervient en cas de probl\u00e8me.[\/vc_column_text][vc_column_text css=\u00a0\u00bb\u00a0\u00bb]<\/p>\n<ul>\n<li>Mathilde Peign\u00e9 \u2013 Pr\u00e9sident<\/li>\n<li>Cl\u00e9mentine Guidi Eppe \u2013 Vice-Pr\u00e9sident<\/li>\n<li>Louise-Marie Giraud\u2013 Secr\u00e9taire<\/li>\n<li>Matisse Ouakil \u2013 Tr\u00e9sorier<\/li>\n<li>Amandine Desmousseaux \u2013 Responsable Communication<\/li>\n<\/ul>\n<p>[\/vc_column_text][\/vc_column][vc_column width=\u00a0\u00bb1\/3&Prime;][\/vc_column][\/vc_row][\/vc_section][vc_section][vc_row disable_element=\u00a0\u00bbyes\u00a0\u00bb][vc_column][dhsv_vc_image_slider slider=\u00a0\u00bb%5B%7B%22image%22%3A%221409%22%2C%22caption%22%3A%22Casola%20Robin%20-%20Pr%C3%A4sidentin%3B%20Johann%20Wallerich%20-%20Vizepr%C3%A4sident%3B%20Severi%20Justine%20-%20Sekret%C3%A4rin%3B%20Suriani%20Sara%20-%20Schatzamt%22%7D%5D\u00a0\u00bb][vc_empty_space height=\u00a0\u00bb100px\u00a0\u00bb][\/vc_column][\/vc_row][\/vc_section][vc_section][vc_row][vc_column][vc_empty_space height=\u00a0\u00bb100px\u00a0\u00bb mobile_height=\u00a0\u00bb60px\u00a0\u00bb tablet_height=\u00a0\u00bb60px\u00a0\u00bb][dhsv_vc_cta image=\u00a0\u00bb6860&Prime;]<\/p>\n<p class=\"h1\"><span class=\"text-display text-primary\">Lien direct :<\/span><br \/>\nContacter le LSU<\/p>\n<p>Nous serions ravis de recevoir vos impressions, vos questions et bien s\u00fbr aussi un soutien actif de notre travail. Si l&rsquo;on ne se croise pas sur le campus, vous pouvez nous envoyer un e-mail \u00e0 l&rsquo;adresse suivante : <a href=\"mailto:lsu@stud.lunex.lu\">lsu@stud.lunex.lu<\/a>[\/dhsv_vc_cta][\/vc_column][\/vc_row][\/vc_section]<\/p>\n<\/div>","protected":false},"excerpt":{"rendered":"<p>[vc_section][vc_row][vc_column][vc_empty_space height=\u00a0\u00bb100px\u00a0\u00bb mobile_height=\u00a0\u00bb50px\u00a0\u00bb][dhsv_vc_intro links=\u00a0\u00bb%5B%7B%22link%22%3A%22url%3Ahttps%253A%252F%252Fwww.lunex-students-union.com%252F%7Ctitle%3ASite%2520web%7Ctarget%3A_blank%22%7D%2C%7B%22link%22%3A%22url%3Ahttps%253A%252F%252Fwww.facebook.com%252Flunexstudentsunion%252F%7Ctitle%3APage%2520Facebook%7Ctarget%3A%2520_blank%7C%22%7D%2C%7B%22link%22%3A%22url%3Ahttps%253A%252F%252Fwww.facebook.com%252Flsu.lunex.1%7Ctitle%3AProfil%2520Facebook%7Ctarget%3A%2520_blank%7C%22%7D%2C%7B%22link%22%3A%22url%3Ahttps%253A%252F%252Fwww.instagram.com%252Flunex_students_union%252F%7Ctitle%3AInstagram%7Ctarget%3A%2520_blank%7C%22%7D%5D\u00a0\u00bb image=\u00a0\u00bb34004&Prime;] Int\u00e9gration &amp; communaut\u00e9\u00a0 Le LSU &#8211; LUNEX Students\u2018 Union 35 \u00e9tudiants issus des diff\u00e9rentes fili\u00e8res s&rsquo;engagent chaque ann\u00e9e dans le \u00ab\u00a0LUNEX Students\u2018 Union\u00a0\u00bb (aussi appel\u00e9 LSU), l&rsquo;union des \u00e9tudiants de LUNEX. Le LSU organise des \u00e9v\u00e8nements \u00e9tudiants et fait le lien entre les \u00e9tudiants et l&rsquo;administration de l&rsquo;universit\u00e9. R\u00e9unions d&rsquo;\u00e9quipe &hellip;<\/p>\n","protected":false},"author":4,"featured_media":0,"parent":2185,"menu_order":165,"comment_status":"closed","ping_status":"closed","template":"","meta":{"_acf_changed":false,"footnotes":""},"class_list":["post-2328","page","type-page","status-publish","hentry"],"acf":[],"yoast_head":"<!-- This site is optimized with the Yoast SEO plugin v27.1.1 - https:\/\/yoast.com\/product\/yoast-seo-wordpress\/ -->\n<title>LUNEX Students\u2019 Union | LUNEX<\/title>\n<meta name=\"description\" content=\"Int\u00e9gration &amp; communaut\u00e9 : le LSU - LUNEX Students&#039; Union, l&#039;association \u00e9tudiante \u00e0 LUNEX au Luxembourg. Plus d&#039;infos ici ! \u2705 international \u2705 diversifi\u00e9 \u2705 personnel\" \/>\n<meta name=\"robots\" content=\"index, follow, max-snippet:-1, max-image-preview:large, max-video-preview:-1\" \/>\n<link rel=\"canonical\" href=\"https:\/\/lunex.lu\/fr\/campus\/lsu\/\" \/>\n<meta property=\"og:locale\" content=\"fr_FR\" \/>\n<meta property=\"og:type\" content=\"article\" \/>\n<meta property=\"og:title\" content=\"LUNEX Students\u2019 Union | LUNEX\" \/>\n<meta property=\"og:description\" content=\"Int\u00e9gration &amp; communaut\u00e9 : le LSU - LUNEX Students&#039; Union, l&#039;association \u00e9tudiante \u00e0 LUNEX au Luxembourg. Plus d&#039;infos ici ! \u2705 international \u2705 diversifi\u00e9 \u2705 personnel\" \/>\n<meta property=\"og:url\" content=\"https:\/\/lunex.lu\/fr\/campus\/lsu\/\" \/>\n<meta property=\"og:site_name\" content=\"LUNEX\" \/>\n<meta property=\"article:modified_time\" content=\"2026-01-08T16:07:43+00:00\" \/>\n<meta name=\"twitter:card\" content=\"summary_large_image\" \/>\n<meta name=\"twitter:label1\" content=\"Dur\u00e9e de lecture estim\u00e9e\" \/>\n\t<meta name=\"twitter:data1\" content=\"2 minutes\" \/>\n<script type=\"application\/ld+json\" class=\"yoast-schema-graph\">{\"@context\":\"https:\/\/schema.org\",\"@graph\":[{\"@type\":\"WebPage\",\"@id\":\"https:\/\/lunex.lu\/fr\/campus\/lsu\/\",\"url\":\"https:\/\/lunex.lu\/fr\/campus\/lsu\/\",\"name\":\"LUNEX Students\u2019 Union | LUNEX\",\"isPartOf\":{\"@id\":\"https:\/\/lunex.lu\/fr\/#website\"},\"datePublished\":\"2020-01-17T12:34:32+00:00\",\"dateModified\":\"2026-01-08T16:07:43+00:00\",\"description\":\"Int\u00e9gration & communaut\u00e9 : le LSU - LUNEX Students' Union, l'association \u00e9tudiante \u00e0 LUNEX au Luxembourg. Plus d'infos ici ! \u2705 international \u2705 diversifi\u00e9 \u2705 personnel\",\"breadcrumb\":{\"@id\":\"https:\/\/lunex.lu\/fr\/campus\/lsu\/#breadcrumb\"},\"inLanguage\":\"fr-FR\",\"potentialAction\":[{\"@type\":\"ReadAction\",\"target\":[\"https:\/\/lunex.lu\/fr\/campus\/lsu\/\"]}]},{\"@type\":\"BreadcrumbList\",\"@id\":\"https:\/\/lunex.lu\/fr\/campus\/lsu\/#breadcrumb\",\"itemListElement\":[{\"@type\":\"ListItem\",\"position\":1,\"name\":\"Home\",\"item\":\"https:\/\/lunex.lu\/fr\/\"},{\"@type\":\"ListItem\",\"position\":2,\"name\":\"Campus\",\"item\":\"https:\/\/lunex.lu\/fr\/campus\/\"},{\"@type\":\"ListItem\",\"position\":3,\"name\":\"LUNEX Students\u2019 Union\"}]},{\"@type\":\"WebSite\",\"@id\":\"https:\/\/lunex.lu\/fr\/#website\",\"url\":\"https:\/\/lunex.lu\/fr\/\",\"name\":\"LUNEX\",\"description\":\"International University of Health, Exercise &amp; Sports\",\"publisher\":{\"@id\":\"https:\/\/lunex.lu\/fr\/#organization\"},\"potentialAction\":[{\"@type\":\"SearchAction\",\"target\":{\"@type\":\"EntryPoint\",\"urlTemplate\":\"https:\/\/lunex.lu\/fr\/?s={search_term_string}\"},\"query-input\":{\"@type\":\"PropertyValueSpecification\",\"valueRequired\":true,\"valueName\":\"search_term_string\"}}],\"inLanguage\":\"fr-FR\"},{\"@type\":\"Organization\",\"@id\":\"https:\/\/lunex.lu\/fr\/#organization\",\"name\":\"LUNEX University\",\"url\":\"https:\/\/lunex.lu\/fr\/\",\"logo\":{\"@type\":\"ImageObject\",\"inLanguage\":\"fr-FR\",\"@id\":\"https:\/\/lunex.lu\/fr\/#\/schema\/logo\/image\/\",\"url\":\"https:\/\/lunex.lu\/wp-content\/uploads\/logo-mobile.svg\",\"contentUrl\":\"https:\/\/lunex.lu\/wp-content\/uploads\/logo-mobile.svg\",\"width\":1,\"height\":1,\"caption\":\"LUNEX University\"},\"image\":{\"@id\":\"https:\/\/lunex.lu\/fr\/#\/schema\/logo\/image\/\"}}]}<\/script>\n<!-- \/ Yoast SEO plugin. -->","yoast_head_json":{"title":"LUNEX Students\u2019 Union | LUNEX","description":"Int\u00e9gration & communaut\u00e9 : le LSU - LUNEX Students' Union, l'association \u00e9tudiante \u00e0 LUNEX au Luxembourg. Plus d'infos ici ! \u2705 international \u2705 diversifi\u00e9 \u2705 personnel","robots":{"index":"index","follow":"follow","max-snippet":"max-snippet:-1","max-image-preview":"max-image-preview:large","max-video-preview":"max-video-preview:-1"},"canonical":"https:\/\/lunex.lu\/fr\/campus\/lsu\/","og_locale":"fr_FR","og_type":"article","og_title":"LUNEX Students\u2019 Union | LUNEX","og_description":"Int\u00e9gration & communaut\u00e9 : le LSU - LUNEX Students' Union, l'association \u00e9tudiante \u00e0 LUNEX au Luxembourg. Plus d'infos ici ! \u2705 international \u2705 diversifi\u00e9 \u2705 personnel","og_url":"https:\/\/lunex.lu\/fr\/campus\/lsu\/","og_site_name":"LUNEX","article_modified_time":"2026-01-08T16:07:43+00:00","twitter_card":"summary_large_image","twitter_misc":{"Dur\u00e9e de lecture estim\u00e9e":"2 minutes"},"schema":{"@context":"https:\/\/schema.org","@graph":[{"@type":"WebPage","@id":"https:\/\/lunex.lu\/fr\/campus\/lsu\/","url":"https:\/\/lunex.lu\/fr\/campus\/lsu\/","name":"LUNEX Students\u2019 Union | LUNEX","isPartOf":{"@id":"https:\/\/lunex.lu\/fr\/#website"},"datePublished":"2020-01-17T12:34:32+00:00","dateModified":"2026-01-08T16:07:43+00:00","description":"Int\u00e9gration & communaut\u00e9 : le LSU - LUNEX Students' Union, l'association \u00e9tudiante \u00e0 LUNEX au Luxembourg. Plus d'infos ici ! \u2705 international \u2705 diversifi\u00e9 \u2705 personnel","breadcrumb":{"@id":"https:\/\/lunex.lu\/fr\/campus\/lsu\/#breadcrumb"},"inLanguage":"fr-FR","potentialAction":[{"@type":"ReadAction","target":["https:\/\/lunex.lu\/fr\/campus\/lsu\/"]}]},{"@type":"BreadcrumbList","@id":"https:\/\/lunex.lu\/fr\/campus\/lsu\/#breadcrumb","itemListElement":[{"@type":"ListItem","position":1,"name":"Home","item":"https:\/\/lunex.lu\/fr\/"},{"@type":"ListItem","position":2,"name":"Campus","item":"https:\/\/lunex.lu\/fr\/campus\/"},{"@type":"ListItem","position":3,"name":"LUNEX Students\u2019 Union"}]},{"@type":"WebSite","@id":"https:\/\/lunex.lu\/fr\/#website","url":"https:\/\/lunex.lu\/fr\/","name":"LUNEX","description":"International University of Health, Exercise &amp; Sports","publisher":{"@id":"https:\/\/lunex.lu\/fr\/#organization"},"potentialAction":[{"@type":"SearchAction","target":{"@type":"EntryPoint","urlTemplate":"https:\/\/lunex.lu\/fr\/?s={search_term_string}"},"query-input":{"@type":"PropertyValueSpecification","valueRequired":true,"valueName":"search_term_string"}}],"inLanguage":"fr-FR"},{"@type":"Organization","@id":"https:\/\/lunex.lu\/fr\/#organization","name":"LUNEX University","url":"https:\/\/lunex.lu\/fr\/","logo":{"@type":"ImageObject","inLanguage":"fr-FR","@id":"https:\/\/lunex.lu\/fr\/#\/schema\/logo\/image\/","url":"https:\/\/lunex.lu\/wp-content\/uploads\/logo-mobile.svg","contentUrl":"https:\/\/lunex.lu\/wp-content\/uploads\/logo-mobile.svg","width":1,"height":1,"caption":"LUNEX University"},"image":{"@id":"https:\/\/lunex.lu\/fr\/#\/schema\/logo\/image\/"}}]}},"_links":{"self":[{"href":"https:\/\/lunex.lu\/fr\/wp-json\/wp\/v2\/pages\/2328","targetHints":{"allow":["GET"]}}],"collection":[{"href":"https:\/\/lunex.lu\/fr\/wp-json\/wp\/v2\/pages"}],"about":[{"href":"https:\/\/lunex.lu\/fr\/wp-json\/wp\/v2\/types\/page"}],"author":[{"embeddable":true,"href":"https:\/\/lunex.lu\/fr\/wp-json\/wp\/v2\/users\/4"}],"replies":[{"embeddable":true,"href":"https:\/\/lunex.lu\/fr\/wp-json\/wp\/v2\/comments?post=2328"}],"version-history":[{"count":5,"href":"https:\/\/lunex.lu\/fr\/wp-json\/wp\/v2\/pages\/2328\/revisions"}],"predecessor-version":[{"id":34007,"href":"https:\/\/lunex.lu\/fr\/wp-json\/wp\/v2\/pages\/2328\/revisions\/34007"}],"up":[{"embeddable":true,"href":"https:\/\/lunex.lu\/fr\/wp-json\/wp\/v2\/pages\/2185"}],"wp:attachment":[{"href":"https:\/\/lunex.lu\/fr\/wp-json\/wp\/v2\/media?parent=2328"}],"curies":[{"name":"wp","href":"https:\/\/api.w.org\/{rel}","templated":true}]}}