{"id":2278,"date":"2017-05-29T10:50:05","date_gmt":"2017-05-29T08:50:05","guid":{"rendered":"https:\/\/lunex.lu\/startseite\/"},"modified":"2026-04-13T11:00:42","modified_gmt":"2026-04-13T09:00:42","slug":"startseite-2-2-2-2","status":"publish","type":"page","link":"https:\/\/lunex.lu\/fr\/","title":{"rendered":"LUNEX"},"content":{"rendered":"<div class=\"wpb-content-wrapper\"><p>[vc_section][vc_row][vc_column][vc_empty_space height=\u00a0\u00bb150px\u00a0\u00bb mobile_height=\u00a0\u00bb45&Prime; tablet_height=\u00a0\u00bb100&Prime;][vc_column_text]<\/p>\n<h2><span class=\"text-primary text-display\">Passer d&rsquo;amateur \u00e0 professionnel : <\/span><br \/>\nCursus de LUNEX<\/h2>\n<p>[\/vc_column_text][vc_empty_space height=\u00a0\u00bb50px\u00a0\u00bb][\/vc_column][\/vc_row][vc_row][vc_column width=\u00a0\u00bb1\/3&Prime;][dhsv_vc_courses_teaser image=\u00a0\u00bb5220&Prime; title=\u00a0\u00bbPre-Bachelor Foundation Programme\u00a0\u00bb links=\u00a0\u00bb%5B%7B%22link%22%3A%22url%3A%252Ffr%252Fetude%252Ffoundation-programme%252F%7Ctitle%3APlus%2520d&rsquo;informations%22%7D%5D\u00a0\u00bb][\/vc_column][vc_column width=\u00a0\u00bb1\/3&Prime;][dhsv_vc_courses_teaser image=\u00a0\u00bb34452&Prime; title=\u00a0\u00bbProgrammes de Bachelor\u00a0\u00bb links=\u00a0\u00bb%5B%7B%22link%22%3A%22url%3Ahttps%253A%252F%252Flunex.lu%252Ffr%252Fetude-apercu%252F%2523bachelors%7Ctitle%3APlus%2520d&rsquo;informations%22%7D%5D\u00a0\u00bb][\/vc_column][vc_column width=\u00a0\u00bb1\/3&Prime;][dhsv_vc_courses_teaser image=\u00a0\u00bb34465&Prime; title=\u00a0\u00bbProgrammes de Master\u00a0\u00bb links=\u00a0\u00bb%5B%7B%22link%22%3A%22url%3Ahttps%253A%252F%252Flunex.lu%252Ffr%252Fetude-apercu%252F%2523masters%7Ctitle%3APlus%2520d&rsquo;informations%22%7D%5D\u00a0\u00bb][\/vc_column][\/vc_row][\/vc_section][vc_section][vc_row disable_element=\u00a0\u00bbyes\u00a0\u00bb el_id=\u00a0\u00bbcovid\u00a0\u00bb][vc_column][vc_empty_space height=\u00a0\u00bb100px\u00a0\u00bb mobile_height=\u00a0\u00bb45&Prime; tablet_height=\u00a0\u00bb80&Prime;][dhsv_vc_text_teaser headline=\u00a0\u00bbEnsemble contre la COVID-19: Notre contribution \u00e0 un environnement d&rsquo;\u00e9tude plus s\u00fbr\u00a0\u00bb text=\u00a0\u00bbLUNEX University suit attentivement les derniers d\u00e9veloppements li\u00e9s \u00e0 la crise sanitaire COVID-19 et \u00e0 ses cons\u00e9quences. Nous encourageons fortement tous les \u00e9tudiants et les membres du personnel \u00e0 respecter rigoureusement les directives et les recommandations en mati\u00e8re d&rsquo;hygi\u00e8ne communiqu\u00e9es par le gouvernement luxembourgeois. Afin d&rsquo;assurer la s\u00e9curit\u00e9 de notre personnel et de nos \u00e9tudiants et de r\u00e9duire la transmission \u00e9ventuelle de virus, des mesures de pr\u00e9caution, telles qu&rsquo;elles ont \u00e9t\u00e9 prescrites par les autorit\u00e9s luxembourgeoises comp\u00e9tentes, ont \u00e9t\u00e9 appliqu\u00e9es jusqu&rsquo;\u00e0 ce que cela soit n\u00e9cessaire.<\/p>\n<p><strong>Ces mesures comprennent :<\/strong><\/p>\n<p>\u2022 Recommandation de maintenir en permanence une distance de 2 m\u00e8tres entre personnes<br \/>\n\u2022 Port obligatoire de masques dans les salles de classe et les espaces communs<br \/>\n\u2022 Utilisation restreinte des toilettes communes (une seule personne \u00e0 la fois)<br \/>\n\u2022 Port obligatoire de masques et de gants lors des cours pratiques<br \/>\n\u2022 Limitation des exercices pratiques par groupes de seulement deux \u00e9tudiants<br \/>\n\u2022 Nettoyage et d\u00e9sinfection r\u00e9guliers des \u00e9quipements et des surfaces<br \/>\n\u2022 A\u00e9ration r\u00e9guli\u00e8re des salles de classe et des bureaux<br \/>\n\u2022 Deux masques lavables pour chaque \u00e9tudiant<br \/>\n\u2022 Gants jetables \u00e0 usage unique pour les cours pratiques<br \/>\n\u2022 Gel d\u00e9sinfectant dans les salles de classe et les espaces communs\u00a0\u00bb link_title=\u00a0\u00bbAper\u00e7u d\u00e9taill\u00e9 de nos mesures actuelles (PDF &#8211; uniquement en anglais)\u00a0\u00bb link=\u00a0\u00bburl:%2Fwp-content%2Fuploads%2FCOVID-19-Infections-Action-Plan-version-4.pdf\u00a0\u00bb teaser=\u00a0\u00bb2305&Prime; bg_headline=\u00a0\u00bbred\u00a0\u00bb bg_color=\u00a0\u00bbgray\u00a0\u00bb][\/vc_column][\/vc_row][vc_row el_id=\u00a0\u00bbvideo\u00a0\u00bb][vc_column][vc_empty_space height=\u00a0\u00bb100px\u00a0\u00bb mobile_height=\u00a0\u00bb45&Prime; tablet_height=\u00a0\u00bb80&Prime;][vc_column_text]<\/p>\n<h2><span class=\"text-display\">Rejoignez notre \u00e9quipe :<\/span><br \/>\nC&rsquo;est \u00e7a LUNEX<\/h2>\n<p>[\/vc_column_text][vc_empty_space height=\u00a0\u00bb50px\u00a0\u00bb mobile_height=\u00a0\u00bb0&Prime; tablet_height=\u00a0\u00bb20&Prime;][dhsv_vc_media_slider slider=\u00a0\u00bb%5B%7B%22slide_type%22%3A%22ytvideo%22%2C%22video%22%3A%2216705%22%2C%22ytvideoid%22%3A%22SQWkS0a3Xb0%22%2C%22image%22%3A%2217000%22%7D%5D\u00a0\u00bb][\/vc_column][\/vc_row][\/vc_section][vc_section][vc_row][vc_column][vc_empty_space height=\u00a0\u00bb100px\u00a0\u00bb][dhsv_vc_news_events heading=\u00a0\u00bbVoil\u00e0 ce qui se passe chez nous :\u00a0\u00bb subheading=\u00a0\u00bbRendez-vous et \u00e9v\u00e8nements\u00a0\u00bb news_button=\u00a0\u00bburl:%2Ffr%2Factualites-evenements%2F|title:Actualit%C3%A9s%20%26%20%C3%89v%C3%A8nements\u00a0\u00bb events_button=\u00a0\u00bburl:%2Ffr%2Faide-contact%2Frendez-vous-evenements%2F|title:Rendez-vous%20%26%20%C3%89v%C3%A8nements\u00a0\u00bb][vc_empty_space height=\u00a0\u00bb100px\u00a0\u00bb][\/vc_column][\/vc_row][\/vc_section][vc_section disable_element=\u00a0\u00bbyes\u00a0\u00bb][vc_row][vc_column][vc_empty_space height=\u00a0\u00bb100px\u00a0\u00bb][dhsv_vc_news_slider news_type=\u00a0\u00bbnewest\u00a0\u00bb heading=\u00a0\u00bbVoil\u00e0 ce qui se passe chez nous :\u00a0\u00bb subheading=\u00a0\u00bbRendez-vous\u00a0\u00bb button=\u00a0\u00bburl:https%3A%2F%2Fwww.lunex.lu%2Ffr%2Factualites-evenements%2F|title:Toutes%20les%20actualit%C3%A9s%20%26%20%C3%A9v%C3%A8nements||\u00a0\u00bb][vc_empty_space height=\u00a0\u00bb100px\u00a0\u00bb][\/vc_column][\/vc_row][\/vc_section][vc_section full_width=\u00a0\u00bbstretch_row\u00a0\u00bb section_background=\u00a0\u00bbbg-dark\u00a0\u00bb][vc_row][vc_column][vc_empty_space height=\u00a0\u00bb100px\u00a0\u00bb][dhsv_vc_intro type=\u00a0\u00bbreverse\u00a0\u00bb links=\u00a0\u00bb%5B%7B%22link%22%3A%22url%3A%252Ffr%252Fluniversite%252F%7Ctitle%3ANotre%2520institution%22%7D%2C%7B%22link%22%3A%22url%3A%252Ffr%252Frecherche%252F%7Ctitle%3ARecherche%22%7D%2C%7B%22link%22%3A%22url%3A%252Ffr%252Fcampus%252F%7Ctitle%3ACampus%22%7D%2C%7B%22link%22%3A%22url%3A%252Ffr%252Faide-contact%252F%7Ctitle%3AAide%2520et%2520contact%22%7D%2C%7B%22link%22%3A%22url%3Ahttps%253A%252F%252Flunex.lu%252Ffr%252Flinstitution%252Fau-sujet-de-lunex%252Fprofile-strategy%252F%2523rapportannuel%7Ctitle%3ARapport%2520annuel%22%7D%5D\u00a0\u00bb main_number=\u00a0\u00bb1000&Prime; main_number_before=\u00a0\u00bb~\u00a0\u00bb main_number_title=\u00a0\u00bb\u00e9tudiants\u00a0\u00bb image=\u00a0\u00bb28982&Prime; top_type=\u00a0\u00bblogo\u00a0\u00bb logo=\u00a0\u00bb29034&Prime;]<\/p>\n<h2><span class=\"text-display\">Un lieu de savoir :<\/span><br \/>\nInformations sur LUNEX<\/h2>\n<p>LUNEX, fond\u00e9 \u00e0 Differdange, au Luxembourg, en 2015, est un \u00e9tablissement d&rsquo;enseignement sup\u00e9rieur sp\u00e9cialis\u00e9 reconnu par l&rsquo;\u00c9tat et il propose un catalogue de plus en plus riche de licences et de masters en anglais, dans le domaine du sport et de la sant\u00e9. Tous les dipl\u00f4mes sont reconnus au niveau europ\u00e9en. LUNEX est divis\u00e9 en trois d\u00e9partements ayant chacun diff\u00e9rents domaines d&rsquo;orientation en mati\u00e8re de recherche et d&rsquo;enseignement.[\/dhsv_vc_intro][vc_empty_space height=\u00a0\u00bb100px\u00a0\u00bb][dhsv_vc_intro links=\u00a0\u00bb%5B%7B%22link%22%3A%22url%3A%252Ffr%252Flinstitution%252Fau-sujet-de-lunex-university%252F%7Ctitle%3A%25C3%2580%2520propos%2520de%2520LUNEX%22%7D%2C%7B%22link%22%3A%22url%3A%252Ffr%252Flinstitution%252Fequipements-points-forts%252F%7Ctitle%3A%25C3%2589quipements%2520%2526%2520points%2520forts%22%7D%2C%7B%22link%22%3A%22url%3A%252Ffr%252Flinstitution%252Fequipements-points-forts%252F%2523tour%7Ctitle%3A%25C3%2580%2520l&rsquo;int%25C3%25A9rieur%2520de%2520LUNEX%2520%253A%2520visite%2520virtuelle%2520en%25203D%22%7D%2C%7B%22link%22%3A%22url%3A%252Ffr%252Flinstitution%252Fpartenaires-sponsors%252F%7Ctitle%3ACoop%25C3%25A9rations%22%7D%2C%7B%22link%22%3A%22url%3A%252Ffr%252Flinstitution%252Fgestion-de-la-qualite%252F%7Ctitle%3AGestion%2520de%2520la%2520qualit%25C3%25A9%22%7D%5D\u00a0\u00bb image=\u00a0\u00bb28985&Prime;]<\/p>\n<h2><span class=\"text-display\">Un bon choix :<br \/>\nCe qui caract\u00e9rise LUNEX<\/span><\/h2>\n<p>Nous sommes plus qu&rsquo;un simple \u00e9tablissement d&rsquo;enseignement sup\u00e9rieur. Notre exigence d&rsquo;un environnement d&rsquo;\u00e9tude de premi\u00e8re classe commence donc l\u00e0 o\u00f9 s&rsquo;arr\u00eatent les attentes de nos \u00e9tudiants. Nous ne serons satisfaits que lorsque vous aurez le sentiment d&rsquo;avoir fait le bon choix en optant pour LUNEX. C&rsquo;est dans ce but que nous travaillons chaque jour avec beaucoup d&rsquo;ambition, d&rsquo;implication et de passion. Laissez-vous \u00e0 votre tour convaincre par nos avantages et plongez dans le monde de LUNEX.[\/dhsv_vc_intro][vc_empty_space height=\u00a0\u00bb200px\u00a0\u00bb][\/vc_column][\/vc_row][\/vc_section][vc_section full_width=\u00a0\u00bbstretch_row\u00a0\u00bb][vc_row][vc_column][vc_empty_space height=\u00a0\u00bb50&Prime; mobile_height=\u00a0\u00bb40&Prime; tablet_height=\u00a0\u00bb50&Prime;][dhsv_vc_intro_short type=\u00a0\u00bbreverse\u00a0\u00bb links=\u00a0\u00bb%5B%7B%22link%22%3A%22url%3A%252Ffr%252Fcampus%252Fse-loger-et-vivre%252Fque-propose-differdange%252F%7Ctitle%3AQue%2520propose%2520Differdange%2520%253F%22%7D%2C%7B%22link%22%3A%22url%3A%252Ffr%252Fcampus%252Fse-loger-et-vivre%252Fque-propose-le-luxembourg%252F%7Ctitle%3AQue%2520propose%2520le%2520Luxembourg%2520%253F%22%7D%2C%7B%22link%22%3A%22url%3A%252Ffr%252Fcampus%252Fvie-etudiante%252F%7Ctitle%3ALa%2520vie%2520%25C3%25A9tudiante%22%7D%2C%7B%22link%22%3A%22url%3A%252Ffr%252Fcampus%252Floisirs-et-sports%252F%7Ctitle%3ALoisirs%2520et%2520sports%22%7D%2C%7B%22link%22%3A%22url%3A%252Ffr%252Fcampus%252Fse-loger-et-vivre%252F%7Ctitle%3ASe%2520loger%2520et%2520vivre%22%7D%5D\u00a0\u00bb image=\u00a0\u00bb8179&Prime; number=\u00a0\u00bb3&Prime; number_title=\u00a0\u00bblangues\u00a0\u00bb]<\/p>\n<h2><span class=\"text-display\">Ouvert sur le monde, l&rsquo;Europe est notre chez nous : <\/span><br \/>\nD\u00e9couvrir Differdange et le Luxembourg<\/h2>\n<p>Le Luxembourg a la r\u00e9putation d&rsquo;\u00eatre le centre financier de l&rsquo;Europe. Mais le petit Grand-Duch\u00e9 situ\u00e9 dans le triangle belge, allemand et fran\u00e7ais a bien plus \u00e0 offrir que des \u00e9tablissements bancaires : de superbes paysages, des villes historiques, des endroits exaltants pour faire la f\u00eate. Les \u00e9tudiants de LUNEX ont donc de nombreuses choses \u00e0 d\u00e9couvrir et \u00e0 vivre.[\/dhsv_vc_intro_short][vc_empty_space height=\u00a0\u00bb100px\u00a0\u00bb][\/vc_column][\/vc_row][\/vc_section][vc_section][vc_row][vc_column][dhsv_vc_cta secondary_button=\u00a0\u00bburl:%2Ffr%2Fdemande-dinformation%2F|title:T%C3%A9l%C3%A9charger%20la%20brochure|target:_blank\u00a0\u00bb primary_button=\u00a0\u00bburl:%2Ffr%2Fcandidature%2F|title:S&rsquo;inscrire%20maintenant|target:_blank\u00a0\u00bb image=\u00a0\u00bb29308&Prime;]<\/p>\n<h2><span class=\"text-display text-primary\">\u00c0 vos marques, pr\u00eats, partez :<\/span><br \/>\nTout droit vers les \u00e9tudes<\/h2>\n<p>Pr\u00eats \u00e0 vous lancer ? Alors demandez d\u00e8s aujourd&rsquo;hui nos brochures d&rsquo;informations ou postulez directement \u00e0 un cursus de LUNEX.<\/p>\n<p>[\/dhsv_vc_cta][\/vc_column][\/vc_row][\/vc_section]<\/p>\n<\/div>","protected":false},"excerpt":{"rendered":"<p>[vc_section][vc_row][vc_column][vc_empty_space height=\u00a0\u00bb150px\u00a0\u00bb mobile_height=\u00a0\u00bb45&Prime; tablet_height=\u00a0\u00bb100&Prime;][vc_column_text] Passer d&rsquo;amateur \u00e0 professionnel : Cursus de LUNEX [\/vc_column_text][vc_empty_space height=\u00a0\u00bb50px\u00a0\u00bb][\/vc_column][\/vc_row][vc_row][vc_column width=\u00a0\u00bb1\/3&Prime;][dhsv_vc_courses_teaser image=\u00a0\u00bb5220&Prime; title=\u00a0\u00bbPre-Bachelor Foundation Programme\u00a0\u00bb links=\u00a0\u00bb%5B%7B%22link%22%3A%22url%3A%252Ffr%252Fetude%252Ffoundation-programme%252F%7Ctitle%3APlus%2520d&rsquo;informations%22%7D%5D\u00a0\u00bb][\/vc_column][vc_column width=\u00a0\u00bb1\/3&Prime;][dhsv_vc_courses_teaser image=\u00a0\u00bb34452&Prime; title=\u00a0\u00bbProgrammes de Bachelor\u00a0\u00bb links=\u00a0\u00bb%5B%7B%22link%22%3A%22url%3Ahttps%253A%252F%252Flunex.lu%252Ffr%252Fetude-apercu%252F%2523bachelors%7Ctitle%3APlus%2520d&rsquo;informations%22%7D%5D\u00a0\u00bb][\/vc_column][vc_column width=\u00a0\u00bb1\/3&Prime;][dhsv_vc_courses_teaser image=\u00a0\u00bb34465&Prime; title=\u00a0\u00bbProgrammes de Master\u00a0\u00bb links=\u00a0\u00bb%5B%7B%22link%22%3A%22url%3Ahttps%253A%252F%252Flunex.lu%252Ffr%252Fetude-apercu%252F%2523masters%7Ctitle%3APlus%2520d&rsquo;informations%22%7D%5D\u00a0\u00bb][\/vc_column][\/vc_row][\/vc_section][vc_section][vc_row disable_element=\u00a0\u00bbyes\u00a0\u00bb el_id=\u00a0\u00bbcovid\u00a0\u00bb][vc_column][vc_empty_space height=\u00a0\u00bb100px\u00a0\u00bb mobile_height=\u00a0\u00bb45&Prime; tablet_height=\u00a0\u00bb80&Prime;][dhsv_vc_text_teaser headline=\u00a0\u00bbEnsemble contre la COVID-19: Notre contribution \u00e0 un environnement d&rsquo;\u00e9tude plus s\u00fbr\u00a0\u00bb text=\u00a0\u00bbLUNEX University suit attentivement les derniers &hellip;<\/p>\n","protected":false},"author":4,"featured_media":0,"parent":0,"menu_order":225,"comment_status":"closed","ping_status":"closed","template":"views\/template-home.blade.php","meta":{"_acf_changed":false,"footnotes":""},"class_list":["post-2278","page","type-page","status-publish","hentry"],"acf":[],"yoast_head":"<!-- This site is optimized with the Yoast SEO plugin v27.5 - https:\/\/yoast.com\/product\/yoast-seo-wordpress\/ -->\n<title>LUNEX | \u00c9tudier au Luxembourg : le sport, management et la sant\u00e9<\/title>\n<meta name=\"description\" content=\"\u00c9tudier \u00e0 LUNEX vous pr\u00e9pare \u00e0 une carri\u00e8re dans les domaines du sport, de la sant\u00e9 ou du management. Plus d&#039;infos ici !\" \/>\n<meta name=\"robots\" content=\"index, follow, max-snippet:-1, max-image-preview:large, max-video-preview:-1\" \/>\n<link rel=\"canonical\" href=\"https:\/\/lunex.lu\/fr\/\" \/>\n<meta property=\"og:locale\" content=\"fr_FR\" \/>\n<meta property=\"og:type\" content=\"article\" \/>\n<meta property=\"og:title\" content=\"LUNEX | \u00c9tudier au Luxembourg : le sport, management et la sant\u00e9\" \/>\n<meta property=\"og:description\" content=\"\u00c9tudier \u00e0 LUNEX vous pr\u00e9pare \u00e0 une carri\u00e8re dans les domaines du sport, de la sant\u00e9 ou du management. Plus d&#039;infos ici !\" \/>\n<meta property=\"og:url\" content=\"https:\/\/lunex.lu\/fr\/\" \/>\n<meta property=\"og:site_name\" content=\"LUNEX\" \/>\n<meta property=\"article:modified_time\" content=\"2026-04-13T09:00:42+00:00\" \/>\n<meta name=\"twitter:card\" content=\"summary_large_image\" \/>\n<meta name=\"twitter:label1\" content=\"Dur\u00e9e de lecture estim\u00e9e\" \/>\n\t<meta name=\"twitter:data1\" content=\"5 minutes\" \/>\n<script type=\"application\/ld+json\" class=\"yoast-schema-graph\">{\"@context\":\"https:\\\/\\\/schema.org\",\"@graph\":[{\"@type\":\"WebPage\",\"@id\":\"https:\\\/\\\/lunex.lu\\\/fr\\\/\",\"url\":\"https:\\\/\\\/lunex.lu\\\/fr\\\/\",\"name\":\"LUNEX | \u00c9tudier au Luxembourg : le sport, management et la sant\u00e9\",\"isPartOf\":{\"@id\":\"https:\\\/\\\/lunex.lu\\\/fr\\\/#website\"},\"datePublished\":\"2017-05-29T08:50:05+00:00\",\"dateModified\":\"2026-04-13T09:00:42+00:00\",\"description\":\"\u00c9tudier \u00e0 LUNEX vous pr\u00e9pare \u00e0 une carri\u00e8re dans les domaines du sport, de la sant\u00e9 ou du management. Plus d'infos ici !\",\"breadcrumb\":{\"@id\":\"https:\\\/\\\/lunex.lu\\\/fr\\\/#breadcrumb\"},\"inLanguage\":\"fr-FR\",\"potentialAction\":[{\"@type\":\"ReadAction\",\"target\":[\"https:\\\/\\\/lunex.lu\\\/fr\\\/\"]}]},{\"@type\":\"BreadcrumbList\",\"@id\":\"https:\\\/\\\/lunex.lu\\\/fr\\\/#breadcrumb\",\"itemListElement\":[{\"@type\":\"ListItem\",\"position\":1,\"name\":\"Home\",\"item\":\"https:\\\/\\\/lunex.lu\\\/fr\\\/\"},{\"@type\":\"ListItem\",\"position\":2,\"name\":\"LUNEX\"}]},{\"@type\":\"WebSite\",\"@id\":\"https:\\\/\\\/lunex.lu\\\/fr\\\/#website\",\"url\":\"https:\\\/\\\/lunex.lu\\\/fr\\\/\",\"name\":\"LUNEX\",\"description\":\"International University of Health, Exercise &amp; Sports\",\"publisher\":{\"@id\":\"https:\\\/\\\/lunex.lu\\\/fr\\\/#organization\"},\"potentialAction\":[{\"@type\":\"SearchAction\",\"target\":{\"@type\":\"EntryPoint\",\"urlTemplate\":\"https:\\\/\\\/lunex.lu\\\/fr\\\/?s={search_term_string}\"},\"query-input\":{\"@type\":\"PropertyValueSpecification\",\"valueRequired\":true,\"valueName\":\"search_term_string\"}}],\"inLanguage\":\"fr-FR\"},{\"@type\":\"Organization\",\"@id\":\"https:\\\/\\\/lunex.lu\\\/fr\\\/#organization\",\"name\":\"LUNEX University\",\"url\":\"https:\\\/\\\/lunex.lu\\\/fr\\\/\",\"logo\":{\"@type\":\"ImageObject\",\"inLanguage\":\"fr-FR\",\"@id\":\"https:\\\/\\\/lunex.lu\\\/fr\\\/#\\\/schema\\\/logo\\\/image\\\/\",\"url\":\"https:\\\/\\\/lunex.lu\\\/wp-content\\\/uploads\\\/logo-mobile.svg\",\"contentUrl\":\"https:\\\/\\\/lunex.lu\\\/wp-content\\\/uploads\\\/logo-mobile.svg\",\"width\":1,\"height\":1,\"caption\":\"LUNEX University\"},\"image\":{\"@id\":\"https:\\\/\\\/lunex.lu\\\/fr\\\/#\\\/schema\\\/logo\\\/image\\\/\"}}]}<\/script>\n<!-- \/ Yoast SEO plugin. -->","yoast_head_json":{"title":"LUNEX | \u00c9tudier au Luxembourg : le sport, management et la sant\u00e9","description":"\u00c9tudier \u00e0 LUNEX vous pr\u00e9pare \u00e0 une carri\u00e8re dans les domaines du sport, de la sant\u00e9 ou du management. Plus d'infos ici !","robots":{"index":"index","follow":"follow","max-snippet":"max-snippet:-1","max-image-preview":"max-image-preview:large","max-video-preview":"max-video-preview:-1"},"canonical":"https:\/\/lunex.lu\/fr\/","og_locale":"fr_FR","og_type":"article","og_title":"LUNEX | \u00c9tudier au Luxembourg : le sport, management et la sant\u00e9","og_description":"\u00c9tudier \u00e0 LUNEX vous pr\u00e9pare \u00e0 une carri\u00e8re dans les domaines du sport, de la sant\u00e9 ou du management. Plus d'infos ici !","og_url":"https:\/\/lunex.lu\/fr\/","og_site_name":"LUNEX","article_modified_time":"2026-04-13T09:00:42+00:00","twitter_card":"summary_large_image","twitter_misc":{"Dur\u00e9e de lecture estim\u00e9e":"5 minutes"},"schema":{"@context":"https:\/\/schema.org","@graph":[{"@type":"WebPage","@id":"https:\/\/lunex.lu\/fr\/","url":"https:\/\/lunex.lu\/fr\/","name":"LUNEX | \u00c9tudier au Luxembourg : le sport, management et la sant\u00e9","isPartOf":{"@id":"https:\/\/lunex.lu\/fr\/#website"},"datePublished":"2017-05-29T08:50:05+00:00","dateModified":"2026-04-13T09:00:42+00:00","description":"\u00c9tudier \u00e0 LUNEX vous pr\u00e9pare \u00e0 une carri\u00e8re dans les domaines du sport, de la sant\u00e9 ou du management. Plus d'infos ici !","breadcrumb":{"@id":"https:\/\/lunex.lu\/fr\/#breadcrumb"},"inLanguage":"fr-FR","potentialAction":[{"@type":"ReadAction","target":["https:\/\/lunex.lu\/fr\/"]}]},{"@type":"BreadcrumbList","@id":"https:\/\/lunex.lu\/fr\/#breadcrumb","itemListElement":[{"@type":"ListItem","position":1,"name":"Home","item":"https:\/\/lunex.lu\/fr\/"},{"@type":"ListItem","position":2,"name":"LUNEX"}]},{"@type":"WebSite","@id":"https:\/\/lunex.lu\/fr\/#website","url":"https:\/\/lunex.lu\/fr\/","name":"LUNEX","description":"International University of Health, Exercise &amp; Sports","publisher":{"@id":"https:\/\/lunex.lu\/fr\/#organization"},"potentialAction":[{"@type":"SearchAction","target":{"@type":"EntryPoint","urlTemplate":"https:\/\/lunex.lu\/fr\/?s={search_term_string}"},"query-input":{"@type":"PropertyValueSpecification","valueRequired":true,"valueName":"search_term_string"}}],"inLanguage":"fr-FR"},{"@type":"Organization","@id":"https:\/\/lunex.lu\/fr\/#organization","name":"LUNEX University","url":"https:\/\/lunex.lu\/fr\/","logo":{"@type":"ImageObject","inLanguage":"fr-FR","@id":"https:\/\/lunex.lu\/fr\/#\/schema\/logo\/image\/","url":"https:\/\/lunex.lu\/wp-content\/uploads\/logo-mobile.svg","contentUrl":"https:\/\/lunex.lu\/wp-content\/uploads\/logo-mobile.svg","width":1,"height":1,"caption":"LUNEX University"},"image":{"@id":"https:\/\/lunex.lu\/fr\/#\/schema\/logo\/image\/"}}]}},"_links":{"self":[{"href":"https:\/\/lunex.lu\/fr\/wp-json\/wp\/v2\/pages\/2278","targetHints":{"allow":["GET"]}}],"collection":[{"href":"https:\/\/lunex.lu\/fr\/wp-json\/wp\/v2\/pages"}],"about":[{"href":"https:\/\/lunex.lu\/fr\/wp-json\/wp\/v2\/types\/page"}],"author":[{"embeddable":true,"href":"https:\/\/lunex.lu\/fr\/wp-json\/wp\/v2\/users\/4"}],"replies":[{"embeddable":true,"href":"https:\/\/lunex.lu\/fr\/wp-json\/wp\/v2\/comments?post=2278"}],"version-history":[{"count":13,"href":"https:\/\/lunex.lu\/fr\/wp-json\/wp\/v2\/pages\/2278\/revisions"}],"predecessor-version":[{"id":34771,"href":"https:\/\/lunex.lu\/fr\/wp-json\/wp\/v2\/pages\/2278\/revisions\/34771"}],"wp:attachment":[{"href":"https:\/\/lunex.lu\/fr\/wp-json\/wp\/v2\/media?parent=2278"}],"curies":[{"name":"wp","href":"https:\/\/api.w.org\/{rel}","templated":true}]}}