{"id":22462,"date":"2023-01-24T12:11:54","date_gmt":"2023-01-24T11:11:54","guid":{"rendered":"https:\/\/lunex.lu\/working-in-luxembourg\/"},"modified":"2024-09-16T10:53:48","modified_gmt":"2024-09-16T08:53:48","slug":"working-in-luxembourg","status":"publish","type":"page","link":"https:\/\/lunex.lu\/fr\/working-in-luxembourg\/","title":{"rendered":"Travailler au Luxembourg"},"content":{"rendered":"<div class=\"wpb-content-wrapper\"><p>[vc_row][vc_column][vc_empty_space height=\u00a0\u00bb100px\u00a0\u00bb][dhsv_vc_intro links=\u00a0\u00bb%5B%7B%7D%5D\u00a0\u00bb image=\u00a0\u00bb7574&Prime;]<\/p>\n<h1><span class=\"text-display text-primary\">D\u00e9velopper vos comp\u00e9tences : <\/span><br \/>\nTravailler au Luxembourg<\/h1>\n<p style=\"font-weight: 400;\">Que vous soyez \u00e0 la recherche d&rsquo;un job \u00e9tudiant, d&rsquo;un stage ou d&rsquo;un emploi apr\u00e8s votre dipl\u00f4me, vous trouverez dans cette section plusieurs conseils et informations pour vous aider dans vos recherches.<\/p>\n<p>[\/dhsv_vc_intro][vc_empty_space height=\u00a0\u00bb100px\u00a0\u00bb][\/vc_column][\/vc_row][vc_row][vc_column][vc_column_text]Aujourd&rsquo;hui, de plus en plus d&rsquo;\u00e9tudiants cherchent un emploi pendant leurs \u00e9tudes, car \u00e9tudier dans une universit\u00e9 peut repr\u00e9senter un investissement important pour leur avenir. Tous les \u00e9tudiants, quelle que soit leur nationalit\u00e9, sont autoris\u00e9s \u00e0 travailler pendant leurs \u00e9tudes, leurs vacances scolaires et\/ou tout au long de l&rsquo;ann\u00e9e.[\/vc_column_text][dhsv_vc_simple_accordion_container expand_all=\u00a0\u00bbtrue\u00a0\u00bb][dhsv_vc_simple_accordion_item title=\u00a0\u00bbContrat \u00e9tudiant pendant les vacances scolaires \u2013 40h\/semaine\u00a0\u00bb]Voici les conditions pour un contrat \u00e9tudiant :<\/p>\n<ul>\n<li>Vous devez avoir plus de 15 ans et moins de 27 ans. Si vous avez plus de 27 ans, vous ne pouvez pas travailler sous contrat \u00e9tudiant mais sous contrat \u00e0 dur\u00e9e d\u00e9termin\u00e9e.<\/li>\n<li>Ce type de contrat est limit\u00e9 \u00e0 deux mois par ann\u00e9e civile et uniquement pendant les vacances (voir calendrier universitaire).<\/li>\n<li>Le salaire minimum doit \u00eatre au moins \u00e9gal \u00e0 80 % du salaire social minimum, en fonction de l&rsquo;\u00e2ge de l&rsquo;\u00e9tudiant.<\/li>\n<\/ul>\n<p>Vous trouverez de plus amples informations sur le salaire social minimum sur le site <a href=\"https:\/\/guichet.public.lu\/fr\/entreprises\/ressources-humaines\/remuneration\/paiement-remunerations\/salaire.html#bloub-5\">guichet.lu<\/a>.[\/dhsv_vc_simple_accordion_item][dhsv_vc_simple_accordion_item title=\u00a0\u00bbContrat \u00e0 dur\u00e9e d\u00e9termin\u00e9e \u2013 15h\/semaine\u00a0\u00bb]Voici les conditions pour un contrat \u00e0 dur\u00e9e d\u00e9termin\u00e9e :<\/p>\n<ul>\n<li>Vous devez \u00eatre \u00e2g\u00e9 d&rsquo;au moins 16 ans.<\/li>\n<li>Le contrat \u00e0 dur\u00e9e d\u00e9termin\u00e9e pour les \u00e9tudiants ne doit pas d\u00e9passer 15 heures de travail par semaine et peut \u00eatre renouvel\u00e9 plus de deux fois dans la limite de 60 mois (5 ans).<\/li>\n<li>Le salaire minimum correspond au salaire social minimum (ouvrier non qualifi\u00e9), en fonction de l&rsquo;\u00e2ge de l&rsquo;\u00e9tudiant.<\/li>\n<\/ul>\n<p>Vous trouverez de plus amples informations sur le salaire minimum social sur le site <a href=\"https:\/\/guichet.public.lu\/fr\/entreprises\/ressources-humaines\/remuneration\/paiement-remunerations\/salaire.html#bloub-5\">guichet.lu<\/a>.[\/dhsv_vc_simple_accordion_item][dhsv_vc_simple_accordion_item title=\u00a0\u00bb\u00c9tudiants non-europ\u00e9ens\u00a0\u00bb]Votre titre de s\u00e9jour \u00e9tudiant vous permet de travailler au Luxembourg et vous n&rsquo;avez pas besoin de demander un nouveau titre.<\/p>\n<p>Apr\u00e8s avoir termin\u00e9 vos \u00e9tudes, vous pouvez demander un permis de s\u00e9jour afin de trouver un emploi. Toutefois, cette demande doit \u00eatre faite avant l&rsquo;expiration de votre titre de s\u00e9jour \u00e9tudiant.<\/p>\n<p>Vous trouverez de plus amples informations sur le site <a href=\"https:\/\/guichet.public.lu\/fr\/citoyens\/immigration\/plus-3-mois\/ressortissant-tiers\/etudiant\/sejour-luxembourg-apres-etudes.html\">guichet.lu<\/a>.[\/dhsv_vc_simple_accordion_item][\/dhsv_vc_simple_accordion_container][vc_empty_space height=\u00a0\u00bb100px\u00a0\u00bb][\/vc_column][\/vc_row][vc_section full_width=\u00a0\u00bbstretch_row\u00a0\u00bb section_background=\u00a0\u00bbbg-dark\u00a0\u00bb][vc_row][vc_column][vc_empty_space height=\u00a0\u00bb100px\u00a0\u00bb][vc_column_text]<\/p>\n<h2>Liens utiles<\/h2>\n<p class=\"text-primary\"><strong>Jobs \u00e9tudiant<\/strong><\/p>\n<ul>\n<li><a href=\"https:\/\/acel.lu\/inform\/jobs\">ACEL<\/a><\/li>\n<li><a href=\"https:\/\/www.jugendinfo.lu\/emploi\/\">Jugend.info<\/a><\/li>\n<li><a href=\"https:\/\/www.indeed.lu\/\">Indeed.lu<\/a><\/li>\n<li><a href=\"http:\/\/www.jobs.lu\/\">Jobs.lu<\/a><\/li>\n<li><a href=\"http:\/\/www.jobfinder.lu\/\">Jobsearch<\/a><\/li>\n<li><a href=\"https:\/\/www.optioncarriere.lu\/emploi-stages-etudiants.html\">Optioncarri\u00e8re.lu<\/a><\/li>\n<\/ul>\n<p>Vous pouvez \u00e9galement envoyer vos candidatures directement aux centres commerciaux, aux fast-foods, etc.<\/p>\n<p>&nbsp;<\/p>\n<p class=\"text-primary \"><strong>Stages et emplois li\u00e9s au sport apr\u00e8s l&rsquo;obtention de votre dipl\u00f4me<\/strong><\/p>\n<ul>\n<li><a href=\"https:\/\/en.jobs.lu\/fitness_leisure_industry_jobs.aspx\">Jobs.lu<\/a><\/li>\n<li><a href=\"https:\/\/lu.indeed.com\/Sport-jobs?vjk=76925b0ae473ca72\">Indeed.lu<\/a><\/li>\n<li><a href=\"https:\/\/www.optioncarriere.lu\/emploi-sport.html\">Optioncarriere.lu<\/a><\/li>\n<\/ul>\n<p style=\"font-weight: 400;\">Plusieurs offres sont \u00e9galement envoy\u00e9es \u00e0 votre adresse e-mail d&rsquo;\u00e9tudiant tout au long de l&rsquo;ann\u00e9e et d&rsquo;autres sont disponibles sur le tableau \u00e0 l&rsquo;entr\u00e9e de LUNEX.<\/p>\n<p>[\/vc_column_text][vc_empty_space height=\u00a0\u00bb100px\u00a0\u00bb][\/vc_column][\/vc_row][\/vc_section][vc_section][vc_row][vc_column][dhsv_vc_template_element template_id=\u00a0\u00bb1702&Prime;][\/vc_column][\/vc_row][\/vc_section]<\/p>\n<\/div>","protected":false},"excerpt":{"rendered":"<p>[vc_row][vc_column][vc_empty_space height=\u00a0\u00bb100px\u00a0\u00bb][dhsv_vc_intro links=\u00a0\u00bb%5B%7B%7D%5D\u00a0\u00bb image=\u00a0\u00bb7574&Prime;] D\u00e9velopper vos comp\u00e9tences : Travailler au Luxembourg Que vous soyez \u00e0 la recherche d&rsquo;un job \u00e9tudiant, d&rsquo;un stage ou d&rsquo;un emploi apr\u00e8s votre dipl\u00f4me, vous trouverez dans cette section plusieurs conseils et informations pour vous aider dans vos recherches. [\/dhsv_vc_intro][vc_empty_space height=\u00a0\u00bb100px\u00a0\u00bb][\/vc_column][\/vc_row][vc_row][vc_column][vc_column_text]Aujourd&rsquo;hui, de plus en plus d&rsquo;\u00e9tudiants cherchent un emploi pendant leurs &hellip;<\/p>\n","protected":false},"author":16,"featured_media":0,"parent":0,"menu_order":26,"comment_status":"closed","ping_status":"closed","template":"","meta":{"_acf_changed":false,"footnotes":""},"class_list":["post-22462","page","type-page","status-publish","hentry"],"acf":[],"yoast_head":"<!-- This site is optimized with the Yoast SEO plugin v27.5 - https:\/\/yoast.com\/product\/yoast-seo-wordpress\/ -->\n<title>Travailler au Luxembourg | LUNEX<\/title>\n<meta name=\"robots\" content=\"index, follow, max-snippet:-1, max-image-preview:large, max-video-preview:-1\" \/>\n<link rel=\"canonical\" href=\"https:\/\/lunex.lu\/fr\/working-in-luxembourg\/\" \/>\n<meta property=\"og:locale\" content=\"fr_FR\" \/>\n<meta property=\"og:type\" content=\"article\" \/>\n<meta property=\"og:title\" content=\"Travailler au Luxembourg | LUNEX\" \/>\n<meta property=\"og:description\" content=\"[vc_row][vc_column][vc_empty_space height=\u00a0\u00bb100px\u00a0\u00bb][dhsv_vc_intro links=\u00a0\u00bb%5B%7B%7D%5D\u00a0\u00bb image=\u00a0\u00bb7574&Prime;] D\u00e9velopper vos comp\u00e9tences : Travailler au Luxembourg Que vous soyez \u00e0 la recherche d&rsquo;un job \u00e9tudiant, d&rsquo;un stage ou d&rsquo;un emploi apr\u00e8s votre dipl\u00f4me, vous trouverez dans cette section plusieurs conseils et informations pour vous aider dans vos recherches. [\/dhsv_vc_intro][vc_empty_space height=\u00a0\u00bb100px\u00a0\u00bb][\/vc_column][\/vc_row][vc_row][vc_column][vc_column_text]Aujourd&rsquo;hui, de plus en plus d&rsquo;\u00e9tudiants cherchent un emploi pendant leurs &hellip;\" \/>\n<meta property=\"og:url\" content=\"https:\/\/lunex.lu\/fr\/working-in-luxembourg\/\" \/>\n<meta property=\"og:site_name\" content=\"LUNEX\" \/>\n<meta property=\"article:modified_time\" content=\"2024-09-16T08:53:48+00:00\" \/>\n<meta name=\"twitter:card\" content=\"summary_large_image\" \/>\n<meta name=\"twitter:label1\" content=\"Dur\u00e9e de lecture estim\u00e9e\" \/>\n\t<meta name=\"twitter:data1\" content=\"2 minutes\" \/>\n<script type=\"application\/ld+json\" class=\"yoast-schema-graph\">{\"@context\":\"https:\\\/\\\/schema.org\",\"@graph\":[{\"@type\":\"WebPage\",\"@id\":\"https:\\\/\\\/lunex.lu\\\/fr\\\/working-in-luxembourg\\\/\",\"url\":\"https:\\\/\\\/lunex.lu\\\/fr\\\/working-in-luxembourg\\\/\",\"name\":\"Travailler au Luxembourg | LUNEX\",\"isPartOf\":{\"@id\":\"https:\\\/\\\/lunex.lu\\\/fr\\\/#website\"},\"datePublished\":\"2023-01-24T11:11:54+00:00\",\"dateModified\":\"2024-09-16T08:53:48+00:00\",\"breadcrumb\":{\"@id\":\"https:\\\/\\\/lunex.lu\\\/fr\\\/working-in-luxembourg\\\/#breadcrumb\"},\"inLanguage\":\"fr-FR\",\"potentialAction\":[{\"@type\":\"ReadAction\",\"target\":[\"https:\\\/\\\/lunex.lu\\\/fr\\\/working-in-luxembourg\\\/\"]}]},{\"@type\":\"BreadcrumbList\",\"@id\":\"https:\\\/\\\/lunex.lu\\\/fr\\\/working-in-luxembourg\\\/#breadcrumb\",\"itemListElement\":[{\"@type\":\"ListItem\",\"position\":1,\"name\":\"Home\",\"item\":\"https:\\\/\\\/lunex.lu\\\/fr\\\/\"},{\"@type\":\"ListItem\",\"position\":2,\"name\":\"Travailler au Luxembourg\"}]},{\"@type\":\"WebSite\",\"@id\":\"https:\\\/\\\/lunex.lu\\\/fr\\\/#website\",\"url\":\"https:\\\/\\\/lunex.lu\\\/fr\\\/\",\"name\":\"LUNEX\",\"description\":\"International University of Health, Exercise &amp; Sports\",\"publisher\":{\"@id\":\"https:\\\/\\\/lunex.lu\\\/fr\\\/#organization\"},\"potentialAction\":[{\"@type\":\"SearchAction\",\"target\":{\"@type\":\"EntryPoint\",\"urlTemplate\":\"https:\\\/\\\/lunex.lu\\\/fr\\\/?s={search_term_string}\"},\"query-input\":{\"@type\":\"PropertyValueSpecification\",\"valueRequired\":true,\"valueName\":\"search_term_string\"}}],\"inLanguage\":\"fr-FR\"},{\"@type\":\"Organization\",\"@id\":\"https:\\\/\\\/lunex.lu\\\/fr\\\/#organization\",\"name\":\"LUNEX University\",\"url\":\"https:\\\/\\\/lunex.lu\\\/fr\\\/\",\"logo\":{\"@type\":\"ImageObject\",\"inLanguage\":\"fr-FR\",\"@id\":\"https:\\\/\\\/lunex.lu\\\/fr\\\/#\\\/schema\\\/logo\\\/image\\\/\",\"url\":\"https:\\\/\\\/lunex.lu\\\/wp-content\\\/uploads\\\/logo-mobile.svg\",\"contentUrl\":\"https:\\\/\\\/lunex.lu\\\/wp-content\\\/uploads\\\/logo-mobile.svg\",\"width\":1,\"height\":1,\"caption\":\"LUNEX University\"},\"image\":{\"@id\":\"https:\\\/\\\/lunex.lu\\\/fr\\\/#\\\/schema\\\/logo\\\/image\\\/\"}}]}<\/script>\n<!-- \/ Yoast SEO plugin. -->","yoast_head_json":{"title":"Travailler au Luxembourg | LUNEX","robots":{"index":"index","follow":"follow","max-snippet":"max-snippet:-1","max-image-preview":"max-image-preview:large","max-video-preview":"max-video-preview:-1"},"canonical":"https:\/\/lunex.lu\/fr\/working-in-luxembourg\/","og_locale":"fr_FR","og_type":"article","og_title":"Travailler au Luxembourg | LUNEX","og_description":"[vc_row][vc_column][vc_empty_space height=\u00a0\u00bb100px\u00a0\u00bb][dhsv_vc_intro links=\u00a0\u00bb%5B%7B%7D%5D\u00a0\u00bb image=\u00a0\u00bb7574&Prime;] D\u00e9velopper vos comp\u00e9tences : Travailler au Luxembourg Que vous soyez \u00e0 la recherche d&rsquo;un job \u00e9tudiant, d&rsquo;un stage ou d&rsquo;un emploi apr\u00e8s votre dipl\u00f4me, vous trouverez dans cette section plusieurs conseils et informations pour vous aider dans vos recherches. [\/dhsv_vc_intro][vc_empty_space height=\u00a0\u00bb100px\u00a0\u00bb][\/vc_column][\/vc_row][vc_row][vc_column][vc_column_text]Aujourd&rsquo;hui, de plus en plus d&rsquo;\u00e9tudiants cherchent un emploi pendant leurs &hellip;","og_url":"https:\/\/lunex.lu\/fr\/working-in-luxembourg\/","og_site_name":"LUNEX","article_modified_time":"2024-09-16T08:53:48+00:00","twitter_card":"summary_large_image","twitter_misc":{"Dur\u00e9e de lecture estim\u00e9e":"2 minutes"},"schema":{"@context":"https:\/\/schema.org","@graph":[{"@type":"WebPage","@id":"https:\/\/lunex.lu\/fr\/working-in-luxembourg\/","url":"https:\/\/lunex.lu\/fr\/working-in-luxembourg\/","name":"Travailler au Luxembourg | LUNEX","isPartOf":{"@id":"https:\/\/lunex.lu\/fr\/#website"},"datePublished":"2023-01-24T11:11:54+00:00","dateModified":"2024-09-16T08:53:48+00:00","breadcrumb":{"@id":"https:\/\/lunex.lu\/fr\/working-in-luxembourg\/#breadcrumb"},"inLanguage":"fr-FR","potentialAction":[{"@type":"ReadAction","target":["https:\/\/lunex.lu\/fr\/working-in-luxembourg\/"]}]},{"@type":"BreadcrumbList","@id":"https:\/\/lunex.lu\/fr\/working-in-luxembourg\/#breadcrumb","itemListElement":[{"@type":"ListItem","position":1,"name":"Home","item":"https:\/\/lunex.lu\/fr\/"},{"@type":"ListItem","position":2,"name":"Travailler au Luxembourg"}]},{"@type":"WebSite","@id":"https:\/\/lunex.lu\/fr\/#website","url":"https:\/\/lunex.lu\/fr\/","name":"LUNEX","description":"International University of Health, Exercise &amp; Sports","publisher":{"@id":"https:\/\/lunex.lu\/fr\/#organization"},"potentialAction":[{"@type":"SearchAction","target":{"@type":"EntryPoint","urlTemplate":"https:\/\/lunex.lu\/fr\/?s={search_term_string}"},"query-input":{"@type":"PropertyValueSpecification","valueRequired":true,"valueName":"search_term_string"}}],"inLanguage":"fr-FR"},{"@type":"Organization","@id":"https:\/\/lunex.lu\/fr\/#organization","name":"LUNEX University","url":"https:\/\/lunex.lu\/fr\/","logo":{"@type":"ImageObject","inLanguage":"fr-FR","@id":"https:\/\/lunex.lu\/fr\/#\/schema\/logo\/image\/","url":"https:\/\/lunex.lu\/wp-content\/uploads\/logo-mobile.svg","contentUrl":"https:\/\/lunex.lu\/wp-content\/uploads\/logo-mobile.svg","width":1,"height":1,"caption":"LUNEX University"},"image":{"@id":"https:\/\/lunex.lu\/fr\/#\/schema\/logo\/image\/"}}]}},"_links":{"self":[{"href":"https:\/\/lunex.lu\/fr\/wp-json\/wp\/v2\/pages\/22462","targetHints":{"allow":["GET"]}}],"collection":[{"href":"https:\/\/lunex.lu\/fr\/wp-json\/wp\/v2\/pages"}],"about":[{"href":"https:\/\/lunex.lu\/fr\/wp-json\/wp\/v2\/types\/page"}],"author":[{"embeddable":true,"href":"https:\/\/lunex.lu\/fr\/wp-json\/wp\/v2\/users\/16"}],"replies":[{"embeddable":true,"href":"https:\/\/lunex.lu\/fr\/wp-json\/wp\/v2\/comments?post=22462"}],"version-history":[{"count":4,"href":"https:\/\/lunex.lu\/fr\/wp-json\/wp\/v2\/pages\/22462\/revisions"}],"predecessor-version":[{"id":29806,"href":"https:\/\/lunex.lu\/fr\/wp-json\/wp\/v2\/pages\/22462\/revisions\/29806"}],"wp:attachment":[{"href":"https:\/\/lunex.lu\/fr\/wp-json\/wp\/v2\/media?parent=22462"}],"curies":[{"name":"wp","href":"https:\/\/api.w.org\/{rel}","templated":true}]}}