{"id":2185,"date":"2019-12-24T15:44:44","date_gmt":"2019-12-24T14:44:44","guid":{"rendered":"https:\/\/lunex.lu\/campus\/"},"modified":"2024-08-06T09:58:14","modified_gmt":"2024-08-06T07:58:14","slug":"campus","status":"publish","type":"page","link":"https:\/\/lunex.lu\/fr\/campus\/","title":{"rendered":"Campus"},"content":{"rendered":"<div class=\"wpb-content-wrapper\"><p>[vc_section full_width=\u00a0\u00bbstretch_row\u00a0\u00bb section_background=\u00a0\u00bbbg-dark\u00a0\u00bb][vc_row][vc_column][vc_empty_space height=\u00a0\u00bb100px\u00a0\u00bb][dhsv_vc_intro type=\u00a0\u00bbreverse\u00a0\u00bb links=\u00a0\u00bb%5B%7B%22link%22%3A%22url%3A%252Ffr%252Fcampus%252Fvie-etudiante%252F%7Ctitle%3ALa%2520vie%2520%25C3%25A9tudiante%22%7D%2C%7B%22link%22%3A%22url%3A%252Ffr%252Fcampus%252Floisirs-et-sports%252F%7Ctitle%3ALoisirs%2520et%2520sports%22%7D%2C%7B%22link%22%3A%22url%3A%252Ffr%252Fcampus%252Fse-loger-et-vivre%252F%7Ctitle%3ASe%2520loger%2520et%2520vivre%22%7D%2C%7B%22link%22%3A%22url%3A%252Ffr%252Fcampus%252Flsu%252F%7Ctitle%3ALUNEX%2520Students&rsquo;%2520Union%22%7D%5D\u00a0\u00bb top_type=\u00a0\u00bbcounter\u00a0\u00bb top_number=\u00a0\u00bb85000&Prime; top_number_after=\u00a0\u00bbm\u00b2\u00a0\u00bb top_number_title=\u00a0\u00bbLe terrain de sport de Differdange mesure\u00a0\u00bb]<\/p>\n<h2><span class=\"text-display\">D\u00e9paysement garanti :<\/span><br \/>\n\u00c9tudes et nouveaux contacts<\/h2>\n<p>Une architecture inspirante, des locaux modernes avec des \u00e9quipements de haute qualit\u00e9 &#8211; le cadre offert par notre campus vous promet une belle r\u00e9ussite dans vos \u00e9tudes. Mais, pour une vie \u00e9tudiante \u00e9panouie, il faut plus que cela. Faire des activit\u00e9s avec d&rsquo;autres \u00e9tudiants sur son temps libre et le weekend, partir en excursion, faire du sport ou simplement faire la f\u00eate de temps en temps : le LUNEX Students\u2018 Union (Union des \u00c9tudiants de LUNEX) vous donnera plein de conseils et astuces, et elle organise aussi plusieurs \u00e9v\u00e8nements.[\/dhsv_vc_intro][vc_empty_space height=\u00a0\u00bb100px\u00a0\u00bb mobile_height=\u00a0\u00bb50&Prime; tablet_height=\u00a0\u00bb50&Prime;][\/vc_column][\/vc_row][vc_row][vc_column width=\u00a0\u00bb6\/12&Prime;][vc_column_text]<\/p>\n<h2>Environnement sportif<\/h2>\n<p>Le campus de LUNEX est situ\u00e9 au c\u0153ur du campus sportif de Differdange et nos \u00e9tudiants peuvent \u00e9galement en b\u00e9n\u00e9ficier. Avec plus de 20 associations et clubs sportifs et environ 20 complexes sportifs, Differdange a re\u00e7u en 2018 le titre de \u00ab Ville sportive europ\u00e9enne \u00bb.[\/vc_column_text][\/vc_column][vc_column width=\u00a0\u00bb1\/12&Prime;][\/vc_column][vc_column width=\u00a0\u00bb5\/12&Prime;][vc_single_image image=\u00a0\u00bb1345&Prime; img_size=\u00a0\u00bblarge\u00a0\u00bb][vc_empty_space height=\u00a0\u00bb50px\u00a0\u00bb mobile_height=\u00a0\u00bb25&Prime; tablet_height=\u00a0\u00bb25&Prime;][vc_column_text]<\/p>\n<p class=\"xsmall\">1: LUNEX<br \/>\n2: Stade (Stade municipal Oberkorn)<br \/>\n3: Centre sportif (Centre sportif Parc des Sports)<br \/>\n4: Piscine ext\u00e9rieure (Aquasud)<\/p>\n<p>[\/vc_column_text][\/vc_column][\/vc_row][vc_row][vc_column][vc_empty_space height=\u00a0\u00bb100px\u00a0\u00bb][vc_raw_html]JTNDaDMlMjBzdHlsZSUzRCUyMmNvbG9yJTNBd2hpdGUlMjIlM0VEZXZlbmV6JTIwdW4lMjBMVU5FWHBsb3JhdGV1ciUyMCUzQSUyMEZhaXRlcyUyMGxhJTIwdmlzaXRlJTIwdmlydHVlbGxlJTIwZW4lMjAzRCUzQyUyRmgzJTNFJTBBJTNDaWZyYW1lJTIwd2lkdGglM0QlMjcxMDAlMjUlMjclMjBoZWlnaHQlM0QlMjc5NjAlMjclMjBzcmMlM0QlMjdodHRwcyUzQSUyRiUyRm15Lm1hdHRlcnBvcnQuY29tJTJGc2hvdyUyRiUzRm0lM0RVeUQ3NWRtVFYyWCUyNiUyNnBsYXklM0QxJTI2bGFuZyUzRGVuJTI2cXMlM0QxJTI3JTIwZnJhbWVib3JkZXIlM0QlMjcwJTI3JTIwYWxsb3dmdWxsc2NyZWVuJTIwYWxsb3clM0QlMjd2ciUyNyUzRSUzQyUyRmlmcmFtZSUzRQ==[\/vc_raw_html][vc_empty_space height=\u00a0\u00bb140px\u00a0\u00bb mobile_height=\u00a0\u00bb50&Prime; tablet_height=\u00a0\u00bb50&Prime;][\/vc_column][\/vc_row][\/vc_section][vc_section full_width=\u00a0\u00bbstretch_row_content\u00a0\u00bb][vc_row][vc_column][dhsv_vc_template_element template_id=\u00a0\u00bb1955&Prime;][\/vc_column][\/vc_row][\/vc_section]<\/p>\n<\/div>","protected":false},"excerpt":{"rendered":"<p>[vc_section full_width=\u00a0\u00bbstretch_row\u00a0\u00bb section_background=\u00a0\u00bbbg-dark\u00a0\u00bb][vc_row][vc_column][vc_empty_space height=\u00a0\u00bb100px\u00a0\u00bb][dhsv_vc_intro type=\u00a0\u00bbreverse\u00a0\u00bb links=\u00a0\u00bb%5B%7B%22link%22%3A%22url%3A%252Ffr%252Fcampus%252Fvie-etudiante%252F%7Ctitle%3ALa%2520vie%2520%25C3%25A9tudiante%22%7D%2C%7B%22link%22%3A%22url%3A%252Ffr%252Fcampus%252Floisirs-et-sports%252F%7Ctitle%3ALoisirs%2520et%2520sports%22%7D%2C%7B%22link%22%3A%22url%3A%252Ffr%252Fcampus%252Fse-loger-et-vivre%252F%7Ctitle%3ASe%2520loger%2520et%2520vivre%22%7D%2C%7B%22link%22%3A%22url%3A%252Ffr%252Fcampus%252Flsu%252F%7Ctitle%3ALUNEX%2520Students&rsquo;%2520Union%22%7D%5D\u00a0\u00bb top_type=\u00a0\u00bbcounter\u00a0\u00bb top_number=\u00a0\u00bb85000&Prime; top_number_after=\u00a0\u00bbm\u00b2\u00a0\u00bb top_number_title=\u00a0\u00bbLe terrain de sport de Differdange mesure\u00a0\u00bb] D\u00e9paysement garanti : \u00c9tudes et nouveaux contacts Une architecture inspirante, des locaux modernes avec des \u00e9quipements de haute qualit\u00e9 &#8211; le cadre offert par notre campus vous promet une belle r\u00e9ussite dans vos \u00e9tudes. Mais, pour une vie \u00e9tudiante &hellip;<\/p>\n","protected":false},"author":4,"featured_media":29411,"parent":0,"menu_order":96,"comment_status":"closed","ping_status":"closed","template":"","meta":{"_acf_changed":false,"footnotes":""},"class_list":["post-2185","page","type-page","status-publish","has-post-thumbnail","hentry"],"acf":[],"yoast_head":"<!-- This site is optimized with the Yoast SEO plugin v27.5 - https:\/\/yoast.com\/product\/yoast-seo-wordpress\/ -->\n<title>Campus | LUNEX<\/title>\n<meta name=\"description\" content=\"Un emplacement id\u00e9al : le campus de LUNEX \u00e0 Differdange, au Luxembourg. Plus d&#039;infos ici ! \u2705 international \u2705 moderne \u2705 individuel\" \/>\n<meta name=\"robots\" content=\"index, follow, max-snippet:-1, max-image-preview:large, max-video-preview:-1\" \/>\n<link rel=\"canonical\" href=\"https:\/\/lunex.lu\/fr\/campus\/\" \/>\n<meta property=\"og:locale\" content=\"fr_FR\" \/>\n<meta property=\"og:type\" content=\"article\" \/>\n<meta property=\"og:title\" content=\"Campus | LUNEX\" \/>\n<meta property=\"og:description\" content=\"Un emplacement id\u00e9al : le campus de LUNEX \u00e0 Differdange, au Luxembourg. Plus d&#039;infos ici ! \u2705 international \u2705 moderne \u2705 individuel\" \/>\n<meta property=\"og:url\" content=\"https:\/\/lunex.lu\/fr\/campus\/\" \/>\n<meta property=\"og:site_name\" content=\"LUNEX\" \/>\n<meta property=\"article:modified_time\" content=\"2024-08-06T07:58:14+00:00\" \/>\n<meta property=\"og:image\" content=\"https:\/\/lunex.lu\/wp-content\/uploads\/FG_9805-scaled.jpg\" \/>\n\t<meta property=\"og:image:width\" content=\"1734\" \/>\n\t<meta property=\"og:image:height\" content=\"2600\" \/>\n\t<meta property=\"og:image:type\" content=\"image\/jpeg\" \/>\n<meta name=\"twitter:card\" content=\"summary_large_image\" \/>\n<meta name=\"twitter:label1\" content=\"Dur\u00e9e de lecture estim\u00e9e\" \/>\n\t<meta name=\"twitter:data1\" content=\"1 minute\" \/>\n<script type=\"application\/ld+json\" class=\"yoast-schema-graph\">{\"@context\":\"https:\\\/\\\/schema.org\",\"@graph\":[{\"@type\":\"WebPage\",\"@id\":\"https:\\\/\\\/lunex.lu\\\/fr\\\/campus\\\/\",\"url\":\"https:\\\/\\\/lunex.lu\\\/fr\\\/campus\\\/\",\"name\":\"Campus | LUNEX\",\"isPartOf\":{\"@id\":\"https:\\\/\\\/lunex.lu\\\/fr\\\/#website\"},\"primaryImageOfPage\":{\"@id\":\"https:\\\/\\\/lunex.lu\\\/fr\\\/campus\\\/#primaryimage\"},\"image\":{\"@id\":\"https:\\\/\\\/lunex.lu\\\/fr\\\/campus\\\/#primaryimage\"},\"thumbnailUrl\":\"https:\\\/\\\/lunex.lu\\\/wp-content\\\/uploads\\\/FG_9805-scaled.jpg\",\"datePublished\":\"2019-12-24T14:44:44+00:00\",\"dateModified\":\"2024-08-06T07:58:14+00:00\",\"description\":\"Un emplacement id\u00e9al : le campus de LUNEX \u00e0 Differdange, au Luxembourg. Plus d'infos ici ! \u2705 international \u2705 moderne \u2705 individuel\",\"breadcrumb\":{\"@id\":\"https:\\\/\\\/lunex.lu\\\/fr\\\/campus\\\/#breadcrumb\"},\"inLanguage\":\"fr-FR\",\"potentialAction\":[{\"@type\":\"ReadAction\",\"target\":[\"https:\\\/\\\/lunex.lu\\\/fr\\\/campus\\\/\"]}]},{\"@type\":\"ImageObject\",\"inLanguage\":\"fr-FR\",\"@id\":\"https:\\\/\\\/lunex.lu\\\/fr\\\/campus\\\/#primaryimage\",\"url\":\"https:\\\/\\\/lunex.lu\\\/wp-content\\\/uploads\\\/FG_9805-scaled.jpg\",\"contentUrl\":\"https:\\\/\\\/lunex.lu\\\/wp-content\\\/uploads\\\/FG_9805-scaled.jpg\",\"width\":1734,\"height\":2600},{\"@type\":\"BreadcrumbList\",\"@id\":\"https:\\\/\\\/lunex.lu\\\/fr\\\/campus\\\/#breadcrumb\",\"itemListElement\":[{\"@type\":\"ListItem\",\"position\":1,\"name\":\"Home\",\"item\":\"https:\\\/\\\/lunex.lu\\\/fr\\\/\"},{\"@type\":\"ListItem\",\"position\":2,\"name\":\"Campus\"}]},{\"@type\":\"WebSite\",\"@id\":\"https:\\\/\\\/lunex.lu\\\/fr\\\/#website\",\"url\":\"https:\\\/\\\/lunex.lu\\\/fr\\\/\",\"name\":\"LUNEX\",\"description\":\"International University of Health, Exercise &amp; Sports\",\"publisher\":{\"@id\":\"https:\\\/\\\/lunex.lu\\\/fr\\\/#organization\"},\"potentialAction\":[{\"@type\":\"SearchAction\",\"target\":{\"@type\":\"EntryPoint\",\"urlTemplate\":\"https:\\\/\\\/lunex.lu\\\/fr\\\/?s={search_term_string}\"},\"query-input\":{\"@type\":\"PropertyValueSpecification\",\"valueRequired\":true,\"valueName\":\"search_term_string\"}}],\"inLanguage\":\"fr-FR\"},{\"@type\":\"Organization\",\"@id\":\"https:\\\/\\\/lunex.lu\\\/fr\\\/#organization\",\"name\":\"LUNEX University\",\"url\":\"https:\\\/\\\/lunex.lu\\\/fr\\\/\",\"logo\":{\"@type\":\"ImageObject\",\"inLanguage\":\"fr-FR\",\"@id\":\"https:\\\/\\\/lunex.lu\\\/fr\\\/#\\\/schema\\\/logo\\\/image\\\/\",\"url\":\"https:\\\/\\\/lunex.lu\\\/wp-content\\\/uploads\\\/logo-mobile.svg\",\"contentUrl\":\"https:\\\/\\\/lunex.lu\\\/wp-content\\\/uploads\\\/logo-mobile.svg\",\"width\":1,\"height\":1,\"caption\":\"LUNEX University\"},\"image\":{\"@id\":\"https:\\\/\\\/lunex.lu\\\/fr\\\/#\\\/schema\\\/logo\\\/image\\\/\"}}]}<\/script>\n<!-- \/ Yoast SEO plugin. -->","yoast_head_json":{"title":"Campus | LUNEX","description":"Un emplacement id\u00e9al : le campus de LUNEX \u00e0 Differdange, au Luxembourg. Plus d'infos ici ! \u2705 international \u2705 moderne \u2705 individuel","robots":{"index":"index","follow":"follow","max-snippet":"max-snippet:-1","max-image-preview":"max-image-preview:large","max-video-preview":"max-video-preview:-1"},"canonical":"https:\/\/lunex.lu\/fr\/campus\/","og_locale":"fr_FR","og_type":"article","og_title":"Campus | LUNEX","og_description":"Un emplacement id\u00e9al : le campus de LUNEX \u00e0 Differdange, au Luxembourg. Plus d'infos ici ! \u2705 international \u2705 moderne \u2705 individuel","og_url":"https:\/\/lunex.lu\/fr\/campus\/","og_site_name":"LUNEX","article_modified_time":"2024-08-06T07:58:14+00:00","og_image":[{"width":1734,"height":2600,"url":"https:\/\/lunex.lu\/wp-content\/uploads\/FG_9805-scaled.jpg","type":"image\/jpeg"}],"twitter_card":"summary_large_image","twitter_misc":{"Dur\u00e9e de lecture estim\u00e9e":"1 minute"},"schema":{"@context":"https:\/\/schema.org","@graph":[{"@type":"WebPage","@id":"https:\/\/lunex.lu\/fr\/campus\/","url":"https:\/\/lunex.lu\/fr\/campus\/","name":"Campus | LUNEX","isPartOf":{"@id":"https:\/\/lunex.lu\/fr\/#website"},"primaryImageOfPage":{"@id":"https:\/\/lunex.lu\/fr\/campus\/#primaryimage"},"image":{"@id":"https:\/\/lunex.lu\/fr\/campus\/#primaryimage"},"thumbnailUrl":"https:\/\/lunex.lu\/wp-content\/uploads\/FG_9805-scaled.jpg","datePublished":"2019-12-24T14:44:44+00:00","dateModified":"2024-08-06T07:58:14+00:00","description":"Un emplacement id\u00e9al : le campus de LUNEX \u00e0 Differdange, au Luxembourg. Plus d'infos ici ! \u2705 international \u2705 moderne \u2705 individuel","breadcrumb":{"@id":"https:\/\/lunex.lu\/fr\/campus\/#breadcrumb"},"inLanguage":"fr-FR","potentialAction":[{"@type":"ReadAction","target":["https:\/\/lunex.lu\/fr\/campus\/"]}]},{"@type":"ImageObject","inLanguage":"fr-FR","@id":"https:\/\/lunex.lu\/fr\/campus\/#primaryimage","url":"https:\/\/lunex.lu\/wp-content\/uploads\/FG_9805-scaled.jpg","contentUrl":"https:\/\/lunex.lu\/wp-content\/uploads\/FG_9805-scaled.jpg","width":1734,"height":2600},{"@type":"BreadcrumbList","@id":"https:\/\/lunex.lu\/fr\/campus\/#breadcrumb","itemListElement":[{"@type":"ListItem","position":1,"name":"Home","item":"https:\/\/lunex.lu\/fr\/"},{"@type":"ListItem","position":2,"name":"Campus"}]},{"@type":"WebSite","@id":"https:\/\/lunex.lu\/fr\/#website","url":"https:\/\/lunex.lu\/fr\/","name":"LUNEX","description":"International University of Health, Exercise &amp; Sports","publisher":{"@id":"https:\/\/lunex.lu\/fr\/#organization"},"potentialAction":[{"@type":"SearchAction","target":{"@type":"EntryPoint","urlTemplate":"https:\/\/lunex.lu\/fr\/?s={search_term_string}"},"query-input":{"@type":"PropertyValueSpecification","valueRequired":true,"valueName":"search_term_string"}}],"inLanguage":"fr-FR"},{"@type":"Organization","@id":"https:\/\/lunex.lu\/fr\/#organization","name":"LUNEX University","url":"https:\/\/lunex.lu\/fr\/","logo":{"@type":"ImageObject","inLanguage":"fr-FR","@id":"https:\/\/lunex.lu\/fr\/#\/schema\/logo\/image\/","url":"https:\/\/lunex.lu\/wp-content\/uploads\/logo-mobile.svg","contentUrl":"https:\/\/lunex.lu\/wp-content\/uploads\/logo-mobile.svg","width":1,"height":1,"caption":"LUNEX University"},"image":{"@id":"https:\/\/lunex.lu\/fr\/#\/schema\/logo\/image\/"}}]}},"_links":{"self":[{"href":"https:\/\/lunex.lu\/fr\/wp-json\/wp\/v2\/pages\/2185","targetHints":{"allow":["GET"]}}],"collection":[{"href":"https:\/\/lunex.lu\/fr\/wp-json\/wp\/v2\/pages"}],"about":[{"href":"https:\/\/lunex.lu\/fr\/wp-json\/wp\/v2\/types\/page"}],"author":[{"embeddable":true,"href":"https:\/\/lunex.lu\/fr\/wp-json\/wp\/v2\/users\/4"}],"replies":[{"embeddable":true,"href":"https:\/\/lunex.lu\/fr\/wp-json\/wp\/v2\/comments?post=2185"}],"version-history":[{"count":5,"href":"https:\/\/lunex.lu\/fr\/wp-json\/wp\/v2\/pages\/2185\/revisions"}],"predecessor-version":[{"id":29422,"href":"https:\/\/lunex.lu\/fr\/wp-json\/wp\/v2\/pages\/2185\/revisions\/29422"}],"wp:featuredmedia":[{"embeddable":true,"href":"https:\/\/lunex.lu\/fr\/wp-json\/wp\/v2\/media\/29411"}],"wp:attachment":[{"href":"https:\/\/lunex.lu\/fr\/wp-json\/wp\/v2\/media?parent=2185"}],"curies":[{"name":"wp","href":"https:\/\/api.w.org\/{rel}","templated":true}]}}