{"id":2049,"date":"2019-12-25T16:22:33","date_gmt":"2019-12-25T15:22:33","guid":{"rendered":"https:\/\/lunex.lu\/uber-lunex\/"},"modified":"2025-03-04T11:23:46","modified_gmt":"2025-03-04T10:23:46","slug":"au-sujet-de-lunex","status":"publish","type":"page","link":"https:\/\/lunex.lu\/fr\/linstitution\/au-sujet-de-lunex\/","title":{"rendered":"Au sujet de LUNEX"},"content":{"rendered":"<div class=\"wpb-content-wrapper\"><p>[vc_section full_width=\u00a0\u00bbstretch_row\u00a0\u00bb section_background=\u00a0\u00bbbg-dark\u00a0\u00bb][vc_row][vc_column][vc_empty_space height=\u00a0\u00bb100px\u00a0\u00bb][dhsv_vc_intro type=\u00a0\u00bbreverse\u00a0\u00bb links=\u00a0\u00bb%5B%7B%7D%5D\u00a0\u00bb image=\u00a0\u00bb29377&Prime; top_type=\u00a0\u00bbcounter\u00a0\u00bb top_number=\u00a0\u00bb2015&Prime; top_number_counting=\u00a0\u00bbnoseperator\u00a0\u00bb top_number_title=\u00a0\u00bbann\u00e9e de fondation\u00a0\u00bb bottom_type=\u00a0\u00bbcounter_counter\u00a0\u00bb bottom_number_first=\u00a0\u00bb1000&Prime; bottom_number_first_before=\u00a0\u00bb~\u00a0\u00bb bottom_number_first_title=\u00a0\u00bb\u00e9tudiants\u00a0\u00bb bottom_number_second=\u00a0\u00bb40&Prime; bottom_number_second_before=\u00a0\u00bb&gt;\u00a0\u00bb bottom_number_second_title=\u00a0\u00bbnationalit\u00e9s\u00a0\u00bb]<\/p>\n<h2><span class=\"text-display\">Internationale, innovante, interdisciplinaire :<\/span><br \/>\nRejoignez notre communaut\u00e9<\/h2>\n<p class=\"big\">LUNEX \u00c9tablissement d&rsquo;Enseignement Sup\u00e9rieur Sp\u00e9cialis\u00e9 est accr\u00e9dit\u00e9 \u00e0 Luxembourg par le Minist\u00e8re de la Recherche et l&rsquo;Enseignement Sup\u00e9rieur. Nos dipl\u00f4mes de licence et de master r\u00e9pondent aux standards europ\u00e9ens. Kin\u00e9sith\u00e9rapie, science du sport et du mouvement, gestion du sport, nutrition, et sant\u00e9 et qualit\u00e9 de vie au travail. LUNEX s&rsquo;illustre par un profil acad\u00e9mique au contenu cibl\u00e9. Nos \u00e9tudiants et scientifiques b\u00e9n\u00e9ficient d&rsquo;\u00e9changes interdisciplinaires entre nos facult\u00e9s \u00e9troitement li\u00e9es.<\/p>\n<p>[\/dhsv_vc_intro][vc_empty_space height=\u00a0\u00bb100px\u00a0\u00bb][\/vc_column][\/vc_row][\/vc_section][vc_section][vc_row][vc_column][vc_empty_space height=\u00a0\u00bb100px\u00a0\u00bb][dhsv_vc_media_slider slider=\u00a0\u00bb%5B%7B%22slide_type%22%3A%22ytvideo%22%2C%22video%22%3A%224819%22%2C%22ytvideoid%22%3A%22zUiSyX8ZDoE%22%2C%22image%22%3A%2217000%22%2C%22caption%22%3A%22Vid%C3%A9o%3A%20This%20is%20LUNEX%20%22%7D%5D\u00a0\u00bb][vc_empty_space height=\u00a0\u00bb100px\u00a0\u00bb][vc_column_text]<\/p>\n<h2><span class=\"text-display\">We care, you succeed, join the LUNEX experience:<\/span><br \/>\nLUNEX, c&rsquo;est le bon choix<\/h2>\n<p class=\"big\">Ensemble vers le succ\u00e8s : \u00e0 LUNEX, l&rsquo;esprit d&rsquo;\u00e9quipe est un principe fondamental. Nous nous c\u00f4toyons dans le respect des uns et des autres et nous nous engageons \u00e0 accompagner nos \u00e9tudiants vers l&rsquo;atteinte de leur but. Nous allons bien au-del\u00e0 de la transmission des connaissances et de la remise des dipl\u00f4mes : notre devoir est de pr\u00e9parer des \u00e9tudiants comp\u00e9tents dans leur domaine mais aussi du point de vue social pour qu&rsquo;ils r\u00e9pondent aux demandes du march\u00e9 du travail et qu&rsquo;ils accomplissent leurs perspectives de carri\u00e8re internationale.<\/p>\n<p class=\"big\">Les activit\u00e9s de formation et de recherche effectu\u00e9es au sein de LUNEX s&rsquo;illustrent par leur excellence scientifique, leur lien \u00e9troit avec le terrain et leur pertinence du point de vue social. Le profil international de nos \u00e9quipes d&rsquo;enseignants et de professeurs instillent de nombreuses perspectives et approches diff\u00e9rentes.<\/p>\n<p>[\/vc_column_text][vc_empty_space height=\u00a0\u00bb100px\u00a0\u00bb][\/vc_column][\/vc_row][vc_row][vc_column width=\u00a0\u00bb1\/3&Prime;][vc_column_text]<\/p>\n<h4 class=\"text-primary\">Plus de chances gr\u00e2ce \u00e0 l&rsquo;anglais<\/h4>\n<p>[\/vc_column_text][\/vc_column][vc_column width=\u00a0\u00bb2\/3&Prime;][vc_column_text]Nous transmettons des connaissances et des comp\u00e9tences en anglais, la langue scientifique internationale. Cela vous permet d&rsquo;\u00e9largir votre horizon et de vous ouvrir des perspectives professionnelles sur le march\u00e9 international du travail et dans le domaine de la recherche.[\/vc_column_text][\/vc_column][\/vc_row][vc_row][vc_column][vc_column_text]<\/p>\n<hr \/>\n<p>[\/vc_column_text][vc_empty_space height=\u00a0\u00bb15px\u00a0\u00bb][\/vc_column][\/vc_row][vc_row][vc_column width=\u00a0\u00bb1\/3&Prime;][vc_column_text]<\/p>\n<h4 class=\"text-primary\">Des experts internationaux<\/h4>\n<p>[\/vc_column_text][\/vc_column][vc_column width=\u00a0\u00bb2\/3&Prime;][vc_column_text]Ce sont des experts reconnus venus de diff\u00e9rents pays qui enseignent \u00e0 LUNEX, ce qui garantit des approches disciplinaires et m\u00e9thodiques diversifi\u00e9es en science et en pratique. Lors de son d\u00e9roulement, votre cursus est compl\u00e9t\u00e9 par les interventions exclusives d&rsquo;invit\u00e9s.[\/vc_column_text][\/vc_column][\/vc_row][vc_row][vc_column][vc_column_text]<\/p>\n<hr \/>\n<p>[\/vc_column_text][vc_empty_space height=\u00a0\u00bb15px\u00a0\u00bb][\/vc_column][\/vc_row][vc_row][vc_column width=\u00a0\u00bb1\/3&Prime;][vc_column_text]<\/p>\n<h4 class=\"text-primary\">Un \u00e9quipement moderne, plein de style<\/h4>\n<p>[\/vc_column_text][\/vc_column][vc_column width=\u00a0\u00bb2\/3&Prime;][vc_column_text]Savourez une atmosph\u00e8re pleine de style et fonctionnelle en m\u00eame temps. Entour\u00e9e d&rsquo;installations permettant les entra\u00eenements et la comp\u00e9tition, LUNEX dispose de lieux modernes pour la th\u00e9orie et la pratique, mais aussi d&rsquo;un \u00e9quipement complet d&rsquo;analyse et de diagnostic, avec un laboratoire. Voyez par vous-m\u00eame et <a href=\"https:\/\/lunex.lu\/fr\/luniversite\/equipements-points-forts\/#tour\">commencez la visite virtuelle 3D \u00e0 travers LUNEX ici<\/a>.[\/vc_column_text][\/vc_column][\/vc_row][vc_row][vc_column][vc_column_text]<\/p>\n<hr \/>\n<p>[\/vc_column_text][vc_empty_space height=\u00a0\u00bb15px\u00a0\u00bb][\/vc_column][\/vc_row][vc_row][vc_column width=\u00a0\u00bb1\/3&Prime;][vc_column_text]<\/p>\n<h4 class=\"text-primary\">Les \u00e9tudiants au centre<\/h4>\n<p>[\/vc_column_text][\/vc_column][vc_column width=\u00a0\u00bb2\/3&Prime;][vc_column_text]Nous entretenons des rapports professionnels et bas\u00e9s sur la confiance avec nos \u00e9tudiants. \u00a0L&rsquo;enseignement, c&rsquo;est une responsabilit\u00e9 pour nous : Nos enseignants vous soutiennent et vous accompagnent sur la voie qui vous m\u00e8nera au succ\u00e8s \u2013 car votre r\u00e9ussite est la n\u00f4tre ![\/vc_column_text][\/vc_column][\/vc_row][vc_row][vc_column][vc_column_text]<\/p>\n<hr \/>\n<p>[\/vc_column_text][vc_empty_space height=\u00a0\u00bb15px\u00a0\u00bb][\/vc_column][\/vc_row][vc_row][vc_column width=\u00a0\u00bb1\/3&Prime;][vc_column_text]<\/p>\n<h4 class=\"text-primary\">Un concept d&rsquo;\u00e9tudes innovant<\/h4>\n<p>[\/vc_column_text][\/vc_column][vc_column width=\u00a0\u00bb2\/3&Prime;][vc_column_text]Flexible gr\u00e2ce aux blocs de cours et \u00e0 l&rsquo;apprentissage num\u00e9rique : l&rsquo;organisation de nos cours vous donne une marge de man\u0153uvre qui vous permet de concilier vos ambitions personnelles et professionnelles avec vos \u00e9tudes. Emploi \u00e9tudiant, stage, sport professionnel ? N&rsquo;h\u00e9sitez pas \u00e0 nous contacter, nous trouverons une solution.[\/vc_column_text][\/vc_column][\/vc_row][vc_row][vc_column][vc_column_text]<\/p>\n<hr \/>\n<p>[\/vc_column_text][vc_empty_space height=\u00a0\u00bb15px\u00a0\u00bb][\/vc_column][\/vc_row][vc_row][vc_column width=\u00a0\u00bb1\/3&Prime;][vc_column_text]<\/p>\n<h4 class=\"text-primary\">Le Luxembourg : vivre l&rsquo;Europe<\/h4>\n<p>[\/vc_column_text][\/vc_column][vc_column width=\u00a0\u00bb2\/3&Prime;][vc_column_text]Le Luxembourg jouxte la France, la Belgique et l&rsquo;Allemagne. Les langues officielles en vigueur ici sont le luxembourgeois, le fran\u00e7ais et l&rsquo;allemand, mais la majorit\u00e9 des habitants comprennent et parlent l&rsquo;anglais. C&rsquo;est une grande diversit\u00e9 culturelle ainsi que des entreprises et institutions internationales qui fa\u00e7onnent le visage de ce pays.[\/vc_column_text][\/vc_column][\/vc_row][vc_row][vc_column][vc_empty_space height=\u00a0\u00bb100px\u00a0\u00bb][\/vc_column][\/vc_row][\/vc_section][vc_section full_width=\u00a0\u00bbstretch_row\u00a0\u00bb section_background=\u00a0\u00bbbg-gray\u00a0\u00bb][vc_row][vc_column][vc_empty_space height=\u00a0\u00bb100px\u00a0\u00bb][\/vc_column][\/vc_row][vc_row][vc_column width=\u00a0\u00bb1\/3&Prime;][dhsv_vc_text_teaser headline=\u00a0\u00bb\u00c9tapes cl\u00e9s de notre histoire\u00a0\u00bb link_title=\u00a0\u00bben savoir plus\u00a0\u00bb link=\u00a0\u00bburl:%2Ffr%2Flinstitution%2Fau-sujet-de-lunex%2Fetapes-cles-de-notre-histoire%2F|target:_blank\u00a0\u00bb show_excerpt=\u00a0\u00bbno\u00a0\u00bb teaser=\u00a0\u00bb10590&Prime;][vc_empty_space height=\u00a0\u00bb20px\u00a0\u00bb][\/vc_column][vc_column width=\u00a0\u00bb1\/3&Prime;][dhsv_vc_text_teaser headline=\u00a0\u00bbProfil et strat\u00e9gie\u00a0\u00bb link_title=\u00a0\u00bben savoir plus\u00a0\u00bb link=\u00a0\u00bburl:https%3A%2F%2Flunex.lu%2Ffr%2Flinstitution%2Fau-sujet-de-lunex%2Fprofile-strategy%2F|target:_blank\u00a0\u00bb show_excerpt=\u00a0\u00bbno\u00a0\u00bb teaser=\u00a0\u00bb10590&Prime; bg_headline=\u00a0\u00bborange\u00a0\u00bb][vc_empty_space height=\u00a0\u00bb20px\u00a0\u00bb][\/vc_column][vc_column width=\u00a0\u00bb1\/3&Prime;][dhsv_vc_text_teaser headline=\u00a0\u00bbGouvernance\u00a0\u00bb link_title=\u00a0\u00bben savoir plus\u00a0\u00bb link=\u00a0\u00bburl:%2Ffr%2Flinstitution%2Fau-sujet-de-lunex%2Fgouvernance%2F|target:_blank\u00a0\u00bb show_excerpt=\u00a0\u00bbno\u00a0\u00bb teaser=\u00a0\u00bb10590&Prime; bg_headline=\u00a0\u00bbgreen\u00a0\u00bb][vc_empty_space height=\u00a0\u00bb20px\u00a0\u00bb][\/vc_column][\/vc_row][vc_row][vc_column][vc_empty_space height=\u00a0\u00bb80px\u00a0\u00bb][\/vc_column][\/vc_row][\/vc_section][vc_section full_width=\u00a0\u00bbstretch_row_content\u00a0\u00bb][vc_row][vc_column][dhsv_vc_template_element template_id=\u00a0\u00bb1955&Prime;][\/vc_column][\/vc_row][\/vc_section]<\/p>\n<\/div>","protected":false},"excerpt":{"rendered":"<p>[vc_section full_width=\u00a0\u00bbstretch_row\u00a0\u00bb section_background=\u00a0\u00bbbg-dark\u00a0\u00bb][vc_row][vc_column][vc_empty_space height=\u00a0\u00bb100px\u00a0\u00bb][dhsv_vc_intro type=\u00a0\u00bbreverse\u00a0\u00bb links=\u00a0\u00bb%5B%7B%7D%5D\u00a0\u00bb image=\u00a0\u00bb29377&Prime; top_type=\u00a0\u00bbcounter\u00a0\u00bb top_number=\u00a0\u00bb2015&Prime; top_number_counting=\u00a0\u00bbnoseperator\u00a0\u00bb top_number_title=\u00a0\u00bbann\u00e9e de fondation\u00a0\u00bb bottom_type=\u00a0\u00bbcounter_counter\u00a0\u00bb bottom_number_first=\u00a0\u00bb1000&Prime; bottom_number_first_before=\u00a0\u00bb~\u00a0\u00bb bottom_number_first_title=\u00a0\u00bb\u00e9tudiants\u00a0\u00bb bottom_number_second=\u00a0\u00bb40&Prime; bottom_number_second_before=\u00a0\u00bb&gt;\u00a0\u00bb bottom_number_second_title=\u00a0\u00bbnationalit\u00e9s\u00a0\u00bb] Internationale, innovante, interdisciplinaire : Rejoignez notre communaut\u00e9 LUNEX \u00c9tablissement d&rsquo;Enseignement Sup\u00e9rieur Sp\u00e9cialis\u00e9 est accr\u00e9dit\u00e9 \u00e0 Luxembourg par le Minist\u00e8re de la Recherche et l&rsquo;Enseignement Sup\u00e9rieur. Nos dipl\u00f4mes de licence et de master r\u00e9pondent aux standards &hellip;<\/p>\n","protected":false},"author":4,"featured_media":29396,"parent":2321,"menu_order":262,"comment_status":"closed","ping_status":"closed","template":"","meta":{"_acf_changed":false,"footnotes":""},"class_list":["post-2049","page","type-page","status-publish","has-post-thumbnail","hentry"],"acf":[],"yoast_head":"<!-- This site is optimized with the Yoast SEO plugin v27.5 - https:\/\/yoast.com\/product\/yoast-seo-wordpress\/ -->\n<title>Au sujet de LUNEX | LUNEX<\/title>\n<meta name=\"description\" content=\"Ouvert sur le monde, l&#039;Europe est notre chez nous : LUNEX au Luxembourg. Plus d&#039;infos ici ! \u2705 international \u2705 moderne \u2705 orient\u00e9 vers la pratique\" \/>\n<meta name=\"robots\" content=\"index, follow, max-snippet:-1, max-image-preview:large, max-video-preview:-1\" \/>\n<link rel=\"canonical\" href=\"https:\/\/lunex.lu\/fr\/linstitution\/au-sujet-de-lunex\/\" \/>\n<meta property=\"og:locale\" content=\"fr_FR\" \/>\n<meta property=\"og:type\" content=\"article\" \/>\n<meta property=\"og:title\" content=\"Au sujet de LUNEX | LUNEX\" \/>\n<meta property=\"og:description\" content=\"Ouvert sur le monde, l&#039;Europe est notre chez nous : LUNEX au Luxembourg. Plus d&#039;infos ici ! \u2705 international \u2705 moderne \u2705 orient\u00e9 vers la pratique\" \/>\n<meta property=\"og:url\" content=\"https:\/\/lunex.lu\/fr\/linstitution\/au-sujet-de-lunex\/\" \/>\n<meta property=\"og:site_name\" content=\"LUNEX\" \/>\n<meta property=\"article:modified_time\" content=\"2025-03-04T10:23:46+00:00\" \/>\n<meta property=\"og:image\" content=\"https:\/\/lunex.lu\/wp-content\/uploads\/FG_0321-scaled.jpg\" \/>\n\t<meta property=\"og:image:width\" content=\"2600\" \/>\n\t<meta property=\"og:image:height\" content=\"1734\" \/>\n\t<meta property=\"og:image:type\" content=\"image\/jpeg\" \/>\n<meta name=\"twitter:card\" content=\"summary_large_image\" \/>\n<meta name=\"twitter:label1\" content=\"Dur\u00e9e de lecture estim\u00e9e\" \/>\n\t<meta name=\"twitter:data1\" content=\"3 minutes\" \/>\n<script type=\"application\/ld+json\" class=\"yoast-schema-graph\">{\"@context\":\"https:\\\/\\\/schema.org\",\"@graph\":[{\"@type\":\"WebPage\",\"@id\":\"https:\\\/\\\/lunex.lu\\\/fr\\\/linstitution\\\/au-sujet-de-lunex\\\/\",\"url\":\"https:\\\/\\\/lunex.lu\\\/fr\\\/linstitution\\\/au-sujet-de-lunex\\\/\",\"name\":\"Au sujet de LUNEX | LUNEX\",\"isPartOf\":{\"@id\":\"https:\\\/\\\/lunex.lu\\\/fr\\\/#website\"},\"primaryImageOfPage\":{\"@id\":\"https:\\\/\\\/lunex.lu\\\/fr\\\/linstitution\\\/au-sujet-de-lunex\\\/#primaryimage\"},\"image\":{\"@id\":\"https:\\\/\\\/lunex.lu\\\/fr\\\/linstitution\\\/au-sujet-de-lunex\\\/#primaryimage\"},\"thumbnailUrl\":\"https:\\\/\\\/lunex.lu\\\/wp-content\\\/uploads\\\/FG_0321-scaled.jpg\",\"datePublished\":\"2019-12-25T15:22:33+00:00\",\"dateModified\":\"2025-03-04T10:23:46+00:00\",\"description\":\"Ouvert sur le monde, l'Europe est notre chez nous : LUNEX au Luxembourg. Plus d'infos ici ! \u2705 international \u2705 moderne \u2705 orient\u00e9 vers la pratique\",\"breadcrumb\":{\"@id\":\"https:\\\/\\\/lunex.lu\\\/fr\\\/linstitution\\\/au-sujet-de-lunex\\\/#breadcrumb\"},\"inLanguage\":\"fr-FR\",\"potentialAction\":[{\"@type\":\"ReadAction\",\"target\":[\"https:\\\/\\\/lunex.lu\\\/fr\\\/linstitution\\\/au-sujet-de-lunex\\\/\"]}]},{\"@type\":\"ImageObject\",\"inLanguage\":\"fr-FR\",\"@id\":\"https:\\\/\\\/lunex.lu\\\/fr\\\/linstitution\\\/au-sujet-de-lunex\\\/#primaryimage\",\"url\":\"https:\\\/\\\/lunex.lu\\\/wp-content\\\/uploads\\\/FG_0321-scaled.jpg\",\"contentUrl\":\"https:\\\/\\\/lunex.lu\\\/wp-content\\\/uploads\\\/FG_0321-scaled.jpg\",\"width\":2600,\"height\":1734},{\"@type\":\"BreadcrumbList\",\"@id\":\"https:\\\/\\\/lunex.lu\\\/fr\\\/linstitution\\\/au-sujet-de-lunex\\\/#breadcrumb\",\"itemListElement\":[{\"@type\":\"ListItem\",\"position\":1,\"name\":\"Home\",\"item\":\"https:\\\/\\\/lunex.lu\\\/fr\\\/\"},{\"@type\":\"ListItem\",\"position\":2,\"name\":\"L&#8217;Institution\",\"item\":\"https:\\\/\\\/lunex.lu\\\/fr\\\/linstitution\\\/\"},{\"@type\":\"ListItem\",\"position\":3,\"name\":\"Au sujet de LUNEX\"}]},{\"@type\":\"WebSite\",\"@id\":\"https:\\\/\\\/lunex.lu\\\/fr\\\/#website\",\"url\":\"https:\\\/\\\/lunex.lu\\\/fr\\\/\",\"name\":\"LUNEX\",\"description\":\"International University of Health, Exercise &amp; Sports\",\"publisher\":{\"@id\":\"https:\\\/\\\/lunex.lu\\\/fr\\\/#organization\"},\"potentialAction\":[{\"@type\":\"SearchAction\",\"target\":{\"@type\":\"EntryPoint\",\"urlTemplate\":\"https:\\\/\\\/lunex.lu\\\/fr\\\/?s={search_term_string}\"},\"query-input\":{\"@type\":\"PropertyValueSpecification\",\"valueRequired\":true,\"valueName\":\"search_term_string\"}}],\"inLanguage\":\"fr-FR\"},{\"@type\":\"Organization\",\"@id\":\"https:\\\/\\\/lunex.lu\\\/fr\\\/#organization\",\"name\":\"LUNEX University\",\"url\":\"https:\\\/\\\/lunex.lu\\\/fr\\\/\",\"logo\":{\"@type\":\"ImageObject\",\"inLanguage\":\"fr-FR\",\"@id\":\"https:\\\/\\\/lunex.lu\\\/fr\\\/#\\\/schema\\\/logo\\\/image\\\/\",\"url\":\"https:\\\/\\\/lunex.lu\\\/wp-content\\\/uploads\\\/logo-mobile.svg\",\"contentUrl\":\"https:\\\/\\\/lunex.lu\\\/wp-content\\\/uploads\\\/logo-mobile.svg\",\"width\":1,\"height\":1,\"caption\":\"LUNEX University\"},\"image\":{\"@id\":\"https:\\\/\\\/lunex.lu\\\/fr\\\/#\\\/schema\\\/logo\\\/image\\\/\"}}]}<\/script>\n<!-- \/ Yoast SEO plugin. -->","yoast_head_json":{"title":"Au sujet de LUNEX | LUNEX","description":"Ouvert sur le monde, l'Europe est notre chez nous : LUNEX au Luxembourg. Plus d'infos ici ! \u2705 international \u2705 moderne \u2705 orient\u00e9 vers la pratique","robots":{"index":"index","follow":"follow","max-snippet":"max-snippet:-1","max-image-preview":"max-image-preview:large","max-video-preview":"max-video-preview:-1"},"canonical":"https:\/\/lunex.lu\/fr\/linstitution\/au-sujet-de-lunex\/","og_locale":"fr_FR","og_type":"article","og_title":"Au sujet de LUNEX | LUNEX","og_description":"Ouvert sur le monde, l'Europe est notre chez nous : LUNEX au Luxembourg. Plus d'infos ici ! \u2705 international \u2705 moderne \u2705 orient\u00e9 vers la pratique","og_url":"https:\/\/lunex.lu\/fr\/linstitution\/au-sujet-de-lunex\/","og_site_name":"LUNEX","article_modified_time":"2025-03-04T10:23:46+00:00","og_image":[{"width":2600,"height":1734,"url":"https:\/\/lunex.lu\/wp-content\/uploads\/FG_0321-scaled.jpg","type":"image\/jpeg"}],"twitter_card":"summary_large_image","twitter_misc":{"Dur\u00e9e de lecture estim\u00e9e":"3 minutes"},"schema":{"@context":"https:\/\/schema.org","@graph":[{"@type":"WebPage","@id":"https:\/\/lunex.lu\/fr\/linstitution\/au-sujet-de-lunex\/","url":"https:\/\/lunex.lu\/fr\/linstitution\/au-sujet-de-lunex\/","name":"Au sujet de LUNEX | LUNEX","isPartOf":{"@id":"https:\/\/lunex.lu\/fr\/#website"},"primaryImageOfPage":{"@id":"https:\/\/lunex.lu\/fr\/linstitution\/au-sujet-de-lunex\/#primaryimage"},"image":{"@id":"https:\/\/lunex.lu\/fr\/linstitution\/au-sujet-de-lunex\/#primaryimage"},"thumbnailUrl":"https:\/\/lunex.lu\/wp-content\/uploads\/FG_0321-scaled.jpg","datePublished":"2019-12-25T15:22:33+00:00","dateModified":"2025-03-04T10:23:46+00:00","description":"Ouvert sur le monde, l'Europe est notre chez nous : LUNEX au Luxembourg. Plus d'infos ici ! \u2705 international \u2705 moderne \u2705 orient\u00e9 vers la pratique","breadcrumb":{"@id":"https:\/\/lunex.lu\/fr\/linstitution\/au-sujet-de-lunex\/#breadcrumb"},"inLanguage":"fr-FR","potentialAction":[{"@type":"ReadAction","target":["https:\/\/lunex.lu\/fr\/linstitution\/au-sujet-de-lunex\/"]}]},{"@type":"ImageObject","inLanguage":"fr-FR","@id":"https:\/\/lunex.lu\/fr\/linstitution\/au-sujet-de-lunex\/#primaryimage","url":"https:\/\/lunex.lu\/wp-content\/uploads\/FG_0321-scaled.jpg","contentUrl":"https:\/\/lunex.lu\/wp-content\/uploads\/FG_0321-scaled.jpg","width":2600,"height":1734},{"@type":"BreadcrumbList","@id":"https:\/\/lunex.lu\/fr\/linstitution\/au-sujet-de-lunex\/#breadcrumb","itemListElement":[{"@type":"ListItem","position":1,"name":"Home","item":"https:\/\/lunex.lu\/fr\/"},{"@type":"ListItem","position":2,"name":"L&#8217;Institution","item":"https:\/\/lunex.lu\/fr\/linstitution\/"},{"@type":"ListItem","position":3,"name":"Au sujet de LUNEX"}]},{"@type":"WebSite","@id":"https:\/\/lunex.lu\/fr\/#website","url":"https:\/\/lunex.lu\/fr\/","name":"LUNEX","description":"International University of Health, Exercise &amp; Sports","publisher":{"@id":"https:\/\/lunex.lu\/fr\/#organization"},"potentialAction":[{"@type":"SearchAction","target":{"@type":"EntryPoint","urlTemplate":"https:\/\/lunex.lu\/fr\/?s={search_term_string}"},"query-input":{"@type":"PropertyValueSpecification","valueRequired":true,"valueName":"search_term_string"}}],"inLanguage":"fr-FR"},{"@type":"Organization","@id":"https:\/\/lunex.lu\/fr\/#organization","name":"LUNEX University","url":"https:\/\/lunex.lu\/fr\/","logo":{"@type":"ImageObject","inLanguage":"fr-FR","@id":"https:\/\/lunex.lu\/fr\/#\/schema\/logo\/image\/","url":"https:\/\/lunex.lu\/wp-content\/uploads\/logo-mobile.svg","contentUrl":"https:\/\/lunex.lu\/wp-content\/uploads\/logo-mobile.svg","width":1,"height":1,"caption":"LUNEX University"},"image":{"@id":"https:\/\/lunex.lu\/fr\/#\/schema\/logo\/image\/"}}]}},"_links":{"self":[{"href":"https:\/\/lunex.lu\/fr\/wp-json\/wp\/v2\/pages\/2049","targetHints":{"allow":["GET"]}}],"collection":[{"href":"https:\/\/lunex.lu\/fr\/wp-json\/wp\/v2\/pages"}],"about":[{"href":"https:\/\/lunex.lu\/fr\/wp-json\/wp\/v2\/types\/page"}],"author":[{"embeddable":true,"href":"https:\/\/lunex.lu\/fr\/wp-json\/wp\/v2\/users\/4"}],"replies":[{"embeddable":true,"href":"https:\/\/lunex.lu\/fr\/wp-json\/wp\/v2\/comments?post=2049"}],"version-history":[{"count":5,"href":"https:\/\/lunex.lu\/fr\/wp-json\/wp\/v2\/pages\/2049\/revisions"}],"predecessor-version":[{"id":31138,"href":"https:\/\/lunex.lu\/fr\/wp-json\/wp\/v2\/pages\/2049\/revisions\/31138"}],"up":[{"embeddable":true,"href":"https:\/\/lunex.lu\/fr\/wp-json\/wp\/v2\/pages\/2321"}],"wp:featuredmedia":[{"embeddable":true,"href":"https:\/\/lunex.lu\/fr\/wp-json\/wp\/v2\/media\/29396"}],"wp:attachment":[{"href":"https:\/\/lunex.lu\/fr\/wp-json\/wp\/v2\/media?parent=2049"}],"curies":[{"name":"wp","href":"https:\/\/api.w.org\/{rel}","templated":true}]}}