{"id":2046,"date":"2020-01-17T09:08:35","date_gmt":"2020-01-17T08:08:35","guid":{"rendered":"https:\/\/lunex.lu\/faq\/"},"modified":"2024-03-07T13:27:42","modified_gmt":"2024-03-07T12:27:42","slug":"faq","status":"publish","type":"page","link":"https:\/\/lunex.lu\/fr\/aide-contact\/faq\/","title":{"rendered":"FAQ"},"content":{"rendered":"<div class=\"wpb-content-wrapper\"><p>[vc_section][vc_row][vc_column width=\u00a0\u00bb2\/3&Prime;][vc_empty_space height=\u00a0\u00bb100px\u00a0\u00bb mobile_height=\u00a0\u00bb50px\u00a0\u00bb][dhsv_vc_intro_short links=\u00a0\u00bb%5B%7B%7D%5D\u00a0\u00bb]<\/p>\n<h1><span class=\"text-primary text-display\">Ce que beaucoup aimerait savoir :<\/span><br \/>\nFoire Aux Questions \u2013 FAQ<\/h1>\n<p class=\"big\">Entamer un cursus, cela soul\u00e8ve de nombreuses questions fondamentales concr\u00e8tes, depuis la pr\u00e9paration jusqu&rsquo;au d\u00e9marrage du cursus choisi, et m\u00eame lorsqu&rsquo;on \u00e9tudie d\u00e9j\u00e0 \u00e0 LUNEX. Sur cette page, nous avons rassembl\u00e9 des r\u00e9ponses pr\u00e9cises aux questions les plus fr\u00e9quemment pos\u00e9es. Bien entendu, vous pouvez nous poser directement vos propres questions, <a href=\"https:\/\/lunex.lu\/fr\/aide-contact\/\">c&rsquo;est avec plaisir que nous vous r\u00e9pondrons et que nous vous conseillerons<\/a>.<\/p>\n<p>[\/dhsv_vc_intro_short][vc_empty_space height=\u00a0\u00bb100px\u00a0\u00bb mobile_height=\u00a0\u00bb50px\u00a0\u00bb][\/vc_column][vc_column width=\u00a0\u00bb1\/3&Prime;][\/vc_column][\/vc_row][\/vc_section][vc_section][vc_row][vc_column][vc_column_text]<\/p>\n<h2>Contact<\/h2>\n<p>[\/vc_column_text][dhsv_vc_faq_accordion term_id=\u00a0\u00bb94&Prime;][vc_empty_space height=\u00a0\u00bb100px\u00a0\u00bb mobile_height=\u00a0\u00bb50px\u00a0\u00bb][\/vc_column][\/vc_row][vc_row][vc_column][vc_column_text]<\/p>\n<h2>Conditions d&rsquo;admission &amp; candidature<\/h2>\n<p>[\/vc_column_text][dhsv_vc_faq_accordion term_id=\u00a0\u00bb83&Prime;][vc_empty_space height=\u00a0\u00bb100px\u00a0\u00bb mobile_height=\u00a0\u00bb50px\u00a0\u00bb][\/vc_column][\/vc_row][vc_row][vc_column][vc_column_text]<\/p>\n<h2>Pre-Bachelor Foundation Programme<\/h2>\n<p>[\/vc_column_text][dhsv_vc_faq_accordion term_id=\u00a0\u00bb86&Prime;][vc_empty_space height=\u00a0\u00bb100px\u00a0\u00bb mobile_height=\u00a0\u00bb50px\u00a0\u00bb][\/vc_column][\/vc_row][vc_row][vc_column][vc_column_text]<\/p>\n<h2>Tout savoir sur les \u00e9tudes<\/h2>\n<p>[\/vc_column_text][dhsv_vc_faq_accordion term_id=\u00a0\u00bb89&Prime;][vc_empty_space height=\u00a0\u00bb100px\u00a0\u00bb mobile_height=\u00a0\u00bb50px\u00a0\u00bb][\/vc_column][\/vc_row][vc_row][vc_column][vc_column_text]<\/p>\n<h2>Campus et ses environs<\/h2>\n<p>[\/vc_column_text][dhsv_vc_faq_accordion term_id=\u00a0\u00bb93&Prime;][\/vc_column][\/vc_row][\/vc_section][vc_section full_width=\u00a0\u00bbstretch_row_content\u00a0\u00bb el_id=\u00a0\u00bbkontakt\u00a0\u00bb][vc_row][vc_column][dhsv_vc_template_element template_id=\u00a0\u00bb1955&Prime;][\/vc_column][\/vc_row][\/vc_section]<\/p>\n<\/div>","protected":false},"excerpt":{"rendered":"<p>[vc_section][vc_row][vc_column width=\u00a0\u00bb2\/3&Prime;][vc_empty_space height=\u00a0\u00bb100px\u00a0\u00bb mobile_height=\u00a0\u00bb50px\u00a0\u00bb][dhsv_vc_intro_short links=\u00a0\u00bb%5B%7B%7D%5D\u00a0\u00bb] Ce que beaucoup aimerait savoir : Foire Aux Questions \u2013 FAQ Entamer un cursus, cela soul\u00e8ve de nombreuses questions fondamentales concr\u00e8tes, depuis la pr\u00e9paration jusqu&rsquo;au d\u00e9marrage du cursus choisi, et m\u00eame lorsqu&rsquo;on \u00e9tudie d\u00e9j\u00e0 \u00e0 LUNEX. Sur cette page, nous avons rassembl\u00e9 des r\u00e9ponses pr\u00e9cises aux questions les plus fr\u00e9quemment &hellip;<\/p>\n","protected":false},"author":4,"featured_media":0,"parent":2870,"menu_order":117,"comment_status":"closed","ping_status":"closed","template":"","meta":{"_acf_changed":false,"footnotes":""},"class_list":["post-2046","page","type-page","status-publish","hentry"],"acf":[],"yoast_head":"<!-- This site is optimized with the Yoast SEO plugin v27.5 - https:\/\/yoast.com\/product\/yoast-seo-wordpress\/ -->\n<title>FAQ | LUNEX<\/title>\n<meta name=\"description\" content=\"Ce que beaucoup aimerait savoir : Foire Aux Questions \u2013 FAQ sur les \u00e9tudes \u00e0 LUNEX au Luxembourg. Plus d&#039;infos ici ! \u2705 international \u2705 flexible \u2705 orient\u00e9 vers la pratique\" \/>\n<meta name=\"robots\" content=\"index, follow, max-snippet:-1, max-image-preview:large, max-video-preview:-1\" \/>\n<link rel=\"canonical\" href=\"https:\/\/lunex.lu\/fr\/aide-contact\/faq\/\" \/>\n<meta property=\"og:locale\" content=\"fr_FR\" \/>\n<meta property=\"og:type\" content=\"article\" \/>\n<meta property=\"og:title\" content=\"FAQ | LUNEX\" \/>\n<meta property=\"og:description\" content=\"Ce que beaucoup aimerait savoir : Foire Aux Questions \u2013 FAQ sur les \u00e9tudes \u00e0 LUNEX au Luxembourg. Plus d&#039;infos ici ! \u2705 international \u2705 flexible \u2705 orient\u00e9 vers la pratique\" \/>\n<meta property=\"og:url\" content=\"https:\/\/lunex.lu\/fr\/aide-contact\/faq\/\" \/>\n<meta property=\"og:site_name\" content=\"LUNEX\" \/>\n<meta property=\"article:modified_time\" content=\"2024-03-07T12:27:42+00:00\" \/>\n<meta name=\"twitter:card\" content=\"summary_large_image\" \/>\n<meta name=\"twitter:label1\" content=\"Dur\u00e9e de lecture estim\u00e9e\" \/>\n\t<meta name=\"twitter:data1\" content=\"1 minute\" \/>\n<script type=\"application\/ld+json\" class=\"yoast-schema-graph\">{\"@context\":\"https:\\\/\\\/schema.org\",\"@graph\":[{\"@type\":\"WebPage\",\"@id\":\"https:\\\/\\\/lunex.lu\\\/fr\\\/aide-contact\\\/faq\\\/\",\"url\":\"https:\\\/\\\/lunex.lu\\\/fr\\\/aide-contact\\\/faq\\\/\",\"name\":\"FAQ | LUNEX\",\"isPartOf\":{\"@id\":\"https:\\\/\\\/lunex.lu\\\/fr\\\/#website\"},\"datePublished\":\"2020-01-17T08:08:35+00:00\",\"dateModified\":\"2024-03-07T12:27:42+00:00\",\"description\":\"Ce que beaucoup aimerait savoir : Foire Aux Questions \u2013 FAQ sur les \u00e9tudes \u00e0 LUNEX au Luxembourg. Plus d'infos ici ! \u2705 international \u2705 flexible \u2705 orient\u00e9 vers la pratique\",\"breadcrumb\":{\"@id\":\"https:\\\/\\\/lunex.lu\\\/fr\\\/aide-contact\\\/faq\\\/#breadcrumb\"},\"inLanguage\":\"fr-FR\",\"potentialAction\":[{\"@type\":\"ReadAction\",\"target\":[\"https:\\\/\\\/lunex.lu\\\/fr\\\/aide-contact\\\/faq\\\/\"]}]},{\"@type\":\"BreadcrumbList\",\"@id\":\"https:\\\/\\\/lunex.lu\\\/fr\\\/aide-contact\\\/faq\\\/#breadcrumb\",\"itemListElement\":[{\"@type\":\"ListItem\",\"position\":1,\"name\":\"Home\",\"item\":\"https:\\\/\\\/lunex.lu\\\/fr\\\/\"},{\"@type\":\"ListItem\",\"position\":2,\"name\":\"Aide &#038; contact\",\"item\":\"https:\\\/\\\/lunex.lu\\\/fr\\\/aide-contact\\\/\"},{\"@type\":\"ListItem\",\"position\":3,\"name\":\"FAQ\"}]},{\"@type\":\"WebSite\",\"@id\":\"https:\\\/\\\/lunex.lu\\\/fr\\\/#website\",\"url\":\"https:\\\/\\\/lunex.lu\\\/fr\\\/\",\"name\":\"LUNEX\",\"description\":\"International University of Health, Exercise &amp; Sports\",\"publisher\":{\"@id\":\"https:\\\/\\\/lunex.lu\\\/fr\\\/#organization\"},\"potentialAction\":[{\"@type\":\"SearchAction\",\"target\":{\"@type\":\"EntryPoint\",\"urlTemplate\":\"https:\\\/\\\/lunex.lu\\\/fr\\\/?s={search_term_string}\"},\"query-input\":{\"@type\":\"PropertyValueSpecification\",\"valueRequired\":true,\"valueName\":\"search_term_string\"}}],\"inLanguage\":\"fr-FR\"},{\"@type\":\"Organization\",\"@id\":\"https:\\\/\\\/lunex.lu\\\/fr\\\/#organization\",\"name\":\"LUNEX University\",\"url\":\"https:\\\/\\\/lunex.lu\\\/fr\\\/\",\"logo\":{\"@type\":\"ImageObject\",\"inLanguage\":\"fr-FR\",\"@id\":\"https:\\\/\\\/lunex.lu\\\/fr\\\/#\\\/schema\\\/logo\\\/image\\\/\",\"url\":\"https:\\\/\\\/lunex.lu\\\/wp-content\\\/uploads\\\/logo-mobile.svg\",\"contentUrl\":\"https:\\\/\\\/lunex.lu\\\/wp-content\\\/uploads\\\/logo-mobile.svg\",\"width\":1,\"height\":1,\"caption\":\"LUNEX University\"},\"image\":{\"@id\":\"https:\\\/\\\/lunex.lu\\\/fr\\\/#\\\/schema\\\/logo\\\/image\\\/\"}}]}<\/script>\n<!-- \/ Yoast SEO plugin. -->","yoast_head_json":{"title":"FAQ | LUNEX","description":"Ce que beaucoup aimerait savoir : Foire Aux Questions \u2013 FAQ sur les \u00e9tudes \u00e0 LUNEX au Luxembourg. Plus d'infos ici ! \u2705 international \u2705 flexible \u2705 orient\u00e9 vers la pratique","robots":{"index":"index","follow":"follow","max-snippet":"max-snippet:-1","max-image-preview":"max-image-preview:large","max-video-preview":"max-video-preview:-1"},"canonical":"https:\/\/lunex.lu\/fr\/aide-contact\/faq\/","og_locale":"fr_FR","og_type":"article","og_title":"FAQ | LUNEX","og_description":"Ce que beaucoup aimerait savoir : Foire Aux Questions \u2013 FAQ sur les \u00e9tudes \u00e0 LUNEX au Luxembourg. Plus d'infos ici ! \u2705 international \u2705 flexible \u2705 orient\u00e9 vers la pratique","og_url":"https:\/\/lunex.lu\/fr\/aide-contact\/faq\/","og_site_name":"LUNEX","article_modified_time":"2024-03-07T12:27:42+00:00","twitter_card":"summary_large_image","twitter_misc":{"Dur\u00e9e de lecture estim\u00e9e":"1 minute"},"schema":{"@context":"https:\/\/schema.org","@graph":[{"@type":"WebPage","@id":"https:\/\/lunex.lu\/fr\/aide-contact\/faq\/","url":"https:\/\/lunex.lu\/fr\/aide-contact\/faq\/","name":"FAQ | LUNEX","isPartOf":{"@id":"https:\/\/lunex.lu\/fr\/#website"},"datePublished":"2020-01-17T08:08:35+00:00","dateModified":"2024-03-07T12:27:42+00:00","description":"Ce que beaucoup aimerait savoir : Foire Aux Questions \u2013 FAQ sur les \u00e9tudes \u00e0 LUNEX au Luxembourg. Plus d'infos ici ! \u2705 international \u2705 flexible \u2705 orient\u00e9 vers la pratique","breadcrumb":{"@id":"https:\/\/lunex.lu\/fr\/aide-contact\/faq\/#breadcrumb"},"inLanguage":"fr-FR","potentialAction":[{"@type":"ReadAction","target":["https:\/\/lunex.lu\/fr\/aide-contact\/faq\/"]}]},{"@type":"BreadcrumbList","@id":"https:\/\/lunex.lu\/fr\/aide-contact\/faq\/#breadcrumb","itemListElement":[{"@type":"ListItem","position":1,"name":"Home","item":"https:\/\/lunex.lu\/fr\/"},{"@type":"ListItem","position":2,"name":"Aide &#038; contact","item":"https:\/\/lunex.lu\/fr\/aide-contact\/"},{"@type":"ListItem","position":3,"name":"FAQ"}]},{"@type":"WebSite","@id":"https:\/\/lunex.lu\/fr\/#website","url":"https:\/\/lunex.lu\/fr\/","name":"LUNEX","description":"International University of Health, Exercise &amp; Sports","publisher":{"@id":"https:\/\/lunex.lu\/fr\/#organization"},"potentialAction":[{"@type":"SearchAction","target":{"@type":"EntryPoint","urlTemplate":"https:\/\/lunex.lu\/fr\/?s={search_term_string}"},"query-input":{"@type":"PropertyValueSpecification","valueRequired":true,"valueName":"search_term_string"}}],"inLanguage":"fr-FR"},{"@type":"Organization","@id":"https:\/\/lunex.lu\/fr\/#organization","name":"LUNEX University","url":"https:\/\/lunex.lu\/fr\/","logo":{"@type":"ImageObject","inLanguage":"fr-FR","@id":"https:\/\/lunex.lu\/fr\/#\/schema\/logo\/image\/","url":"https:\/\/lunex.lu\/wp-content\/uploads\/logo-mobile.svg","contentUrl":"https:\/\/lunex.lu\/wp-content\/uploads\/logo-mobile.svg","width":1,"height":1,"caption":"LUNEX University"},"image":{"@id":"https:\/\/lunex.lu\/fr\/#\/schema\/logo\/image\/"}}]}},"_links":{"self":[{"href":"https:\/\/lunex.lu\/fr\/wp-json\/wp\/v2\/pages\/2046","targetHints":{"allow":["GET"]}}],"collection":[{"href":"https:\/\/lunex.lu\/fr\/wp-json\/wp\/v2\/pages"}],"about":[{"href":"https:\/\/lunex.lu\/fr\/wp-json\/wp\/v2\/types\/page"}],"author":[{"embeddable":true,"href":"https:\/\/lunex.lu\/fr\/wp-json\/wp\/v2\/users\/4"}],"replies":[{"embeddable":true,"href":"https:\/\/lunex.lu\/fr\/wp-json\/wp\/v2\/comments?post=2046"}],"version-history":[{"count":5,"href":"https:\/\/lunex.lu\/fr\/wp-json\/wp\/v2\/pages\/2046\/revisions"}],"predecessor-version":[{"id":25324,"href":"https:\/\/lunex.lu\/fr\/wp-json\/wp\/v2\/pages\/2046\/revisions\/25324"}],"up":[{"embeddable":true,"href":"https:\/\/lunex.lu\/fr\/wp-json\/wp\/v2\/pages\/2870"}],"wp:attachment":[{"href":"https:\/\/lunex.lu\/fr\/wp-json\/wp\/v2\/media?parent=2046"}],"curies":[{"name":"wp","href":"https:\/\/api.w.org\/{rel}","templated":true}]}}