{"id":1952,"date":"2020-01-16T14:52:59","date_gmt":"2020-01-16T13:52:59","guid":{"rendered":"https:\/\/lunex.lu\/freizeit-sport\/"},"modified":"2026-01-26T10:41:06","modified_gmt":"2026-01-26T09:41:06","slug":"loisirs-et-sports","status":"publish","type":"page","link":"https:\/\/lunex.lu\/fr\/campus\/loisirs-et-sports\/","title":{"rendered":"Loisirs et sports"},"content":{"rendered":"<div class=\"wpb-content-wrapper\"><p>[vc_section][vc_row][vc_column][vc_empty_space height=\u00a0\u00bb100px\u00a0\u00bb mobile_height=\u00a0\u00bb50px\u00a0\u00bb][dhsv_vc_intro links=\u00a0\u00bb%5B%7B%22link%22%3A%22url%3Ahttps%253A%252F%252Fissuu.com%252Fvillededifferdange%252Fdocs%252Fsports_differdange-2020-issuu%7Ctitle%3ALes%2520activit%25C3%25A9s%2520sportives%2520de%2520la%2520ville%2520de%2520Differdange%7Ctarget%3A%2520_blank%7C%22%7D%2C%7B%22link%22%3A%22url%3Ahttps%253A%252F%252Fdirect.visitluxembourg.com%252Ffr%252Fque-faire%252Fsport-loisir%7Ctitle%3ALes%2520activit%25C3%25A9s%2520sportives%2520et%2520de%2520loisirs%2520au%2520Luxembourg%7Ctarget%3A%2520_blank%7C%22%7D%5D\u00a0\u00bb image=\u00a0\u00bb29581&Prime;]<\/p>\n<h1><span class=\"text-display text-primary\">\u00c0 vos marques, pr\u00eats, partez !<\/span><br \/>\nOffres de loisirs et sportives<\/h1>\n<p>En tant que ville europ\u00e9enne du sport, Differdange offre un large \u00e9ventail de possibilit\u00e9s pour rester actif tout au long de l&rsquo;ann\u00e9e. Que vous pr\u00e9f\u00e9riez les activit\u00e9s de plein air, les salles de sport, les entra\u00eenements en club ou les exercices individuels, la r\u00e9gion offre un environnement id\u00e9al pour un mode de vie \u00e9tudiant actif.<\/p>\n<p>Le Luxembourg est particuli\u00e8rement bien adapt\u00e9 aux amateurs de sport et de nature. Le cyclisme, la randonn\u00e9e, l&rsquo;escalade, l&rsquo;\u00e9quitation et les sports nautiques sont facilement accessibles, tandis que les activit\u00e9s culturelles et sociales compl\u00e8tent la vie \u00e9tudiante en dehors du campus.[\/dhsv_vc_intro][\/vc_column][\/vc_row][\/vc_section][vc_section][vc_row][vc_column][vc_empty_space height=\u00a0\u00bb100px\u00a0\u00bb mobile_height=\u00a0\u00bb0&Prime;][vc_column_text css=\u00a0\u00bb\u00a0\u00bb]<\/p>\n<h2><span class=\"text-display\">Des pauses actives :<\/span><br \/>\nles activit\u00e9s sportives propos\u00e9es par LUNEX<\/h2>\n<p>Rester actif fait partie du quotidien \u00e0 LUNEX. Pendant leur temps libre ou leur pause d\u00e9jeuner, les \u00e9tudiants peuvent participer \u00e0 divers sports organis\u00e9s \u00e0 Differdange. Les activit\u00e9s sont ouvertes \u00e0 tous les niveaux, des d\u00e9butants aux athl\u00e8tes confirm\u00e9s, et visent \u00e0 combiner activit\u00e9 physique et engagement social.<\/p>\n<h2>Sports \u00e9tudiants et comp\u00e9titions<\/h2>\n<p>Les \u00e9tudiants de LUNEX participent activement aux activit\u00e9s sportives \u00e9tudiantes, le <strong>TOSS (Tournoi OmniSport de Sup\u00e9lec)<\/strong> repr\u00e9sentant le principal \u00e9v\u00e9nement comp\u00e9titif de l&rsquo;ann\u00e9e universitaire. Organis\u00e9 chaque ann\u00e9e depuis 1989 par CentraleSup\u00e9lec, le tournoi a lieu en mai et rassemble environ 4 500 \u00e9tudiants d&rsquo;universit\u00e9s fran\u00e7aises et internationales, dont LUNEX.<\/p>\n<p>En 2025, LUNEX \u00e9tait repr\u00e9sent\u00e9e dans 12 sports diff\u00e9rents au TOSS. Plus de 70 \u00e9tudiants ont particip\u00e9 \u00e0 la comp\u00e9tition, obtenant un r\u00e9sultat exceptionnel en terminant premiers au classement g\u00e9n\u00e9ral. La d\u00e9l\u00e9gation a remport\u00e9 un total de <strong>12 m\u00e9dailles \u2013 7 d&rsquo;or, 4 d&rsquo;argent et 1 de bronze<\/strong> \u2013 notamment en natation, rugby, badminton, athl\u00e9tisme et tennis.[\/vc_column_text][vc_empty_space height=\u00a0\u00bb25px\u00a0\u00bb][vc_column_text]<\/p>\n<h3 class=\"text-primary\">Cheerleading<\/h3>\n<p>L&rsquo;\u00e9quipe de Cheerleading se r\u00e9unit dans le gymnase situ\u00e9 \u00e0 c\u00f4t\u00e9 de LUNEX pour s&rsquo;entra\u00eener aux cascades, aux techniques de gymnastique et aux chor\u00e9graphies. En 2024, ils ont obtenu une impressionnante deuxi\u00e8me place au concours TOSS.[\/vc_column_text][vc_empty_space height=\u00a0\u00bb25px\u00a0\u00bb][vc_column_text]<\/p>\n<h3 class=\"text-primary\">Football et rugby<\/h3>\n<p>La LSU organise des entra\u00eenements de football et de rugby sur le terrain de sport situ\u00e9 \u00e0 c\u00f4t\u00e9 de LUNEX. L&rsquo;objectif est de d\u00e9velopper des \u00e9quipes dans un futur proche pour participer \u00e0 des comp\u00e9titions. En 2024, les deux \u00e9quipes ont atteint les quarts de finale de la comp\u00e9tition TOSS.[\/vc_column_text][vc_empty_space height=\u00a0\u00bb25px\u00a0\u00bb][vc_column_text]<\/p>\n<h3 class=\"text-primary\">Volley-ball<\/h3>\n<p>Les \u00e9tudiants se r\u00e9unissent fr\u00e9quemment \u00e0 Schifflange pour s&rsquo;entra\u00eener au beach-volley, dans le but de constituer une \u00e9quipe comp\u00e9titive. En 2024, l&rsquo;\u00e9quipe s&rsquo;est qualifi\u00e9e pour les quarts de finale de la comp\u00e9tition TOSS.[\/vc_column_text][vc_empty_space height=\u00a0\u00bb25px\u00a0\u00bb][vc_column_text]<\/p>\n<h3 class=\"text-primary\">Tennis et natation<\/h3>\n<p>Le LSU supervise les \u00e9quipes de natation et de tennis, qui ont connu un succ\u00e8s remarquable en 2024, les deux \u00e9quipes ayant obtenu la premi\u00e8re place \u00e0 la comp\u00e9tition TOSS.[\/vc_column_text][vc_empty_space height=\u00a0\u00bb25px\u00a0\u00bb][vc_column_text css=\u00a0\u00bb\u00a0\u00bb]<\/p>\n<h3 class=\"text-primary\">Handball<\/h3>\n<p>Les entra\u00eenements de handball sont ouverts \u00e0 tous les niveaux. La LSU d\u00e9veloppe actuellement l&rsquo;\u00e9quipe dans le but de la pr\u00e9parer \u00e0 participer \u00e0 des comp\u00e9titions \u00e9tudiantes telles que le TOSS.[\/vc_column_text][vc_empty_space height=\u00a0\u00bb25px\u00a0\u00bb][vc_column_text css=\u00a0\u00bb\u00a0\u00bb]<\/p>\n<h3 class=\"text-primary\">Ultimate<\/h3>\n<p>Les s\u00e9ances d&rsquo;entra\u00eenement d&rsquo;ultimate sont ouvertes \u00e0 tous les niveaux et organis\u00e9es de mani\u00e8re structur\u00e9e. L&rsquo;accent est mis sur le d\u00e9veloppement de l&rsquo;esprit d&rsquo;\u00e9quipe et la pr\u00e9paration \u00e0 la comp\u00e9tition, avec comme objectif principal la participation au TOSS.[\/vc_column_text][vc_empty_space height=\u00a0\u00bb25px\u00a0\u00bb][vc_column_text css=\u00a0\u00bb\u00a0\u00bb]<\/p>\n<h3 class=\"text-primary\">Badminton<\/h3>\n<p>Les s\u00e9ances de badminton sont ouvertes \u00e0 tous les niveaux et suivent un format plus ax\u00e9 sur les loisirs. Les \u00e9tudiants peuvent profiter de cr\u00e9neaux horaires libres dans un environnement d\u00e9tendu et convivial, tout en ayant la possibilit\u00e9 de participer \u00e0 des comp\u00e9titions telles que le TOSS.[\/vc_column_text][vc_empty_space height=\u00a0\u00bb25px\u00a0\u00bb][vc_column_text css=\u00a0\u00bb\u00a0\u00bb]<\/p>\n<h3 class=\"text-primary\">Activit\u00e9s de loisirs au-del\u00e0 du sport<\/h3>\n<p>En plus des sports, la LSU organise \u00e9galement diverses activit\u00e9s de loisirs et sociales tout au long de l&rsquo;ann\u00e9e. Il s&rsquo;agit notamment de tournois de fl\u00e9chettes, de billard et de p\u00e9tanque, de s\u00e9ances de patinage sur glace pendant les mois d&rsquo;hiver et de soir\u00e9es jeux r\u00e9guli\u00e8res. Ces activit\u00e9s permettent aux \u00e9tudiants de se d\u00e9tendre, de nouer des liens avec leurs pairs et de profiter de la vie sur le campus au-del\u00e0 de l&rsquo;entra\u00eenement et de la comp\u00e9tition.[\/vc_column_text][vc_empty_space height=\u00a0\u00bb25px\u00a0\u00bb][vc_column_text]Des \u00e9quipes sportives sont actuellement en cours de d\u00e9veloppement et le LSU est impatient de proposer de plus en plus d&rsquo;activit\u00e9s et d&rsquo;\u00e9v\u00e9nements sportifs dans un avenir proche. Pour plus d&rsquo;informations, veuillez contacter le<a href=\"https:\/\/lunex.lu\/fr\/campus\/lsu\/\"> LSU<\/a>.[\/vc_column_text][vc_empty_space height=\u00a0\u00bb100px\u00a0\u00bb][\/vc_column][\/vc_row][\/vc_section][vc_section][vc_row][vc_column][dhsv_vc_image_slider slider=\u00a0\u00bb%5B%7B%22image%22%3A%2229605%22%2C%22caption%22%3A%22TimLProductions%22%7D%2C%7B%22image%22%3A%2229602%22%2C%22caption%22%3A%22TimLProductions%22%7D%2C%7B%22image%22%3A%2234109%22%7D%2C%7B%22image%22%3A%2234136%22%7D%2C%7B%22image%22%3A%2234124%22%7D%2C%7B%22image%22%3A%2234112%22%7D%2C%7B%22image%22%3A%2234100%22%7D%2C%7B%22image%22%3A%2229587%22%2C%22caption%22%3A%22CENTRALESUPELEC%22%7D%2C%7B%22image%22%3A%2229636%22%2C%22caption%22%3A%22LUNEX%2F%20Aurore%22%7D%2C%7B%22image%22%3A%2234097%22%7D%2C%7B%22image%22%3A%2234130%22%7D%2C%7B%22image%22%3A%2229596%22%2C%22caption%22%3A%22LUNEX%20Student%20Union%22%7D%5D\u00a0\u00bb][\/vc_column][\/vc_row][\/vc_section][vc_section disable_element=\u00a0\u00bbyes\u00a0\u00bb][vc_row][vc_column][vc_empty_space height=\u00a0\u00bb100px\u00a0\u00bb][dhsv_vc_events_slider][\/vc_column][\/vc_row][\/vc_section][vc_section full_width=\u00a0\u00bbstretch_row_content\u00a0\u00bb][vc_row][vc_column][dhsv_vc_template_element template_id=\u00a0\u00bb1955&Prime;][\/vc_column][\/vc_row][\/vc_section]<\/p>\n<\/div>","protected":false},"excerpt":{"rendered":"<p>[vc_section][vc_row][vc_column][vc_empty_space height=\u00a0\u00bb100px\u00a0\u00bb mobile_height=\u00a0\u00bb50px\u00a0\u00bb][dhsv_vc_intro links=\u00a0\u00bb%5B%7B%22link%22%3A%22url%3Ahttps%253A%252F%252Fissuu.com%252Fvillededifferdange%252Fdocs%252Fsports_differdange-2020-issuu%7Ctitle%3ALes%2520activit%25C3%25A9s%2520sportives%2520de%2520la%2520ville%2520de%2520Differdange%7Ctarget%3A%2520_blank%7C%22%7D%2C%7B%22link%22%3A%22url%3Ahttps%253A%252F%252Fdirect.visitluxembourg.com%252Ffr%252Fque-faire%252Fsport-loisir%7Ctitle%3ALes%2520activit%25C3%25A9s%2520sportives%2520et%2520de%2520loisirs%2520au%2520Luxembourg%7Ctarget%3A%2520_blank%7C%22%7D%5D\u00a0\u00bb image=\u00a0\u00bb29581&Prime;] \u00c0 vos marques, pr\u00eats, partez ! Offres de loisirs et sportives En tant que ville europ\u00e9enne du sport, Differdange offre un large \u00e9ventail de possibilit\u00e9s pour rester actif tout au long de l&rsquo;ann\u00e9e. Que vous pr\u00e9f\u00e9riez les activit\u00e9s de plein air, les salles de sport, les entra\u00eenements en club ou &hellip;<\/p>\n","protected":false},"author":4,"featured_media":29581,"parent":2185,"menu_order":137,"comment_status":"closed","ping_status":"closed","template":"","meta":{"_acf_changed":false,"footnotes":""},"class_list":["post-1952","page","type-page","status-publish","has-post-thumbnail","hentry"],"acf":[],"yoast_head":"<!-- This site is optimized with the Yoast SEO plugin v27.5 - https:\/\/yoast.com\/product\/yoast-seo-wordpress\/ -->\n<title>Loisirs et sports | LUNEX<\/title>\n<meta name=\"description\" content=\"Et... Action ! Les offres de loisirs et sportifs dans les environs de LUNEX University au Luxembourg. Plus d&#039;infos ici ! \u2705 international \u2705diversifi\u00e9 \u2705 individuel\" \/>\n<meta name=\"robots\" content=\"index, follow, max-snippet:-1, max-image-preview:large, max-video-preview:-1\" \/>\n<link rel=\"canonical\" href=\"https:\/\/lunex.lu\/fr\/campus\/loisirs-et-sports\/\" \/>\n<meta property=\"og:locale\" content=\"fr_FR\" \/>\n<meta property=\"og:type\" content=\"article\" \/>\n<meta property=\"og:title\" content=\"Loisirs et sports | LUNEX\" \/>\n<meta property=\"og:description\" content=\"Et... Action ! Les offres de loisirs et sportifs dans les environs de LUNEX University au Luxembourg. Plus d&#039;infos ici ! \u2705 international \u2705diversifi\u00e9 \u2705 individuel\" \/>\n<meta property=\"og:url\" content=\"https:\/\/lunex.lu\/fr\/campus\/loisirs-et-sports\/\" \/>\n<meta property=\"og:site_name\" content=\"LUNEX\" \/>\n<meta property=\"article:modified_time\" content=\"2026-01-26T09:41:06+00:00\" \/>\n<meta property=\"og:image\" content=\"https:\/\/lunex.lu\/wp-content\/uploads\/IMG_7415-scaled.jpg\" \/>\n\t<meta property=\"og:image:width\" content=\"2600\" \/>\n\t<meta property=\"og:image:height\" content=\"1950\" \/>\n\t<meta property=\"og:image:type\" content=\"image\/jpeg\" \/>\n<meta name=\"twitter:card\" content=\"summary_large_image\" \/>\n<meta name=\"twitter:label1\" content=\"Dur\u00e9e de lecture estim\u00e9e\" \/>\n\t<meta name=\"twitter:data1\" content=\"4 minutes\" \/>\n<script type=\"application\/ld+json\" class=\"yoast-schema-graph\">{\"@context\":\"https:\\\/\\\/schema.org\",\"@graph\":[{\"@type\":\"WebPage\",\"@id\":\"https:\\\/\\\/lunex.lu\\\/fr\\\/campus\\\/loisirs-et-sports\\\/\",\"url\":\"https:\\\/\\\/lunex.lu\\\/fr\\\/campus\\\/loisirs-et-sports\\\/\",\"name\":\"Loisirs et sports | LUNEX\",\"isPartOf\":{\"@id\":\"https:\\\/\\\/lunex.lu\\\/fr\\\/#website\"},\"primaryImageOfPage\":{\"@id\":\"https:\\\/\\\/lunex.lu\\\/fr\\\/campus\\\/loisirs-et-sports\\\/#primaryimage\"},\"image\":{\"@id\":\"https:\\\/\\\/lunex.lu\\\/fr\\\/campus\\\/loisirs-et-sports\\\/#primaryimage\"},\"thumbnailUrl\":\"https:\\\/\\\/lunex.lu\\\/wp-content\\\/uploads\\\/IMG_7415-scaled.jpg\",\"datePublished\":\"2020-01-16T13:52:59+00:00\",\"dateModified\":\"2026-01-26T09:41:06+00:00\",\"description\":\"Et... Action ! Les offres de loisirs et sportifs dans les environs de LUNEX University au Luxembourg. Plus d'infos ici ! \u2705 international \u2705diversifi\u00e9 \u2705 individuel\",\"breadcrumb\":{\"@id\":\"https:\\\/\\\/lunex.lu\\\/fr\\\/campus\\\/loisirs-et-sports\\\/#breadcrumb\"},\"inLanguage\":\"fr-FR\",\"potentialAction\":[{\"@type\":\"ReadAction\",\"target\":[\"https:\\\/\\\/lunex.lu\\\/fr\\\/campus\\\/loisirs-et-sports\\\/\"]}]},{\"@type\":\"ImageObject\",\"inLanguage\":\"fr-FR\",\"@id\":\"https:\\\/\\\/lunex.lu\\\/fr\\\/campus\\\/loisirs-et-sports\\\/#primaryimage\",\"url\":\"https:\\\/\\\/lunex.lu\\\/wp-content\\\/uploads\\\/IMG_7415-scaled.jpg\",\"contentUrl\":\"https:\\\/\\\/lunex.lu\\\/wp-content\\\/uploads\\\/IMG_7415-scaled.jpg\",\"width\":2600,\"height\":1950},{\"@type\":\"BreadcrumbList\",\"@id\":\"https:\\\/\\\/lunex.lu\\\/fr\\\/campus\\\/loisirs-et-sports\\\/#breadcrumb\",\"itemListElement\":[{\"@type\":\"ListItem\",\"position\":1,\"name\":\"Home\",\"item\":\"https:\\\/\\\/lunex.lu\\\/fr\\\/\"},{\"@type\":\"ListItem\",\"position\":2,\"name\":\"Campus\",\"item\":\"https:\\\/\\\/lunex.lu\\\/fr\\\/campus\\\/\"},{\"@type\":\"ListItem\",\"position\":3,\"name\":\"Loisirs et sports\"}]},{\"@type\":\"WebSite\",\"@id\":\"https:\\\/\\\/lunex.lu\\\/fr\\\/#website\",\"url\":\"https:\\\/\\\/lunex.lu\\\/fr\\\/\",\"name\":\"LUNEX\",\"description\":\"International University of Health, Exercise &amp; Sports\",\"publisher\":{\"@id\":\"https:\\\/\\\/lunex.lu\\\/fr\\\/#organization\"},\"potentialAction\":[{\"@type\":\"SearchAction\",\"target\":{\"@type\":\"EntryPoint\",\"urlTemplate\":\"https:\\\/\\\/lunex.lu\\\/fr\\\/?s={search_term_string}\"},\"query-input\":{\"@type\":\"PropertyValueSpecification\",\"valueRequired\":true,\"valueName\":\"search_term_string\"}}],\"inLanguage\":\"fr-FR\"},{\"@type\":\"Organization\",\"@id\":\"https:\\\/\\\/lunex.lu\\\/fr\\\/#organization\",\"name\":\"LUNEX University\",\"url\":\"https:\\\/\\\/lunex.lu\\\/fr\\\/\",\"logo\":{\"@type\":\"ImageObject\",\"inLanguage\":\"fr-FR\",\"@id\":\"https:\\\/\\\/lunex.lu\\\/fr\\\/#\\\/schema\\\/logo\\\/image\\\/\",\"url\":\"https:\\\/\\\/lunex.lu\\\/wp-content\\\/uploads\\\/logo-mobile.svg\",\"contentUrl\":\"https:\\\/\\\/lunex.lu\\\/wp-content\\\/uploads\\\/logo-mobile.svg\",\"width\":1,\"height\":1,\"caption\":\"LUNEX University\"},\"image\":{\"@id\":\"https:\\\/\\\/lunex.lu\\\/fr\\\/#\\\/schema\\\/logo\\\/image\\\/\"}}]}<\/script>\n<!-- \/ Yoast SEO plugin. -->","yoast_head_json":{"title":"Loisirs et sports | LUNEX","description":"Et... Action ! Les offres de loisirs et sportifs dans les environs de LUNEX University au Luxembourg. Plus d'infos ici ! \u2705 international \u2705diversifi\u00e9 \u2705 individuel","robots":{"index":"index","follow":"follow","max-snippet":"max-snippet:-1","max-image-preview":"max-image-preview:large","max-video-preview":"max-video-preview:-1"},"canonical":"https:\/\/lunex.lu\/fr\/campus\/loisirs-et-sports\/","og_locale":"fr_FR","og_type":"article","og_title":"Loisirs et sports | LUNEX","og_description":"Et... Action ! Les offres de loisirs et sportifs dans les environs de LUNEX University au Luxembourg. Plus d'infos ici ! \u2705 international \u2705diversifi\u00e9 \u2705 individuel","og_url":"https:\/\/lunex.lu\/fr\/campus\/loisirs-et-sports\/","og_site_name":"LUNEX","article_modified_time":"2026-01-26T09:41:06+00:00","og_image":[{"width":2600,"height":1950,"url":"https:\/\/lunex.lu\/wp-content\/uploads\/IMG_7415-scaled.jpg","type":"image\/jpeg"}],"twitter_card":"summary_large_image","twitter_misc":{"Dur\u00e9e de lecture estim\u00e9e":"4 minutes"},"schema":{"@context":"https:\/\/schema.org","@graph":[{"@type":"WebPage","@id":"https:\/\/lunex.lu\/fr\/campus\/loisirs-et-sports\/","url":"https:\/\/lunex.lu\/fr\/campus\/loisirs-et-sports\/","name":"Loisirs et sports | LUNEX","isPartOf":{"@id":"https:\/\/lunex.lu\/fr\/#website"},"primaryImageOfPage":{"@id":"https:\/\/lunex.lu\/fr\/campus\/loisirs-et-sports\/#primaryimage"},"image":{"@id":"https:\/\/lunex.lu\/fr\/campus\/loisirs-et-sports\/#primaryimage"},"thumbnailUrl":"https:\/\/lunex.lu\/wp-content\/uploads\/IMG_7415-scaled.jpg","datePublished":"2020-01-16T13:52:59+00:00","dateModified":"2026-01-26T09:41:06+00:00","description":"Et... Action ! Les offres de loisirs et sportifs dans les environs de LUNEX University au Luxembourg. Plus d'infos ici ! \u2705 international \u2705diversifi\u00e9 \u2705 individuel","breadcrumb":{"@id":"https:\/\/lunex.lu\/fr\/campus\/loisirs-et-sports\/#breadcrumb"},"inLanguage":"fr-FR","potentialAction":[{"@type":"ReadAction","target":["https:\/\/lunex.lu\/fr\/campus\/loisirs-et-sports\/"]}]},{"@type":"ImageObject","inLanguage":"fr-FR","@id":"https:\/\/lunex.lu\/fr\/campus\/loisirs-et-sports\/#primaryimage","url":"https:\/\/lunex.lu\/wp-content\/uploads\/IMG_7415-scaled.jpg","contentUrl":"https:\/\/lunex.lu\/wp-content\/uploads\/IMG_7415-scaled.jpg","width":2600,"height":1950},{"@type":"BreadcrumbList","@id":"https:\/\/lunex.lu\/fr\/campus\/loisirs-et-sports\/#breadcrumb","itemListElement":[{"@type":"ListItem","position":1,"name":"Home","item":"https:\/\/lunex.lu\/fr\/"},{"@type":"ListItem","position":2,"name":"Campus","item":"https:\/\/lunex.lu\/fr\/campus\/"},{"@type":"ListItem","position":3,"name":"Loisirs et sports"}]},{"@type":"WebSite","@id":"https:\/\/lunex.lu\/fr\/#website","url":"https:\/\/lunex.lu\/fr\/","name":"LUNEX","description":"International University of Health, Exercise &amp; Sports","publisher":{"@id":"https:\/\/lunex.lu\/fr\/#organization"},"potentialAction":[{"@type":"SearchAction","target":{"@type":"EntryPoint","urlTemplate":"https:\/\/lunex.lu\/fr\/?s={search_term_string}"},"query-input":{"@type":"PropertyValueSpecification","valueRequired":true,"valueName":"search_term_string"}}],"inLanguage":"fr-FR"},{"@type":"Organization","@id":"https:\/\/lunex.lu\/fr\/#organization","name":"LUNEX University","url":"https:\/\/lunex.lu\/fr\/","logo":{"@type":"ImageObject","inLanguage":"fr-FR","@id":"https:\/\/lunex.lu\/fr\/#\/schema\/logo\/image\/","url":"https:\/\/lunex.lu\/wp-content\/uploads\/logo-mobile.svg","contentUrl":"https:\/\/lunex.lu\/wp-content\/uploads\/logo-mobile.svg","width":1,"height":1,"caption":"LUNEX University"},"image":{"@id":"https:\/\/lunex.lu\/fr\/#\/schema\/logo\/image\/"}}]}},"_links":{"self":[{"href":"https:\/\/lunex.lu\/fr\/wp-json\/wp\/v2\/pages\/1952","targetHints":{"allow":["GET"]}}],"collection":[{"href":"https:\/\/lunex.lu\/fr\/wp-json\/wp\/v2\/pages"}],"about":[{"href":"https:\/\/lunex.lu\/fr\/wp-json\/wp\/v2\/types\/page"}],"author":[{"embeddable":true,"href":"https:\/\/lunex.lu\/fr\/wp-json\/wp\/v2\/users\/4"}],"replies":[{"embeddable":true,"href":"https:\/\/lunex.lu\/fr\/wp-json\/wp\/v2\/comments?post=1952"}],"version-history":[{"count":5,"href":"https:\/\/lunex.lu\/fr\/wp-json\/wp\/v2\/pages\/1952\/revisions"}],"predecessor-version":[{"id":34143,"href":"https:\/\/lunex.lu\/fr\/wp-json\/wp\/v2\/pages\/1952\/revisions\/34143"}],"up":[{"embeddable":true,"href":"https:\/\/lunex.lu\/fr\/wp-json\/wp\/v2\/pages\/2185"}],"wp:featuredmedia":[{"embeddable":true,"href":"https:\/\/lunex.lu\/fr\/wp-json\/wp\/v2\/media\/29581"}],"wp:attachment":[{"href":"https:\/\/lunex.lu\/fr\/wp-json\/wp\/v2\/media?parent=1952"}],"curies":[{"name":"wp","href":"https:\/\/api.w.org\/{rel}","templated":true}]}}