{"id":1589,"date":"2020-01-17T13:34:32","date_gmt":"2020-01-17T12:34:32","guid":{"rendered":"https:\/\/lunex.lu\/?page_id=1589"},"modified":"2026-01-08T17:08:13","modified_gmt":"2026-01-08T16:08:13","slug":"lsu","status":"publish","type":"page","link":"https:\/\/lunex.lu\/de\/campus\/lsu\/","title":{"rendered":"LUNEX Students\u2019 Union"},"content":{"rendered":"<div class=\"wpb-content-wrapper\"><p>[vc_section][vc_row][vc_column][vc_empty_space height=&#8220;100px&#8220; mobile_height=&#8220;50px&#8220;][dhsv_vc_intro links=&#8220;%5B%7B%22link%22%3A%22url%3Ahttps%253A%252F%252Fwww.lunex-students-union.com%252F%7Ctitle%3AWebseite%7Ctarget%3A_blank%22%7D%2C%7B%22link%22%3A%22url%3Ahttps%253A%252F%252Fwww.facebook.com%252Flunexstudentsunion%252F%7Ctitle%3AFacebook-Seite%7Ctarget%3A%2520_blank%7C%22%7D%2C%7B%22link%22%3A%22url%3Ahttps%253A%252F%252Fwww.facebook.com%252Flsu.lunex.1%7Ctitle%3AFacebook-Profil%7Ctarget%3A%2520_blank%7C%22%7D%2C%7B%22link%22%3A%22url%3Ahttps%253A%252F%252Fwww.instagram.com%252Flunex_students_union%252F%7Ctitle%3AInstagram%7Ctarget%3A%2520_blank%7C%22%7D%5D&#8220; image=&#8220;34005&#8243;]<\/p>\n<h1><span class=\"text-display text-primary\">Integration &amp; Gemeinschaft:\u00a0<\/span><br \/>\nLUNEX Students\u2018 Union<\/h1>\n<p class=\"big\">In der LUNEX Students&#8216; Union (LSU) engagieren sich 35 Studierende verschiedener Fachrichtungen. Die LSU organisiert studentische Events und ist Bindeglied zwischen den Studierenden und der Universit\u00e4tsverwaltung. Regelm\u00e4\u00dfige Teambesprechungen, thematische Abende, Partys, Kultur- und Sportveranstaltungen \u2013 all dies geh\u00f6rt zum Spektrum der LSU. Damit tr\u00e4gt die LUNEX Students\u2018 Union wesentlich dazu bei, dass sich neue Studierende schnell integrieren und Kontakte kn\u00fcpfen.<\/p>\n<p>[\/dhsv_vc_intro][vc_empty_space height=&#8220;100px&#8220; mobile_height=&#8220;0&#8243;][\/vc_column][\/vc_row][\/vc_section][vc_section][vc_row][vc_column width=&#8220;2\/3&#8243;][vc_column_text]<\/p>\n<h2>Immer ein offenes Ohr<\/h2>\n<p>Die LSU vertritt die Interessen der Studierenden an der LUNEX. Sie ist Ansprechpartner f\u00fcr Fragen rund um das Studentenleben, unterst\u00fctzt und vermittelt bei Problemen.[\/vc_column_text][vc_column_text css=&#8220;&#8220;]<\/p>\n<ul>\n<li data-gc-list-depth=\"1\" data-gc-list-style=\"bullet\">Mathilde Peign\u00e9 &#8211; Pr\u00e4sident<\/li>\n<li data-gc-list-depth=\"1\" data-gc-list-style=\"bullet\">Cl\u00e9mentine Guidi Eppe &#8211; Vizepr\u00e4sident<\/li>\n<li data-gc-list-depth=\"1\" data-gc-list-style=\"bullet\">Louise-Marie Giraud &#8211; Sekret\u00e4rin<\/li>\n<li data-gc-list-depth=\"1\" data-gc-list-style=\"bullet\">Matisse Ouakil &#8211; Schatzamt<\/li>\n<li data-gc-list-depth=\"1\" data-gc-list-style=\"bullet\">Amandine Desmousseaux &#8211; Kommunication<\/li>\n<\/ul>\n<p>[\/vc_column_text][\/vc_column][vc_column width=&#8220;1\/3&#8243;][\/vc_column][\/vc_row][\/vc_section][vc_section][vc_row disable_element=&#8220;yes&#8220;][vc_column][dhsv_vc_image_slider slider=&#8220;%5B%7B%22image%22%3A%221409%22%2C%22caption%22%3A%22Casola%20Robin%20-%20Pr%C3%A4sidentin%3B%20Johann%20Wallerich%20-%20Vizepr%C3%A4sident%3B%20Severi%20Justine%20-%20Sekret%C3%A4rin%3B%20Suriani%20Sara%20-%20Schatzamt%22%7D%5D&#8220;][vc_empty_space height=&#8220;100px&#8220;][\/vc_column][\/vc_row][\/vc_section][vc_section][vc_row][vc_column][vc_empty_space height=&#8220;100px&#8220; mobile_height=&#8220;60px&#8220; tablet_height=&#8220;60px&#8220;][dhsv_vc_cta image=&#8220;6858&#8243;]<\/p>\n<p class=\"h1\"><span class=\"text-display text-primary\">Direkter Draht:<\/span><br \/>\nKontakt zur LSU<\/p>\n<p>Wir freuen uns \u00fcber Feedback, Fragen und nat\u00fcrlich auch \u00fcber aktive Unterst\u00fctzung unserer Arbeit. Wer uns nicht auf dem Campus trifft, kann uns gern eine E-Mail an <a href=\"mailto:lsu@stud.lunex.lu\">lsu@stud.lunex.lu<\/a>\u00a0schreiben.[\/dhsv_vc_cta][\/vc_column][\/vc_row][\/vc_section]<\/p>\n<\/div>","protected":false},"excerpt":{"rendered":"<p>[vc_section][vc_row][vc_column][vc_empty_space height=&#8220;100px&#8220; mobile_height=&#8220;50px&#8220;][dhsv_vc_intro links=&#8220;%5B%7B%22link%22%3A%22url%3Ahttps%253A%252F%252Fwww.lunex-students-union.com%252F%7Ctitle%3AWebseite%7Ctarget%3A_blank%22%7D%2C%7B%22link%22%3A%22url%3Ahttps%253A%252F%252Fwww.facebook.com%252Flunexstudentsunion%252F%7Ctitle%3AFacebook-Seite%7Ctarget%3A%2520_blank%7C%22%7D%2C%7B%22link%22%3A%22url%3Ahttps%253A%252F%252Fwww.facebook.com%252Flsu.lunex.1%7Ctitle%3AFacebook-Profil%7Ctarget%3A%2520_blank%7C%22%7D%2C%7B%22link%22%3A%22url%3Ahttps%253A%252F%252Fwww.instagram.com%252Flunex_students_union%252F%7Ctitle%3AInstagram%7Ctarget%3A%2520_blank%7C%22%7D%5D&#8220; image=&#8220;34005&#8243;] Integration &amp; Gemeinschaft:\u00a0 LUNEX Students\u2018 Union In der LUNEX Students&#8216; Union (LSU) engagieren sich 35 Studierende verschiedener Fachrichtungen. Die LSU organisiert studentische Events und ist Bindeglied zwischen den Studierenden und der Universit\u00e4tsverwaltung. Regelm\u00e4\u00dfige Teambesprechungen, thematische Abende, Partys, Kultur- und Sportveranstaltungen \u2013 all dies geh\u00f6rt zum Spektrum der LSU. Damit tr\u00e4gt &hellip;<\/p>\n","protected":false},"author":4,"featured_media":0,"parent":877,"menu_order":166,"comment_status":"closed","ping_status":"closed","template":"","meta":{"_acf_changed":false,"footnotes":""},"class_list":["post-1589","page","type-page","status-publish","hentry"],"acf":[],"yoast_head":"<!-- This site is optimized with the Yoast SEO plugin v27.5 - https:\/\/yoast.com\/product\/yoast-seo-wordpress\/ -->\n<title>LUNEX Students\u2019 Union: Studierendenvereinigung der LUNEX University<\/title>\n<meta name=\"description\" content=\"Integration &amp; Gemeinschaft: die LUNEX Students\u2018 Union an der LUNEX, Luxemburg. Mehr Infos hier! \u2705 international \u2705 vielf\u00e4ltig \u2705 pers\u00f6nlich\" \/>\n<meta name=\"robots\" content=\"index, follow, max-snippet:-1, max-image-preview:large, max-video-preview:-1\" \/>\n<link rel=\"canonical\" href=\"https:\/\/lunex.lu\/de\/campus\/lsu\/\" \/>\n<meta property=\"og:locale\" content=\"de_DE\" \/>\n<meta property=\"og:type\" content=\"article\" \/>\n<meta property=\"og:title\" content=\"LUNEX Students\u2019 Union: Studierendenvereinigung der LUNEX University\" \/>\n<meta property=\"og:description\" content=\"Integration &amp; Gemeinschaft: die LUNEX Students\u2018 Union an der LUNEX, Luxemburg. Mehr Infos hier! \u2705 international \u2705 vielf\u00e4ltig \u2705 pers\u00f6nlich\" \/>\n<meta property=\"og:url\" content=\"https:\/\/lunex.lu\/de\/campus\/lsu\/\" \/>\n<meta property=\"og:site_name\" content=\"LUNEX\" \/>\n<meta property=\"article:modified_time\" content=\"2026-01-08T16:08:13+00:00\" \/>\n<meta name=\"twitter:card\" content=\"summary_large_image\" \/>\n<meta name=\"twitter:label1\" content=\"Gesch\u00e4tzte Lesezeit\" \/>\n\t<meta name=\"twitter:data1\" content=\"1\u00a0Minute\" \/>\n<script type=\"application\/ld+json\" class=\"yoast-schema-graph\">{\"@context\":\"https:\\\/\\\/schema.org\",\"@graph\":[{\"@type\":\"WebPage\",\"@id\":\"https:\\\/\\\/lunex.lu\\\/de\\\/campus\\\/lsu\\\/\",\"url\":\"https:\\\/\\\/lunex.lu\\\/de\\\/campus\\\/lsu\\\/\",\"name\":\"LUNEX Students\u2019 Union: Studierendenvereinigung der LUNEX University\",\"isPartOf\":{\"@id\":\"https:\\\/\\\/lunex.lu\\\/de\\\/#website\"},\"datePublished\":\"2020-01-17T12:34:32+00:00\",\"dateModified\":\"2026-01-08T16:08:13+00:00\",\"description\":\"Integration & Gemeinschaft: die LUNEX Students\u2018 Union an der LUNEX, Luxemburg. Mehr Infos hier! \u2705 international \u2705 vielf\u00e4ltig \u2705 pers\u00f6nlich\",\"breadcrumb\":{\"@id\":\"https:\\\/\\\/lunex.lu\\\/de\\\/campus\\\/lsu\\\/#breadcrumb\"},\"inLanguage\":\"de\",\"potentialAction\":[{\"@type\":\"ReadAction\",\"target\":[\"https:\\\/\\\/lunex.lu\\\/de\\\/campus\\\/lsu\\\/\"]}]},{\"@type\":\"BreadcrumbList\",\"@id\":\"https:\\\/\\\/lunex.lu\\\/de\\\/campus\\\/lsu\\\/#breadcrumb\",\"itemListElement\":[{\"@type\":\"ListItem\",\"position\":1,\"name\":\"Home\",\"item\":\"https:\\\/\\\/lunex.lu\\\/de\\\/\"},{\"@type\":\"ListItem\",\"position\":2,\"name\":\"Campus\",\"item\":\"https:\\\/\\\/lunex.lu\\\/de\\\/campus\\\/\"},{\"@type\":\"ListItem\",\"position\":3,\"name\":\"LUNEX Students\u2019 Union\"}]},{\"@type\":\"WebSite\",\"@id\":\"https:\\\/\\\/lunex.lu\\\/de\\\/#website\",\"url\":\"https:\\\/\\\/lunex.lu\\\/de\\\/\",\"name\":\"LUNEX\",\"description\":\"International University of Health, Exercise &amp; Sports\",\"publisher\":{\"@id\":\"https:\\\/\\\/lunex.lu\\\/de\\\/#organization\"},\"potentialAction\":[{\"@type\":\"SearchAction\",\"target\":{\"@type\":\"EntryPoint\",\"urlTemplate\":\"https:\\\/\\\/lunex.lu\\\/de\\\/?s={search_term_string}\"},\"query-input\":{\"@type\":\"PropertyValueSpecification\",\"valueRequired\":true,\"valueName\":\"search_term_string\"}}],\"inLanguage\":\"de\"},{\"@type\":\"Organization\",\"@id\":\"https:\\\/\\\/lunex.lu\\\/de\\\/#organization\",\"name\":\"LUNEX University\",\"url\":\"https:\\\/\\\/lunex.lu\\\/de\\\/\",\"logo\":{\"@type\":\"ImageObject\",\"inLanguage\":\"de\",\"@id\":\"https:\\\/\\\/lunex.lu\\\/de\\\/#\\\/schema\\\/logo\\\/image\\\/\",\"url\":\"https:\\\/\\\/lunex.lu\\\/wp-content\\\/uploads\\\/logo-mobile.svg\",\"contentUrl\":\"https:\\\/\\\/lunex.lu\\\/wp-content\\\/uploads\\\/logo-mobile.svg\",\"width\":1,\"height\":1,\"caption\":\"LUNEX University\"},\"image\":{\"@id\":\"https:\\\/\\\/lunex.lu\\\/de\\\/#\\\/schema\\\/logo\\\/image\\\/\"}}]}<\/script>\n<!-- \/ Yoast SEO plugin. -->","yoast_head_json":{"title":"LUNEX Students\u2019 Union: Studierendenvereinigung der LUNEX University","description":"Integration & Gemeinschaft: die LUNEX Students\u2018 Union an der LUNEX, Luxemburg. Mehr Infos hier! \u2705 international \u2705 vielf\u00e4ltig \u2705 pers\u00f6nlich","robots":{"index":"index","follow":"follow","max-snippet":"max-snippet:-1","max-image-preview":"max-image-preview:large","max-video-preview":"max-video-preview:-1"},"canonical":"https:\/\/lunex.lu\/de\/campus\/lsu\/","og_locale":"de_DE","og_type":"article","og_title":"LUNEX Students\u2019 Union: Studierendenvereinigung der LUNEX University","og_description":"Integration & Gemeinschaft: die LUNEX Students\u2018 Union an der LUNEX, Luxemburg. Mehr Infos hier! \u2705 international \u2705 vielf\u00e4ltig \u2705 pers\u00f6nlich","og_url":"https:\/\/lunex.lu\/de\/campus\/lsu\/","og_site_name":"LUNEX","article_modified_time":"2026-01-08T16:08:13+00:00","twitter_card":"summary_large_image","twitter_misc":{"Gesch\u00e4tzte Lesezeit":"1\u00a0Minute"},"schema":{"@context":"https:\/\/schema.org","@graph":[{"@type":"WebPage","@id":"https:\/\/lunex.lu\/de\/campus\/lsu\/","url":"https:\/\/lunex.lu\/de\/campus\/lsu\/","name":"LUNEX Students\u2019 Union: Studierendenvereinigung der LUNEX University","isPartOf":{"@id":"https:\/\/lunex.lu\/de\/#website"},"datePublished":"2020-01-17T12:34:32+00:00","dateModified":"2026-01-08T16:08:13+00:00","description":"Integration & Gemeinschaft: die LUNEX Students\u2018 Union an der LUNEX, Luxemburg. Mehr Infos hier! \u2705 international \u2705 vielf\u00e4ltig \u2705 pers\u00f6nlich","breadcrumb":{"@id":"https:\/\/lunex.lu\/de\/campus\/lsu\/#breadcrumb"},"inLanguage":"de","potentialAction":[{"@type":"ReadAction","target":["https:\/\/lunex.lu\/de\/campus\/lsu\/"]}]},{"@type":"BreadcrumbList","@id":"https:\/\/lunex.lu\/de\/campus\/lsu\/#breadcrumb","itemListElement":[{"@type":"ListItem","position":1,"name":"Home","item":"https:\/\/lunex.lu\/de\/"},{"@type":"ListItem","position":2,"name":"Campus","item":"https:\/\/lunex.lu\/de\/campus\/"},{"@type":"ListItem","position":3,"name":"LUNEX Students\u2019 Union"}]},{"@type":"WebSite","@id":"https:\/\/lunex.lu\/de\/#website","url":"https:\/\/lunex.lu\/de\/","name":"LUNEX","description":"International University of Health, Exercise &amp; Sports","publisher":{"@id":"https:\/\/lunex.lu\/de\/#organization"},"potentialAction":[{"@type":"SearchAction","target":{"@type":"EntryPoint","urlTemplate":"https:\/\/lunex.lu\/de\/?s={search_term_string}"},"query-input":{"@type":"PropertyValueSpecification","valueRequired":true,"valueName":"search_term_string"}}],"inLanguage":"de"},{"@type":"Organization","@id":"https:\/\/lunex.lu\/de\/#organization","name":"LUNEX University","url":"https:\/\/lunex.lu\/de\/","logo":{"@type":"ImageObject","inLanguage":"de","@id":"https:\/\/lunex.lu\/de\/#\/schema\/logo\/image\/","url":"https:\/\/lunex.lu\/wp-content\/uploads\/logo-mobile.svg","contentUrl":"https:\/\/lunex.lu\/wp-content\/uploads\/logo-mobile.svg","width":1,"height":1,"caption":"LUNEX University"},"image":{"@id":"https:\/\/lunex.lu\/de\/#\/schema\/logo\/image\/"}}]}},"_links":{"self":[{"href":"https:\/\/lunex.lu\/de\/wp-json\/wp\/v2\/pages\/1589","targetHints":{"allow":["GET"]}}],"collection":[{"href":"https:\/\/lunex.lu\/de\/wp-json\/wp\/v2\/pages"}],"about":[{"href":"https:\/\/lunex.lu\/de\/wp-json\/wp\/v2\/types\/page"}],"author":[{"embeddable":true,"href":"https:\/\/lunex.lu\/de\/wp-json\/wp\/v2\/users\/4"}],"replies":[{"embeddable":true,"href":"https:\/\/lunex.lu\/de\/wp-json\/wp\/v2\/comments?post=1589"}],"version-history":[{"count":5,"href":"https:\/\/lunex.lu\/de\/wp-json\/wp\/v2\/pages\/1589\/revisions"}],"predecessor-version":[{"id":34008,"href":"https:\/\/lunex.lu\/de\/wp-json\/wp\/v2\/pages\/1589\/revisions\/34008"}],"up":[{"embeddable":true,"href":"https:\/\/lunex.lu\/de\/wp-json\/wp\/v2\/pages\/877"}],"wp:attachment":[{"href":"https:\/\/lunex.lu\/de\/wp-json\/wp\/v2\/media?parent=1589"}],"curies":[{"name":"wp","href":"https:\/\/api.w.org\/{rel}","templated":true}]}}