{"id":1497,"date":"2020-01-16T14:52:59","date_gmt":"2020-01-16T13:52:59","guid":{"rendered":"https:\/\/lunex.lu\/?page_id=1497"},"modified":"2026-01-26T10:34:52","modified_gmt":"2026-01-26T09:34:52","slug":"freizeit-sport","status":"publish","type":"page","link":"https:\/\/lunex.lu\/de\/campus\/freizeit-sport\/","title":{"rendered":"Freizeit &#038; Sport"},"content":{"rendered":"<div class=\"wpb-content-wrapper\"><p>[vc_section][vc_row][vc_column][vc_empty_space height=&#8220;100px&#8220; mobile_height=&#8220;50&#8243;][dhsv_vc_intro links=&#8220;%5B%7B%22link%22%3A%22url%3Ahttps%253A%252F%252Fissuu.com%252Fvillededifferdange%252Fdocs%252Fsports_differdange-2020-issuu%7Ctitle%3ASportangebote%2520der%2520Stadt%2520Differdingen%7Ctarget%3A%2520_blank%7C%22%7D%2C%7B%22link%22%3A%22url%3Ahttps%253A%252F%252Fwww.visitluxembourg.com%252Fde%252Ferleben%252Fsport-freizeit%7Ctitle%3AFreizeit-%2520und%2520Sportaktivit%25C3%25A4ten%2520in%2520Luxemburg%7Ctarget%3A%2520_blank%7C%22%7D%5D&#8220; image=&#8220;29582&#8243;]<\/p>\n<h1><span class=\"text-display text-primary\">Und\u2026 Action! <\/span><br \/>\nFreizeit- &amp; Sportangebote<\/h1>\n<p>Als europ\u00e4ische Sportstadt bietet Differdange das ganze Jahr \u00fcber zahlreiche M\u00f6glichkeiten, aktiv zu bleiben. Ob Sie Outdoor-Aktivit\u00e4ten, Sporthallen, Vereinstraining oder individuelles Training bevorzugen \u2013 die Region bietet ein ideales Umfeld f\u00fcr einen aktiven Studentenlebensstil.<\/p>\n<p>Luxemburg ist besonders gut f\u00fcr Sport- und Naturliebhaber geeignet. Radfahren, Wandern, Klettern, Reiten und Wassersport sind leicht zug\u00e4nglich, w\u00e4hrend kulturelle und soziale Aktivit\u00e4ten das Studentenleben au\u00dferhalb des Campus erg\u00e4nzen.[\/dhsv_vc_intro][\/vc_column][\/vc_row][\/vc_section][vc_section][vc_row][vc_column width=&#8220;2\/3&#8243;][vc_empty_space height=&#8220;100px&#8220; mobile_height=&#8220;0&#8243;][vc_column_text css=&#8220;&#8220;]<\/p>\n<h2><span class=\"text-display\">Bewegende Pausen:<\/span><br \/>\nSportangebote der LUNEX<\/h2>\n<p>Aktiv zu bleiben geh\u00f6rt zum Alltag bei LUNEX. In ihrer Freizeit oder in den Mittagspausen k\u00f6nnen die Studierenden an einer Vielzahl von Sportaktivit\u00e4ten in Differdange teilnehmen. Die Aktivit\u00e4ten stehen allen offen, vom Anf\u00e4nger bis zum erfahrenen Sportler, und zielen darauf ab, k\u00f6rperliche Bet\u00e4tigung mit sozialem Engagement zu verbinden.<\/p>\n<h2>Studentensport &amp; Wettk\u00e4mpfe<\/h2>\n<p>Die Studierenden von LUNEX nehmen aktiv an studentischen Sportaktivit\u00e4ten teil, wobei das <strong>TOSS (Tournoi OmniSport de Sup\u00e9lec)<\/strong> die wichtigste Wettkampfveranstaltung des akademischen Jahres darstellt. Das Turnier wird seit 1989 j\u00e4hrlich von der CentraleSup\u00e9lec organisiert, findet jedes Jahr im Mai statt und bringt rund 4.500 Studierende aus franz\u00f6sischen und internationalen Universit\u00e4ten, darunter auch LUNEX, zusammen.<\/p>\n<p>Im Jahr 2025 war LUNEX bei den TOSS in 12 verschiedenen Sportarten vertreten. Mehr als 70 Studenten nahmen an dem Wettbewerb teil und erzielten mit dem ersten Platz in der Gesamtwertung ein au\u00dfergew\u00f6hnliches Ergebnis. Die Delegation gewann insgesamt <strong>12 Medaillen \u2013 7 Gold-, 4 Silber- und 1 Bronzemedaille \u2013<\/strong> darunter Siege in den Disziplinen Schwimmen, Rugby, Badminton, Leichtathletik und Tennis.[\/vc_column_text][vc_empty_space height=&#8220;25px&#8220;][vc_column_text]<\/p>\n<h3 class=\"text-primary\">Cheerleading-Team<\/h3>\n<p>Das Cheerleading-Team versammelt sich in der Turnhalle neben dem LUNEX, um f\u00fcr ihre Stunts, Turn\u00fcbungen und Choreografien zu trainieren. Im Jahr 2024 erreichten sie beim TOSS-Wettbewerb einen beeindruckenden zweiten Platz.[\/vc_column_text][vc_empty_space height=&#8220;25px&#8220;][vc_column_text]<\/p>\n<h3 class=\"text-primary\">Fu\u00dfball und Rugby<\/h3>\n<p>Die LSU organisiert auf dem Sportplatz neben LUNEX Trainingseinheiten f\u00fcr Fu\u00dfball und Rugby. Ziel ist es, in naher Zukunft Mannschaften f\u00fcr die Teilnahme an Wettbewerben zu bilden. Im Jahr 2024 erreichten beide Mannschaften beim TOSS-Wettbewerb das Viertelfinale.[\/vc_column_text][vc_empty_space height=&#8220;25px&#8220;][vc_column_text]<\/p>\n<h3 class=\"text-primary\">Volleyball<\/h3>\n<p>Die Sch\u00fcler treffen sich regelm\u00e4\u00dfig in Schifflange zum Beachvolleyballtraining, um ein konkurrenzf\u00e4higes Team aufzubauen. Im Jahr 2024 erreichte das Team beim TOSS-Wettbewerb das Viertelfinale.[\/vc_column_text][vc_empty_space height=&#8220;25px&#8220;][vc_column_text]<\/p>\n<h3 class=\"text-primary\">Tennis und Schwimmen<\/h3>\n<p>Die LSU betreut sowohl das Schwimm- als auch das Tennisteam, die im Jahr 2024 bemerkenswerte Erfolge erzielten, indem beide Teams den ersten Platz beim TOSS-Wettbewerb belegten.[\/vc_column_text][vc_empty_space height=&#8220;25px&#8220;][vc_column_text css=&#8220;&#8220;]<\/p>\n<h3 class=\"text-primary\">Handball<\/h3>\n<p>Handballtrainings sind f\u00fcr alle Leistungsstufen offen. Die LSU baut derzeit die Mannschaft auf, mit dem Ziel, sich auf die Teilnahme an Studentenwettbewerben wie dem TOSS vorzubereiten.[\/vc_column_text][vc_empty_space height=&#8220;25px&#8220;][vc_column_text css=&#8220;&#8220;]<\/p>\n<h3 class=\"text-primary\">Ultimate<\/h3>\n<p>Ultimate-Trainingseinheiten stehen allen Leistungsstufen offen und sind strukturiert organisiert. Der Schwerpunkt liegt auf der Teamentwicklung und der Vorbereitung auf Wettk\u00e4mpfe, wobei die Teilnahme am TOSS ein wichtiges Ziel ist.[\/vc_column_text][vc_empty_space height=&#8220;25px&#8220;][vc_column_text css=&#8220;&#8220;]<\/p>\n<h3 class=\"text-primary\">Badminton<\/h3>\n<p>Die Badminton-Kurse sind f\u00fcr alle Spielst\u00e4rken offen und eher freizeitorientiert. Die Sch\u00fcler k\u00f6nnen in einer entspannten und geselligen Atmosph\u00e4re frei spielen und haben dennoch die M\u00f6glichkeit, an Wettbewerben wie dem TOSS teilzunehmen.[\/vc_column_text][vc_empty_space height=&#8220;25px&#8220;][vc_column_text css=&#8220;&#8220;]<\/p>\n<h3 class=\"text-primary\">Freizeitaktivit\u00e4ten jenseits des Sports<\/h3>\n<p>Neben Sportveranstaltungen organisiert die LSU das ganze Jahr \u00fcber eine Vielzahl von Freizeit- und Gesellschaftsaktivit\u00e4ten. Dazu geh\u00f6ren Dart-, Billard- und P\u00e9tanque-Turniere, Eislaufen in den Wintermonaten und regelm\u00e4\u00dfige Spieleabende. Diese Aktivit\u00e4ten bieten den Studierenden die M\u00f6glichkeit, sich zu entspannen, Kontakte zu Gleichaltrigen zu kn\u00fcpfen und das Campusleben jenseits von Training und Wettk\u00e4mpfen zu genie\u00dfen.[\/vc_column_text][vc_empty_space height=&#8220;25px&#8220;][vc_column_text]Sportteams befinden sich derzeit im Aufbau, und die LSU ist bestrebt, in naher Zukunft mehr und mehr sportliche Aktivit\u00e4ten und Veranstaltungen anzubieten. F\u00fcr weitere Informationen wenden Sie sich bitte an die <a href=\"https:\/\/lunex.lu\/de\/campus\/lsu\/\">LSU<\/a>.[\/vc_column_text][vc_empty_space height=&#8220;100px&#8220;][\/vc_column][vc_column width=&#8220;1\/3&#8243;][\/vc_column][\/vc_row][\/vc_section][vc_section][vc_row][vc_column][dhsv_vc_image_slider slider=&#8220;%5B%7B%22image%22%3A%2229606%22%2C%22caption%22%3A%22TimLProductions%22%7D%2C%7B%22image%22%3A%2229588%22%2C%22caption%22%3A%22CENTRALESUPELEC%22%7D%2C%7B%22image%22%3A%2229638%22%2C%22caption%22%3A%22LUNEX%2F%20Aurore%22%7D%2C%7B%22image%22%3A%2229597%22%2C%22caption%22%3A%22LUNEX%20Student%20Union%22%7D%2C%7B%22image%22%3A%2234101%22%7D%2C%7B%22image%22%3A%2234110%22%7D%2C%7B%22image%22%3A%2234131%22%7D%2C%7B%22image%22%3A%2234113%22%7D%2C%7B%22image%22%3A%2234125%22%7D%2C%7B%22image%22%3A%2234104%22%7D%2C%7B%22image%22%3A%2234137%22%7D%5D&#8220;][\/vc_column][\/vc_row][\/vc_section][vc_section disable_element=&#8220;yes&#8220;][vc_row][vc_column][vc_empty_space height=&#8220;100px&#8220;][dhsv_vc_events_slider][\/vc_column][\/vc_row][\/vc_section][vc_section full_width=&#8220;stretch_row_content&#8220;][vc_row][vc_column][dhsv_vc_template_element template_id=&#8220;1501&#8243;][\/vc_column][\/vc_row][\/vc_section]<\/p>\n<\/div>","protected":false},"excerpt":{"rendered":"<p>[vc_section][vc_row][vc_column][vc_empty_space height=&#8220;100px&#8220; mobile_height=&#8220;50&#8243;][dhsv_vc_intro links=&#8220;%5B%7B%22link%22%3A%22url%3Ahttps%253A%252F%252Fissuu.com%252Fvillededifferdange%252Fdocs%252Fsports_differdange-2020-issuu%7Ctitle%3ASportangebote%2520der%2520Stadt%2520Differdingen%7Ctarget%3A%2520_blank%7C%22%7D%2C%7B%22link%22%3A%22url%3Ahttps%253A%252F%252Fwww.visitluxembourg.com%252Fde%252Ferleben%252Fsport-freizeit%7Ctitle%3AFreizeit-%2520und%2520Sportaktivit%25C3%25A4ten%2520in%2520Luxemburg%7Ctarget%3A%2520_blank%7C%22%7D%5D&#8220; image=&#8220;29582&#8243;] Und\u2026 Action! Freizeit- &amp; Sportangebote Als europ\u00e4ische Sportstadt bietet Differdange das ganze Jahr \u00fcber zahlreiche M\u00f6glichkeiten, aktiv zu bleiben. Ob Sie Outdoor-Aktivit\u00e4ten, Sporthallen, Vereinstraining oder individuelles Training bevorzugen \u2013 die Region bietet ein ideales Umfeld f\u00fcr einen aktiven Studentenlebensstil. Luxemburg ist besonders gut f\u00fcr Sport- und Naturliebhaber geeignet. Radfahren, Wandern, &hellip;<\/p>\n","protected":false},"author":4,"featured_media":29582,"parent":877,"menu_order":135,"comment_status":"closed","ping_status":"closed","template":"","meta":{"_acf_changed":false,"footnotes":""},"class_list":["post-1497","page","type-page","status-publish","has-post-thumbnail","hentry"],"acf":[],"yoast_head":"<!-- This site is optimized with the Yoast SEO plugin v27.5 - https:\/\/yoast.com\/product\/yoast-seo-wordpress\/ -->\n<title>Freizeit &amp; Sport | LUNEX<\/title>\n<meta name=\"description\" content=\"Und\u2026 Action! Freizeit- &amp; Sportangebote im Umfeld der LUNEX, Luxemburg. Mehr Infos hier! \u2705 international \u2705 vielf\u00e4ltig \u2705 individuell\" \/>\n<meta name=\"robots\" content=\"index, follow, max-snippet:-1, max-image-preview:large, max-video-preview:-1\" \/>\n<link rel=\"canonical\" href=\"https:\/\/lunex.lu\/de\/campus\/freizeit-sport\/\" \/>\n<meta property=\"og:locale\" content=\"de_DE\" \/>\n<meta property=\"og:type\" content=\"article\" \/>\n<meta property=\"og:title\" content=\"Freizeit &amp; Sport | LUNEX\" \/>\n<meta property=\"og:description\" content=\"Und\u2026 Action! Freizeit- &amp; Sportangebote im Umfeld der LUNEX, Luxemburg. Mehr Infos hier! \u2705 international \u2705 vielf\u00e4ltig \u2705 individuell\" \/>\n<meta property=\"og:url\" content=\"https:\/\/lunex.lu\/de\/campus\/freizeit-sport\/\" \/>\n<meta property=\"og:site_name\" content=\"LUNEX\" \/>\n<meta property=\"article:modified_time\" content=\"2026-01-26T09:34:52+00:00\" \/>\n<meta property=\"og:image\" content=\"https:\/\/lunex.lu\/wp-content\/uploads\/IMG_7415-scaled.jpg\" \/>\n\t<meta property=\"og:image:width\" content=\"2600\" \/>\n\t<meta property=\"og:image:height\" content=\"1950\" \/>\n\t<meta property=\"og:image:type\" content=\"image\/jpeg\" \/>\n<meta name=\"twitter:card\" content=\"summary_large_image\" \/>\n<meta name=\"twitter:label1\" content=\"Gesch\u00e4tzte Lesezeit\" \/>\n\t<meta name=\"twitter:data1\" content=\"3\u00a0Minuten\" \/>\n<script type=\"application\/ld+json\" class=\"yoast-schema-graph\">{\"@context\":\"https:\\\/\\\/schema.org\",\"@graph\":[{\"@type\":\"WebPage\",\"@id\":\"https:\\\/\\\/lunex.lu\\\/de\\\/campus\\\/freizeit-sport\\\/\",\"url\":\"https:\\\/\\\/lunex.lu\\\/de\\\/campus\\\/freizeit-sport\\\/\",\"name\":\"Freizeit & Sport | LUNEX\",\"isPartOf\":{\"@id\":\"https:\\\/\\\/lunex.lu\\\/de\\\/#website\"},\"primaryImageOfPage\":{\"@id\":\"https:\\\/\\\/lunex.lu\\\/de\\\/campus\\\/freizeit-sport\\\/#primaryimage\"},\"image\":{\"@id\":\"https:\\\/\\\/lunex.lu\\\/de\\\/campus\\\/freizeit-sport\\\/#primaryimage\"},\"thumbnailUrl\":\"https:\\\/\\\/lunex.lu\\\/wp-content\\\/uploads\\\/IMG_7415-scaled.jpg\",\"datePublished\":\"2020-01-16T13:52:59+00:00\",\"dateModified\":\"2026-01-26T09:34:52+00:00\",\"description\":\"Und\u2026 Action! Freizeit- & Sportangebote im Umfeld der LUNEX, Luxemburg. Mehr Infos hier! \u2705 international \u2705 vielf\u00e4ltig \u2705 individuell\",\"breadcrumb\":{\"@id\":\"https:\\\/\\\/lunex.lu\\\/de\\\/campus\\\/freizeit-sport\\\/#breadcrumb\"},\"inLanguage\":\"de\",\"potentialAction\":[{\"@type\":\"ReadAction\",\"target\":[\"https:\\\/\\\/lunex.lu\\\/de\\\/campus\\\/freizeit-sport\\\/\"]}]},{\"@type\":\"ImageObject\",\"inLanguage\":\"de\",\"@id\":\"https:\\\/\\\/lunex.lu\\\/de\\\/campus\\\/freizeit-sport\\\/#primaryimage\",\"url\":\"https:\\\/\\\/lunex.lu\\\/wp-content\\\/uploads\\\/IMG_7415-scaled.jpg\",\"contentUrl\":\"https:\\\/\\\/lunex.lu\\\/wp-content\\\/uploads\\\/IMG_7415-scaled.jpg\",\"width\":2600,\"height\":1950},{\"@type\":\"BreadcrumbList\",\"@id\":\"https:\\\/\\\/lunex.lu\\\/de\\\/campus\\\/freizeit-sport\\\/#breadcrumb\",\"itemListElement\":[{\"@type\":\"ListItem\",\"position\":1,\"name\":\"Home\",\"item\":\"https:\\\/\\\/lunex.lu\\\/de\\\/\"},{\"@type\":\"ListItem\",\"position\":2,\"name\":\"Campus\",\"item\":\"https:\\\/\\\/lunex.lu\\\/de\\\/campus\\\/\"},{\"@type\":\"ListItem\",\"position\":3,\"name\":\"Freizeit &#038; Sport\"}]},{\"@type\":\"WebSite\",\"@id\":\"https:\\\/\\\/lunex.lu\\\/de\\\/#website\",\"url\":\"https:\\\/\\\/lunex.lu\\\/de\\\/\",\"name\":\"LUNEX\",\"description\":\"International University of Health, Exercise &amp; Sports\",\"publisher\":{\"@id\":\"https:\\\/\\\/lunex.lu\\\/de\\\/#organization\"},\"potentialAction\":[{\"@type\":\"SearchAction\",\"target\":{\"@type\":\"EntryPoint\",\"urlTemplate\":\"https:\\\/\\\/lunex.lu\\\/de\\\/?s={search_term_string}\"},\"query-input\":{\"@type\":\"PropertyValueSpecification\",\"valueRequired\":true,\"valueName\":\"search_term_string\"}}],\"inLanguage\":\"de\"},{\"@type\":\"Organization\",\"@id\":\"https:\\\/\\\/lunex.lu\\\/de\\\/#organization\",\"name\":\"LUNEX University\",\"url\":\"https:\\\/\\\/lunex.lu\\\/de\\\/\",\"logo\":{\"@type\":\"ImageObject\",\"inLanguage\":\"de\",\"@id\":\"https:\\\/\\\/lunex.lu\\\/de\\\/#\\\/schema\\\/logo\\\/image\\\/\",\"url\":\"https:\\\/\\\/lunex.lu\\\/wp-content\\\/uploads\\\/logo-mobile.svg\",\"contentUrl\":\"https:\\\/\\\/lunex.lu\\\/wp-content\\\/uploads\\\/logo-mobile.svg\",\"width\":1,\"height\":1,\"caption\":\"LUNEX University\"},\"image\":{\"@id\":\"https:\\\/\\\/lunex.lu\\\/de\\\/#\\\/schema\\\/logo\\\/image\\\/\"}}]}<\/script>\n<!-- \/ Yoast SEO plugin. -->","yoast_head_json":{"title":"Freizeit & Sport | LUNEX","description":"Und\u2026 Action! Freizeit- & Sportangebote im Umfeld der LUNEX, Luxemburg. Mehr Infos hier! \u2705 international \u2705 vielf\u00e4ltig \u2705 individuell","robots":{"index":"index","follow":"follow","max-snippet":"max-snippet:-1","max-image-preview":"max-image-preview:large","max-video-preview":"max-video-preview:-1"},"canonical":"https:\/\/lunex.lu\/de\/campus\/freizeit-sport\/","og_locale":"de_DE","og_type":"article","og_title":"Freizeit & Sport | LUNEX","og_description":"Und\u2026 Action! Freizeit- & Sportangebote im Umfeld der LUNEX, Luxemburg. Mehr Infos hier! \u2705 international \u2705 vielf\u00e4ltig \u2705 individuell","og_url":"https:\/\/lunex.lu\/de\/campus\/freizeit-sport\/","og_site_name":"LUNEX","article_modified_time":"2026-01-26T09:34:52+00:00","og_image":[{"width":2600,"height":1950,"url":"https:\/\/lunex.lu\/wp-content\/uploads\/IMG_7415-scaled.jpg","type":"image\/jpeg"}],"twitter_card":"summary_large_image","twitter_misc":{"Gesch\u00e4tzte Lesezeit":"3\u00a0Minuten"},"schema":{"@context":"https:\/\/schema.org","@graph":[{"@type":"WebPage","@id":"https:\/\/lunex.lu\/de\/campus\/freizeit-sport\/","url":"https:\/\/lunex.lu\/de\/campus\/freizeit-sport\/","name":"Freizeit & Sport | LUNEX","isPartOf":{"@id":"https:\/\/lunex.lu\/de\/#website"},"primaryImageOfPage":{"@id":"https:\/\/lunex.lu\/de\/campus\/freizeit-sport\/#primaryimage"},"image":{"@id":"https:\/\/lunex.lu\/de\/campus\/freizeit-sport\/#primaryimage"},"thumbnailUrl":"https:\/\/lunex.lu\/wp-content\/uploads\/IMG_7415-scaled.jpg","datePublished":"2020-01-16T13:52:59+00:00","dateModified":"2026-01-26T09:34:52+00:00","description":"Und\u2026 Action! Freizeit- & Sportangebote im Umfeld der LUNEX, Luxemburg. Mehr Infos hier! \u2705 international \u2705 vielf\u00e4ltig \u2705 individuell","breadcrumb":{"@id":"https:\/\/lunex.lu\/de\/campus\/freizeit-sport\/#breadcrumb"},"inLanguage":"de","potentialAction":[{"@type":"ReadAction","target":["https:\/\/lunex.lu\/de\/campus\/freizeit-sport\/"]}]},{"@type":"ImageObject","inLanguage":"de","@id":"https:\/\/lunex.lu\/de\/campus\/freizeit-sport\/#primaryimage","url":"https:\/\/lunex.lu\/wp-content\/uploads\/IMG_7415-scaled.jpg","contentUrl":"https:\/\/lunex.lu\/wp-content\/uploads\/IMG_7415-scaled.jpg","width":2600,"height":1950},{"@type":"BreadcrumbList","@id":"https:\/\/lunex.lu\/de\/campus\/freizeit-sport\/#breadcrumb","itemListElement":[{"@type":"ListItem","position":1,"name":"Home","item":"https:\/\/lunex.lu\/de\/"},{"@type":"ListItem","position":2,"name":"Campus","item":"https:\/\/lunex.lu\/de\/campus\/"},{"@type":"ListItem","position":3,"name":"Freizeit &#038; Sport"}]},{"@type":"WebSite","@id":"https:\/\/lunex.lu\/de\/#website","url":"https:\/\/lunex.lu\/de\/","name":"LUNEX","description":"International University of Health, Exercise &amp; Sports","publisher":{"@id":"https:\/\/lunex.lu\/de\/#organization"},"potentialAction":[{"@type":"SearchAction","target":{"@type":"EntryPoint","urlTemplate":"https:\/\/lunex.lu\/de\/?s={search_term_string}"},"query-input":{"@type":"PropertyValueSpecification","valueRequired":true,"valueName":"search_term_string"}}],"inLanguage":"de"},{"@type":"Organization","@id":"https:\/\/lunex.lu\/de\/#organization","name":"LUNEX University","url":"https:\/\/lunex.lu\/de\/","logo":{"@type":"ImageObject","inLanguage":"de","@id":"https:\/\/lunex.lu\/de\/#\/schema\/logo\/image\/","url":"https:\/\/lunex.lu\/wp-content\/uploads\/logo-mobile.svg","contentUrl":"https:\/\/lunex.lu\/wp-content\/uploads\/logo-mobile.svg","width":1,"height":1,"caption":"LUNEX University"},"image":{"@id":"https:\/\/lunex.lu\/de\/#\/schema\/logo\/image\/"}}]}},"_links":{"self":[{"href":"https:\/\/lunex.lu\/de\/wp-json\/wp\/v2\/pages\/1497","targetHints":{"allow":["GET"]}}],"collection":[{"href":"https:\/\/lunex.lu\/de\/wp-json\/wp\/v2\/pages"}],"about":[{"href":"https:\/\/lunex.lu\/de\/wp-json\/wp\/v2\/types\/page"}],"author":[{"embeddable":true,"href":"https:\/\/lunex.lu\/de\/wp-json\/wp\/v2\/users\/4"}],"replies":[{"embeddable":true,"href":"https:\/\/lunex.lu\/de\/wp-json\/wp\/v2\/comments?post=1497"}],"version-history":[{"count":5,"href":"https:\/\/lunex.lu\/de\/wp-json\/wp\/v2\/pages\/1497\/revisions"}],"predecessor-version":[{"id":29653,"href":"https:\/\/lunex.lu\/de\/wp-json\/wp\/v2\/pages\/1497\/revisions\/29653"}],"up":[{"embeddable":true,"href":"https:\/\/lunex.lu\/de\/wp-json\/wp\/v2\/pages\/877"}],"wp:featuredmedia":[{"embeddable":true,"href":"https:\/\/lunex.lu\/de\/wp-json\/wp\/v2\/media\/29582"}],"wp:attachment":[{"href":"https:\/\/lunex.lu\/de\/wp-json\/wp\/v2\/media?parent=1497"}],"curies":[{"name":"wp","href":"https:\/\/api.w.org\/{rel}","templated":true}]}}