{"id":10162,"date":"2020-09-07T09:08:43","date_gmt":"2020-09-07T07:08:43","guid":{"rendered":"https:\/\/lunex.lu\/?page_id=10162"},"modified":"2024-03-12T15:54:45","modified_gmt":"2024-03-12T14:54:45","slug":"lunex-academy","status":"publish","type":"page","link":"https:\/\/lunex.lu\/de\/hochschule\/lunex-academy\/","title":{"rendered":"LUNEX Academy"},"content":{"rendered":"<div class=\"wpb-content-wrapper\"><p>[vc_section][vc_row][vc_column width=&#8220;2\/3&#8243;][vc_empty_space height=&#8220;100px&#8220; mobile_height=&#8220;50&#8243; tablet_height=&#8220;50&#8243;][vc_column_text]<\/p>\n<h1><span class=\"text-primary text-display\">Weiterbildung auf h\u00f6chstem Niveau:<\/span><br \/>\nDie LUNEX Academy<img loading=\"lazy\" decoding=\"async\" class=\"size-medium wp-image-10172 alignright\" style=\"font-size: 1.125rem; font-weight: 400;\" src=\"https:\/\/lunex.lu\/wp-content\/uploads\/lnx_academy_srgb_sz-300x170.png\" alt=\"\" width=\"300\" height=\"170\" srcset=\"https:\/\/lunex.lu\/wp-content\/uploads\/lnx_academy_srgb_sz-300x170.png 300w, https:\/\/lunex.lu\/wp-content\/uploads\/lnx_academy_srgb_sz-768x435.png 768w, https:\/\/lunex.lu\/wp-content\/uploads\/lnx_academy_srgb_sz.png 1321w\" sizes=\"auto, (max-width: 300px) 100vw, 300px\" \/><\/h1>\n<p class=\"big\">Als Teil der LUNEX veranstaltet die LUNEX Academy hochwertige Weiterbildungsprogramme aus den Bereichen Sport, Gesundheit und Management. Das teilweise mit exklusiven Bildungspartnern realisierte <span style=\"font-size: 1.37475rem;\">Kursangebot richtet sich an Interessierte aus der beruflichen Praxis, die sich gezielt fachlich weiterqualifizieren wollen. Dank einer umfassenden wissenschaftlichen Fundierung, erfahrenen Dozenten, praxisnahen Inhalten und einem perfekt abgestimmten Theorie-Praxis-Transfer erf\u00fcllen alle Bildungsprogramme h\u00f6chste Qualit\u00e4tsanspr\u00fcche. Ausf\u00fchrliche Informationen zu Voraussetzungen, Inhalten und Konditionen finden Sie in der jeweiligen Kursbeschreibung.<\/span><\/p>\n<p>[\/vc_column_text][vc_empty_space height=&#8220;100px&#8220; mobile_height=&#8220;50&#8243; tablet_height=&#8220;50&#8243;][\/vc_column][vc_column width=&#8220;1\/3&#8243;][\/vc_column][\/vc_row][\/vc_section][vc_section full_width=&#8220;stretch_row&#8220; section_background=&#8220;bg-light&#8220;][vc_row][vc_column][vc_empty_space height=&#8220;100px&#8220; mobile_height=&#8220;50&#8243; tablet_height=&#8220;50&#8243;][dhsv_vc_simple_accordion_container heading=&#8220;Unser aktuelles Kursangebot&#8220; expand_all=&#8220;true&#8220;][dhsv_vc_simple_accordion_item title=&#8220;Change Management &amp; Innovation&#8220;]<\/p>\n<ul>\n<li>Termin: Einstieg jederzeit m\u00f6glich<\/li>\n<li>Dauer: Sechs Monate<\/li>\n<li>Format: Onlinekurs<\/li>\n<li>Credit Points: 20 ECTS<\/li>\n<li>Anmeldung und weitere Informationen: <a href=\"https:\/\/fernstudium.study\/universitaetszertifikat-change-management-und-innovation\/\" target=\"_blank\" rel=\"noopener\">Change Management &amp; Innovation<\/a><\/li>\n<\/ul>\n<p>&nbsp;<\/p>\n<p><img loading=\"lazy\" decoding=\"async\" class=\"wp-image-10213 alignnone\" src=\"https:\/\/lunex.lu\/wp-content\/uploads\/Logo_ELG_hoch_300dpi_png-250x250.png\" alt=\"\" width=\"100\" height=\"134\" srcset=\"https:\/\/lunex.lu\/wp-content\/uploads\/Logo_ELG_hoch_300dpi_png-224x300.png 224w, https:\/\/lunex.lu\/wp-content\/uploads\/Logo_ELG_hoch_300dpi_png-1194x1600.png 1194w, https:\/\/lunex.lu\/wp-content\/uploads\/Logo_ELG_hoch_300dpi_png-768x1029.png 768w, https:\/\/lunex.lu\/wp-content\/uploads\/Logo_ELG_hoch_300dpi_png-1147x1536.png 1147w, https:\/\/lunex.lu\/wp-content\/uploads\/Logo_ELG_hoch_300dpi_png-1529x2048.png 1529w, https:\/\/lunex.lu\/wp-content\/uploads\/Logo_ELG_hoch_300dpi_png.png 1599w\" sizes=\"auto, (max-width: 100px) 100vw, 100px\" \/><\/p>\n<p>Dieser Kurs wird in Kooperation mit der <a href=\"https:\/\/fernstudium.study\/\">E-Learning Group (ELG)<\/a> realisiert.[\/dhsv_vc_simple_accordion_item][dhsv_vc_simple_accordion_item title=&#8220;Digital Business Management&#8220;]<\/p>\n<ul>\n<li>Termin: Einstieg jederzeit m\u00f6glich<\/li>\n<li>Dauer: Sechs Monate<\/li>\n<li>Format: Onlinekurs<\/li>\n<li>Credit Points: 20 ECTS<\/li>\n<li>Anmeldung und weitere Informationen:\u00a0<a href=\"https:\/\/fernstudium.study\/universitaetszertifikat\/universitaetszertifikat-digital-business-management\/\" target=\"_blank\" rel=\"noopener noreferrer\">Digital Business Management<\/a><\/li>\n<\/ul>\n<p>&nbsp;<\/p>\n<p><img loading=\"lazy\" decoding=\"async\" class=\"wp-image-10213 alignnone\" src=\"https:\/\/lunex.lu\/wp-content\/uploads\/Logo_ELG_hoch_300dpi_png-250x250.png\" alt=\"\" width=\"100\" height=\"134\" srcset=\"https:\/\/lunex.lu\/wp-content\/uploads\/Logo_ELG_hoch_300dpi_png-224x300.png 224w, https:\/\/lunex.lu\/wp-content\/uploads\/Logo_ELG_hoch_300dpi_png-1194x1600.png 1194w, https:\/\/lunex.lu\/wp-content\/uploads\/Logo_ELG_hoch_300dpi_png-768x1029.png 768w, https:\/\/lunex.lu\/wp-content\/uploads\/Logo_ELG_hoch_300dpi_png-1147x1536.png 1147w, https:\/\/lunex.lu\/wp-content\/uploads\/Logo_ELG_hoch_300dpi_png-1529x2048.png 1529w, https:\/\/lunex.lu\/wp-content\/uploads\/Logo_ELG_hoch_300dpi_png.png 1599w\" sizes=\"auto, (max-width: 100px) 100vw, 100px\" \/><\/p>\n<p>Dieser Kurs wird in Kooperation mit der <a href=\"https:\/\/fernstudium.study\/\">E-Learning Group (ELG)<\/a> realisiert.[\/dhsv_vc_simple_accordion_item][dhsv_vc_simple_accordion_item title=&#8220;Digital Marketing Management&#8220;]<\/p>\n<ul>\n<li>Termin: Einstieg jederzeit m\u00f6glich<\/li>\n<li>Dauer: Sechs Monate<\/li>\n<li>Format: Onlinekurs<\/li>\n<li>Credit Points: 20 ECTS<\/li>\n<li>Anmeldung und weitere Informationen:\u00a0<a href=\"https:\/\/fernstudium.study\/universitaetszertifikat\/universitaetszertifikat-digital-marketing-management\/\" target=\"_blank\" rel=\"noopener noreferrer\">Digital Marketing Management<\/a><\/li>\n<\/ul>\n<p>&nbsp;<\/p>\n<p><img loading=\"lazy\" decoding=\"async\" class=\"wp-image-10213 alignnone\" src=\"https:\/\/lunex.lu\/wp-content\/uploads\/Logo_ELG_hoch_300dpi_png-250x250.png\" alt=\"\" width=\"100\" height=\"134\" srcset=\"https:\/\/lunex.lu\/wp-content\/uploads\/Logo_ELG_hoch_300dpi_png-224x300.png 224w, https:\/\/lunex.lu\/wp-content\/uploads\/Logo_ELG_hoch_300dpi_png-1194x1600.png 1194w, https:\/\/lunex.lu\/wp-content\/uploads\/Logo_ELG_hoch_300dpi_png-768x1029.png 768w, https:\/\/lunex.lu\/wp-content\/uploads\/Logo_ELG_hoch_300dpi_png-1147x1536.png 1147w, https:\/\/lunex.lu\/wp-content\/uploads\/Logo_ELG_hoch_300dpi_png-1529x2048.png 1529w, https:\/\/lunex.lu\/wp-content\/uploads\/Logo_ELG_hoch_300dpi_png.png 1599w\" sizes=\"auto, (max-width: 100px) 100vw, 100px\" \/><\/p>\n<p>Dieser Kurs wird in Kooperation mit der <a href=\"https:\/\/fernstudium.study\/\">E-Learning Group (ELG)<\/a> realisiert.[\/dhsv_vc_simple_accordion_item][dhsv_vc_simple_accordion_item title=&#8220;Financial Management und Controlling&#8220;]<\/p>\n<ul>\n<li>Termin: Einstieg jederzeit m\u00f6glich<\/li>\n<li>Dauer: Sechs Monate<\/li>\n<li>Format: Onlinekurs<\/li>\n<li>Credit Points: 20 ECTS<\/li>\n<li>Anmeldung und weitere Informationen: <a href=\"https:\/\/fernstudium.study\/universitaetszertifikat\/universitaetszertifikat-financial-management-und-controlling\/\" target=\"_blank\" rel=\"noopener noreferrer\">Financial Management und Controlling<\/a><\/li>\n<\/ul>\n<p>&nbsp;<\/p>\n<p><img loading=\"lazy\" decoding=\"async\" class=\"wp-image-10213 alignnone\" src=\"https:\/\/lunex.lu\/wp-content\/uploads\/Logo_ELG_hoch_300dpi_png-250x250.png\" alt=\"\" width=\"100\" height=\"134\" srcset=\"https:\/\/lunex.lu\/wp-content\/uploads\/Logo_ELG_hoch_300dpi_png-224x300.png 224w, https:\/\/lunex.lu\/wp-content\/uploads\/Logo_ELG_hoch_300dpi_png-1194x1600.png 1194w, https:\/\/lunex.lu\/wp-content\/uploads\/Logo_ELG_hoch_300dpi_png-768x1029.png 768w, https:\/\/lunex.lu\/wp-content\/uploads\/Logo_ELG_hoch_300dpi_png-1147x1536.png 1147w, https:\/\/lunex.lu\/wp-content\/uploads\/Logo_ELG_hoch_300dpi_png-1529x2048.png 1529w, https:\/\/lunex.lu\/wp-content\/uploads\/Logo_ELG_hoch_300dpi_png.png 1599w\" sizes=\"auto, (max-width: 100px) 100vw, 100px\" \/><\/p>\n<p>Dieser Kurs wird in Kooperation mit der <a href=\"https:\/\/fernstudium.study\/\">E-Learning Group (ELG)<\/a> realisiert.[\/dhsv_vc_simple_accordion_item][dhsv_vc_simple_accordion_item title=&#8220;F\u00fchrung und Positive Leadership&#8220;]<\/p>\n<ul>\n<li>Termin: Einstieg jederzeit m\u00f6glich<\/li>\n<li>Dauer: Sechs Monate<\/li>\n<li>Format: Onlinekurs<\/li>\n<li>Credit Points: 20 ECTS<\/li>\n<li>Anmeldung und weitere Informationen: <a href=\"https:\/\/fernstudium.study\/universitaetszertifikat-fuehrung-und-positive-leadership\/\" target=\"_blank\" rel=\"noopener\">F\u00fchrung und Positive Leadership<\/a><\/li>\n<\/ul>\n<p>&nbsp;<\/p>\n<p><img loading=\"lazy\" decoding=\"async\" class=\"wp-image-10213 alignnone\" src=\"https:\/\/lunex.lu\/wp-content\/uploads\/Logo_ELG_hoch_300dpi_png-250x250.png\" alt=\"\" width=\"100\" height=\"134\" srcset=\"https:\/\/lunex.lu\/wp-content\/uploads\/Logo_ELG_hoch_300dpi_png-224x300.png 224w, https:\/\/lunex.lu\/wp-content\/uploads\/Logo_ELG_hoch_300dpi_png-1194x1600.png 1194w, https:\/\/lunex.lu\/wp-content\/uploads\/Logo_ELG_hoch_300dpi_png-768x1029.png 768w, https:\/\/lunex.lu\/wp-content\/uploads\/Logo_ELG_hoch_300dpi_png-1147x1536.png 1147w, https:\/\/lunex.lu\/wp-content\/uploads\/Logo_ELG_hoch_300dpi_png-1529x2048.png 1529w, https:\/\/lunex.lu\/wp-content\/uploads\/Logo_ELG_hoch_300dpi_png.png 1599w\" sizes=\"auto, (max-width: 100px) 100vw, 100px\" \/><\/p>\n<p>Dieser Kurs wird in Kooperation mit der <a href=\"https:\/\/fernstudium.study\/\">E-Learning Group (ELG)<\/a> realisiert.[\/dhsv_vc_simple_accordion_item][dhsv_vc_simple_accordion_item title=&#8220;General Management&#8220;]<\/p>\n<ul>\n<li>Termin: Einstieg jederzeit m\u00f6glich<\/li>\n<li>Dauer: Sechs Monate<\/li>\n<li>Format: Onlinekurs<\/li>\n<li>Credit Points: 20 ECTS<\/li>\n<li>Anmeldung und weitere Informationen: <a href=\"https:\/\/fernstudium.study\/universitaetszertifikat\/universitaetszertifikat-general-management\/\" target=\"_blank\" rel=\"noopener noreferrer\">General Management<\/a><\/li>\n<\/ul>\n<p>&nbsp;<\/p>\n<p><img loading=\"lazy\" decoding=\"async\" class=\"wp-image-10213 alignnone\" src=\"https:\/\/lunex.lu\/wp-content\/uploads\/Logo_ELG_hoch_300dpi_png-250x250.png\" alt=\"\" width=\"100\" height=\"134\" srcset=\"https:\/\/lunex.lu\/wp-content\/uploads\/Logo_ELG_hoch_300dpi_png-224x300.png 224w, https:\/\/lunex.lu\/wp-content\/uploads\/Logo_ELG_hoch_300dpi_png-1194x1600.png 1194w, https:\/\/lunex.lu\/wp-content\/uploads\/Logo_ELG_hoch_300dpi_png-768x1029.png 768w, https:\/\/lunex.lu\/wp-content\/uploads\/Logo_ELG_hoch_300dpi_png-1147x1536.png 1147w, https:\/\/lunex.lu\/wp-content\/uploads\/Logo_ELG_hoch_300dpi_png-1529x2048.png 1529w, https:\/\/lunex.lu\/wp-content\/uploads\/Logo_ELG_hoch_300dpi_png.png 1599w\" sizes=\"auto, (max-width: 100px) 100vw, 100px\" \/><\/p>\n<p>Dieser Kurs wird in Kooperation mit der <a href=\"https:\/\/fernstudium.study\/\">E-Learning Group (ELG)<\/a> realisiert.[\/dhsv_vc_simple_accordion_item][dhsv_vc_simple_accordion_item title=&#8220;New Work und Personalentwicklung&#8220;]<\/p>\n<ul>\n<li>Termin: Einstieg jederzeit m\u00f6glich<\/li>\n<li>Dauer: Sechs Monate<\/li>\n<li>Format: Onlinekurs<\/li>\n<li>Credit Points: 20 ECTS<\/li>\n<li>Anmeldung und weitere Informationen: <a href=\"https:\/\/fernstudium.study\/universitaetszertifikat-new-work-und-personalentwicklung\/\" target=\"_blank\" rel=\"noopener\">New Work und Personalentwicklung<\/a><\/li>\n<\/ul>\n<p>&nbsp;<\/p>\n<p><img loading=\"lazy\" decoding=\"async\" class=\"wp-image-10213 alignnone\" src=\"https:\/\/lunex.lu\/wp-content\/uploads\/Logo_ELG_hoch_300dpi_png-250x250.png\" alt=\"\" width=\"100\" height=\"134\" srcset=\"https:\/\/lunex.lu\/wp-content\/uploads\/Logo_ELG_hoch_300dpi_png-224x300.png 224w, https:\/\/lunex.lu\/wp-content\/uploads\/Logo_ELG_hoch_300dpi_png-1194x1600.png 1194w, https:\/\/lunex.lu\/wp-content\/uploads\/Logo_ELG_hoch_300dpi_png-768x1029.png 768w, https:\/\/lunex.lu\/wp-content\/uploads\/Logo_ELG_hoch_300dpi_png-1147x1536.png 1147w, https:\/\/lunex.lu\/wp-content\/uploads\/Logo_ELG_hoch_300dpi_png-1529x2048.png 1529w, https:\/\/lunex.lu\/wp-content\/uploads\/Logo_ELG_hoch_300dpi_png.png 1599w\" sizes=\"auto, (max-width: 100px) 100vw, 100px\" \/><\/p>\n<p>Dieser Kurs wird in Kooperation mit der <a href=\"https:\/\/fernstudium.study\/\">E-Learning Group (ELG)<\/a> realisiert.[\/dhsv_vc_simple_accordion_item][dhsv_vc_simple_accordion_item title=&#8220;Projekt- und Prozessmanagement&#8220;]<\/p>\n<ul>\n<li>Termin: Einstieg jederzeit m\u00f6glich<\/li>\n<li>Dauer: Sechs Monate<\/li>\n<li>Format: Onlinekurs<\/li>\n<li>Credit Points: 20 ECTS<\/li>\n<li>Anmeldung und weitere Informationen: <a href=\"https:\/\/fernstudium.study\/universitaetszertifikat\/universitaetszertifikat-projektmanagement-und-prozessmanagement\/\" target=\"_blank\" rel=\"noopener noreferrer\">Projekt- und Prozessmanagement<\/a><\/li>\n<\/ul>\n<p>&nbsp;<\/p>\n<p><img loading=\"lazy\" decoding=\"async\" class=\"wp-image-10213 alignnone\" src=\"https:\/\/lunex.lu\/wp-content\/uploads\/Logo_ELG_hoch_300dpi_png-250x250.png\" alt=\"\" width=\"100\" height=\"134\" srcset=\"https:\/\/lunex.lu\/wp-content\/uploads\/Logo_ELG_hoch_300dpi_png-224x300.png 224w, https:\/\/lunex.lu\/wp-content\/uploads\/Logo_ELG_hoch_300dpi_png-1194x1600.png 1194w, https:\/\/lunex.lu\/wp-content\/uploads\/Logo_ELG_hoch_300dpi_png-768x1029.png 768w, https:\/\/lunex.lu\/wp-content\/uploads\/Logo_ELG_hoch_300dpi_png-1147x1536.png 1147w, https:\/\/lunex.lu\/wp-content\/uploads\/Logo_ELG_hoch_300dpi_png-1529x2048.png 1529w, https:\/\/lunex.lu\/wp-content\/uploads\/Logo_ELG_hoch_300dpi_png.png 1599w\" sizes=\"auto, (max-width: 100px) 100vw, 100px\" \/><\/p>\n<p>Dieser Kurs wird in Kooperation mit der <a href=\"https:\/\/fernstudium.study\/\">E-Learning Group (ELG)<\/a> realisiert.[\/dhsv_vc_simple_accordion_item][\/dhsv_vc_simple_accordion_container][vc_empty_space height=&#8220;100px&#8220; mobile_height=&#8220;50&#8243; tablet_height=&#8220;50&#8243;][\/vc_column][\/vc_row][\/vc_section][vc_section][vc_row][vc_column][vc_empty_space height=&#8220;100px&#8220; mobile_height=&#8220;50&#8243; tablet_height=&#8220;50&#8243;][dhsv_vc_cta image=&#8220;6858&#8243;]<\/p>\n<h2 class=\"h1\"><span class=\"text-primary text-display\">Noch Fragen?<\/span><br \/>\nKontaktieren Sie uns<\/h2>\n<p>Sie haben noch Fragen oder ben\u00f6tigen weitere Informationen zu den Weiterbildungsangeboten der LUNEX Academy an der LUNEX? Senden Sie uns einfach eine E-Mail an <a href=\"mailto:info@lunex.lu\">info@lunex.lu<\/a> \u2013 wir melden uns schnellstm\u00f6glich bei Ihnen zur\u00fcck.[\/dhsv_vc_cta][\/vc_column][\/vc_row][\/vc_section]<\/p>\n<\/div>","protected":false},"excerpt":{"rendered":"<p>[vc_section][vc_row][vc_column width=&#8220;2\/3&#8243;][vc_empty_space height=&#8220;100px&#8220; mobile_height=&#8220;50&#8243; tablet_height=&#8220;50&#8243;][vc_column_text] Weiterbildung auf h\u00f6chstem Niveau: Die LUNEX Academy Als Teil der LUNEX veranstaltet die LUNEX Academy hochwertige Weiterbildungsprogramme aus den Bereichen Sport, Gesundheit und Management. Das teilweise mit exklusiven Bildungspartnern realisierte Kursangebot richtet sich an Interessierte aus der beruflichen Praxis, die sich gezielt fachlich weiterqualifizieren wollen. Dank einer umfassenden wissenschaftlichen Fundierung, &hellip;<\/p>\n","protected":false},"author":56,"featured_media":0,"parent":489,"menu_order":215,"comment_status":"closed","ping_status":"closed","template":"","meta":{"_acf_changed":false,"footnotes":""},"class_list":["post-10162","page","type-page","status-publish","hentry"],"acf":[],"yoast_head":"<!-- This site is optimized with the Yoast SEO plugin v27.3 - https:\/\/yoast.com\/product\/yoast-seo-wordpress\/ -->\n<title>LUNEX Academy | LUNEX<\/title>\n<meta name=\"description\" content=\"Die LUNEX Academy bietet Weiterbildungen auf h\u00f6chstem Niveau an der LUNEX University, Luxemburg. Mehr Infos hier! \u2705 international \u2705 modern \u2705 praxisnah\" \/>\n<meta name=\"robots\" content=\"index, follow, max-snippet:-1, max-image-preview:large, max-video-preview:-1\" \/>\n<link rel=\"canonical\" href=\"https:\/\/lunex.lu\/de\/hochschule\/lunex-academy\/\" \/>\n<meta property=\"og:locale\" content=\"de_DE\" \/>\n<meta property=\"og:type\" content=\"article\" \/>\n<meta property=\"og:title\" content=\"LUNEX Academy | LUNEX\" \/>\n<meta property=\"og:description\" content=\"Die LUNEX Academy bietet Weiterbildungen auf h\u00f6chstem Niveau an der LUNEX University, Luxemburg. Mehr Infos hier! \u2705 international \u2705 modern \u2705 praxisnah\" \/>\n<meta property=\"og:url\" content=\"https:\/\/lunex.lu\/de\/hochschule\/lunex-academy\/\" \/>\n<meta property=\"og:site_name\" content=\"LUNEX\" \/>\n<meta property=\"article:modified_time\" content=\"2024-03-12T14:54:45+00:00\" \/>\n<meta property=\"og:image\" content=\"https:\/\/lunex.lu\/wp-content\/uploads\/lnx_academy_srgb_sz-300x170.png\" \/>\n<meta name=\"twitter:card\" content=\"summary_large_image\" \/>\n<meta name=\"twitter:label1\" content=\"Gesch\u00e4tzte Lesezeit\" \/>\n\t<meta name=\"twitter:data1\" content=\"4\u00a0Minuten\" \/>\n<script type=\"application\/ld+json\" class=\"yoast-schema-graph\">{\"@context\":\"https:\\\/\\\/schema.org\",\"@graph\":[{\"@type\":\"WebPage\",\"@id\":\"https:\\\/\\\/lunex.lu\\\/de\\\/hochschule\\\/lunex-academy\\\/\",\"url\":\"https:\\\/\\\/lunex.lu\\\/de\\\/hochschule\\\/lunex-academy\\\/\",\"name\":\"LUNEX Academy | LUNEX\",\"isPartOf\":{\"@id\":\"https:\\\/\\\/lunex.lu\\\/de\\\/#website\"},\"primaryImageOfPage\":{\"@id\":\"https:\\\/\\\/lunex.lu\\\/de\\\/hochschule\\\/lunex-academy\\\/#primaryimage\"},\"image\":{\"@id\":\"https:\\\/\\\/lunex.lu\\\/de\\\/hochschule\\\/lunex-academy\\\/#primaryimage\"},\"thumbnailUrl\":\"https:\\\/\\\/lunex.lu\\\/wp-content\\\/uploads\\\/lnx_academy_srgb_sz-300x170.png\",\"datePublished\":\"2020-09-07T07:08:43+00:00\",\"dateModified\":\"2024-03-12T14:54:45+00:00\",\"description\":\"Die LUNEX Academy bietet Weiterbildungen auf h\u00f6chstem Niveau an der LUNEX University, Luxemburg. Mehr Infos hier! \u2705 international \u2705 modern \u2705 praxisnah\",\"breadcrumb\":{\"@id\":\"https:\\\/\\\/lunex.lu\\\/de\\\/hochschule\\\/lunex-academy\\\/#breadcrumb\"},\"inLanguage\":\"de\",\"potentialAction\":[{\"@type\":\"ReadAction\",\"target\":[\"https:\\\/\\\/lunex.lu\\\/de\\\/hochschule\\\/lunex-academy\\\/\"]}]},{\"@type\":\"ImageObject\",\"inLanguage\":\"de\",\"@id\":\"https:\\\/\\\/lunex.lu\\\/de\\\/hochschule\\\/lunex-academy\\\/#primaryimage\",\"url\":\"https:\\\/\\\/lunex.lu\\\/wp-content\\\/uploads\\\/lnx_academy_srgb_sz-300x170.png\",\"contentUrl\":\"https:\\\/\\\/lunex.lu\\\/wp-content\\\/uploads\\\/lnx_academy_srgb_sz-300x170.png\"},{\"@type\":\"BreadcrumbList\",\"@id\":\"https:\\\/\\\/lunex.lu\\\/de\\\/hochschule\\\/lunex-academy\\\/#breadcrumb\",\"itemListElement\":[{\"@type\":\"ListItem\",\"position\":1,\"name\":\"Home\",\"item\":\"https:\\\/\\\/lunex.lu\\\/de\\\/\"},{\"@type\":\"ListItem\",\"position\":2,\"name\":\"Hochschule\",\"item\":\"https:\\\/\\\/lunex.lu\\\/de\\\/hochschule\\\/\"},{\"@type\":\"ListItem\",\"position\":3,\"name\":\"LUNEX Academy\"}]},{\"@type\":\"WebSite\",\"@id\":\"https:\\\/\\\/lunex.lu\\\/de\\\/#website\",\"url\":\"https:\\\/\\\/lunex.lu\\\/de\\\/\",\"name\":\"LUNEX\",\"description\":\"International University of Health, Exercise &amp; Sports\",\"publisher\":{\"@id\":\"https:\\\/\\\/lunex.lu\\\/de\\\/#organization\"},\"potentialAction\":[{\"@type\":\"SearchAction\",\"target\":{\"@type\":\"EntryPoint\",\"urlTemplate\":\"https:\\\/\\\/lunex.lu\\\/de\\\/?s={search_term_string}\"},\"query-input\":{\"@type\":\"PropertyValueSpecification\",\"valueRequired\":true,\"valueName\":\"search_term_string\"}}],\"inLanguage\":\"de\"},{\"@type\":\"Organization\",\"@id\":\"https:\\\/\\\/lunex.lu\\\/de\\\/#organization\",\"name\":\"LUNEX University\",\"url\":\"https:\\\/\\\/lunex.lu\\\/de\\\/\",\"logo\":{\"@type\":\"ImageObject\",\"inLanguage\":\"de\",\"@id\":\"https:\\\/\\\/lunex.lu\\\/de\\\/#\\\/schema\\\/logo\\\/image\\\/\",\"url\":\"https:\\\/\\\/lunex.lu\\\/wp-content\\\/uploads\\\/logo-mobile.svg\",\"contentUrl\":\"https:\\\/\\\/lunex.lu\\\/wp-content\\\/uploads\\\/logo-mobile.svg\",\"width\":1,\"height\":1,\"caption\":\"LUNEX University\"},\"image\":{\"@id\":\"https:\\\/\\\/lunex.lu\\\/de\\\/#\\\/schema\\\/logo\\\/image\\\/\"}}]}<\/script>\n<!-- \/ Yoast SEO plugin. -->","yoast_head_json":{"title":"LUNEX Academy | LUNEX","description":"Die LUNEX Academy bietet Weiterbildungen auf h\u00f6chstem Niveau an der LUNEX University, Luxemburg. Mehr Infos hier! \u2705 international \u2705 modern \u2705 praxisnah","robots":{"index":"index","follow":"follow","max-snippet":"max-snippet:-1","max-image-preview":"max-image-preview:large","max-video-preview":"max-video-preview:-1"},"canonical":"https:\/\/lunex.lu\/de\/hochschule\/lunex-academy\/","og_locale":"de_DE","og_type":"article","og_title":"LUNEX Academy | LUNEX","og_description":"Die LUNEX Academy bietet Weiterbildungen auf h\u00f6chstem Niveau an der LUNEX University, Luxemburg. Mehr Infos hier! \u2705 international \u2705 modern \u2705 praxisnah","og_url":"https:\/\/lunex.lu\/de\/hochschule\/lunex-academy\/","og_site_name":"LUNEX","article_modified_time":"2024-03-12T14:54:45+00:00","og_image":[{"url":"https:\/\/lunex.lu\/wp-content\/uploads\/lnx_academy_srgb_sz-300x170.png","type":"","width":"","height":""}],"twitter_card":"summary_large_image","twitter_misc":{"Gesch\u00e4tzte Lesezeit":"4\u00a0Minuten"},"schema":{"@context":"https:\/\/schema.org","@graph":[{"@type":"WebPage","@id":"https:\/\/lunex.lu\/de\/hochschule\/lunex-academy\/","url":"https:\/\/lunex.lu\/de\/hochschule\/lunex-academy\/","name":"LUNEX Academy | LUNEX","isPartOf":{"@id":"https:\/\/lunex.lu\/de\/#website"},"primaryImageOfPage":{"@id":"https:\/\/lunex.lu\/de\/hochschule\/lunex-academy\/#primaryimage"},"image":{"@id":"https:\/\/lunex.lu\/de\/hochschule\/lunex-academy\/#primaryimage"},"thumbnailUrl":"https:\/\/lunex.lu\/wp-content\/uploads\/lnx_academy_srgb_sz-300x170.png","datePublished":"2020-09-07T07:08:43+00:00","dateModified":"2024-03-12T14:54:45+00:00","description":"Die LUNEX Academy bietet Weiterbildungen auf h\u00f6chstem Niveau an der LUNEX University, Luxemburg. Mehr Infos hier! \u2705 international \u2705 modern \u2705 praxisnah","breadcrumb":{"@id":"https:\/\/lunex.lu\/de\/hochschule\/lunex-academy\/#breadcrumb"},"inLanguage":"de","potentialAction":[{"@type":"ReadAction","target":["https:\/\/lunex.lu\/de\/hochschule\/lunex-academy\/"]}]},{"@type":"ImageObject","inLanguage":"de","@id":"https:\/\/lunex.lu\/de\/hochschule\/lunex-academy\/#primaryimage","url":"https:\/\/lunex.lu\/wp-content\/uploads\/lnx_academy_srgb_sz-300x170.png","contentUrl":"https:\/\/lunex.lu\/wp-content\/uploads\/lnx_academy_srgb_sz-300x170.png"},{"@type":"BreadcrumbList","@id":"https:\/\/lunex.lu\/de\/hochschule\/lunex-academy\/#breadcrumb","itemListElement":[{"@type":"ListItem","position":1,"name":"Home","item":"https:\/\/lunex.lu\/de\/"},{"@type":"ListItem","position":2,"name":"Hochschule","item":"https:\/\/lunex.lu\/de\/hochschule\/"},{"@type":"ListItem","position":3,"name":"LUNEX Academy"}]},{"@type":"WebSite","@id":"https:\/\/lunex.lu\/de\/#website","url":"https:\/\/lunex.lu\/de\/","name":"LUNEX","description":"International University of Health, Exercise &amp; Sports","publisher":{"@id":"https:\/\/lunex.lu\/de\/#organization"},"potentialAction":[{"@type":"SearchAction","target":{"@type":"EntryPoint","urlTemplate":"https:\/\/lunex.lu\/de\/?s={search_term_string}"},"query-input":{"@type":"PropertyValueSpecification","valueRequired":true,"valueName":"search_term_string"}}],"inLanguage":"de"},{"@type":"Organization","@id":"https:\/\/lunex.lu\/de\/#organization","name":"LUNEX University","url":"https:\/\/lunex.lu\/de\/","logo":{"@type":"ImageObject","inLanguage":"de","@id":"https:\/\/lunex.lu\/de\/#\/schema\/logo\/image\/","url":"https:\/\/lunex.lu\/wp-content\/uploads\/logo-mobile.svg","contentUrl":"https:\/\/lunex.lu\/wp-content\/uploads\/logo-mobile.svg","width":1,"height":1,"caption":"LUNEX University"},"image":{"@id":"https:\/\/lunex.lu\/de\/#\/schema\/logo\/image\/"}}]}},"_links":{"self":[{"href":"https:\/\/lunex.lu\/de\/wp-json\/wp\/v2\/pages\/10162","targetHints":{"allow":["GET"]}}],"collection":[{"href":"https:\/\/lunex.lu\/de\/wp-json\/wp\/v2\/pages"}],"about":[{"href":"https:\/\/lunex.lu\/de\/wp-json\/wp\/v2\/types\/page"}],"author":[{"embeddable":true,"href":"https:\/\/lunex.lu\/de\/wp-json\/wp\/v2\/users\/56"}],"replies":[{"embeddable":true,"href":"https:\/\/lunex.lu\/de\/wp-json\/wp\/v2\/comments?post=10162"}],"version-history":[{"count":5,"href":"https:\/\/lunex.lu\/de\/wp-json\/wp\/v2\/pages\/10162\/revisions"}],"predecessor-version":[{"id":25926,"href":"https:\/\/lunex.lu\/de\/wp-json\/wp\/v2\/pages\/10162\/revisions\/25926"}],"up":[{"embeddable":true,"href":"https:\/\/lunex.lu\/de\/wp-json\/wp\/v2\/pages\/489"}],"wp:attachment":[{"href":"https:\/\/lunex.lu\/de\/wp-json\/wp\/v2\/media?parent=10162"}],"curies":[{"name":"wp","href":"https:\/\/api.w.org\/{rel}","templated":true}]}}